{"id":24734,"date":"2000-12-24T00:00:00","date_gmt":"2000-12-23T22:00:00","guid":{"rendered":"https:\/\/www.ircica.org\/publications\/non%20class\u00e9\/world-bibliography-of-translations-of-the-holy-quran-in-manuscript-form-i-turkish-persian-and-urdu-translations-excluded"},"modified":"2024-06-28T10:30:32","modified_gmt":"2024-06-28T07:30:32","slug":"world-bibliography-of-translations-of-the-holy-quran-in-manuscript-form-i-turkish-persian-and-urdu-translations-excluded","status":"publish","type":"product","link":"https:\/\/www.ircica.org\/fr\/publications\/bibliographies-catalogues\/bibliographie-mondiale-des-traductions-du-saint-coran-sous-forme-manuscrite-i","title":{"rendered":"Bibliographie mondiale des traductions du Saint Coran sous forme manuscrite I"},"content":{"rendered":"<p>Bibliographie couvrant les traductions et les ex\u00e9g\u00e8ses du Saint Coran sous forme manuscrite qui sont conserv\u00e9es dans les biblioth\u00e8ques, les institutions d&rsquo;archives, les collections publiques et priv\u00e9es \u00e0 travers le monde. Le premier volume comprend des donn\u00e9es bibliographiques pour 293 traductions manuscrites dans 58 langues et dialectes \u00e0 l&rsquo;exclusion du turc, du persan et de l&rsquo;ourdou. Les autres volumes de la s\u00e9rie concernent s\u00e9par\u00e9ment les traductions en turc et en ourdou.<\/p>\n","protected":false},"excerpt":{"rendered":"<p>(Traductions en Turc, Persan et Ourdou exclues)<br \/>\nCompil\u00e9 par M. Nejat Sefercio\u011flu<br \/>\nIstanbul, 2000 (en anglais)<\/p>\n","protected":false},"featured_media":24732,"template":"","meta":{"_acf_changed":false,"_mi_skip_tracking":false},"product_cat":[183],"product_tag":[],"class_list":{"0":"post-24734","1":"product","2":"type-product","3":"status-publish","4":"has-post-thumbnail","6":"product_cat-bibliographies-catalogues-3","8":"first","9":"instock","10":"shipping-taxable","11":"product-type-simple"},"acf":[],"aioseo_notices":[],"_links":{"self":[{"href":"https:\/\/www.ircica.org\/fr\/wp-json\/wp\/v2\/product\/24734","targetHints":{"allow":["GET"]}}],"collection":[{"href":"https:\/\/www.ircica.org\/fr\/wp-json\/wp\/v2\/product"}],"about":[{"href":"https:\/\/www.ircica.org\/fr\/wp-json\/wp\/v2\/types\/product"}],"wp:featuredmedia":[{"embeddable":true,"href":"https:\/\/www.ircica.org\/fr\/wp-json\/wp\/v2\/media\/24732"}],"wp:attachment":[{"href":"https:\/\/www.ircica.org\/fr\/wp-json\/wp\/v2\/media?parent=24734"}],"wp:term":[{"taxonomy":"product_cat","embeddable":true,"href":"https:\/\/www.ircica.org\/fr\/wp-json\/wp\/v2\/product_cat?post=24734"},{"taxonomy":"product_tag","embeddable":true,"href":"https:\/\/www.ircica.org\/fr\/wp-json\/wp\/v2\/product_tag?post=24734"}],"curies":[{"name":"wp","href":"https:\/\/api.w.org\/{rel}","templated":true}]}}