{"id":24743,"date":"2009-12-05T00:00:00","date_gmt":"2009-12-04T22:00:00","guid":{"rendered":"https:\/\/www.ircica.org\/publications\/non%20class\u00e9\/world-bibliography-of-translations-of-the-holy-quran-in-manuscript-form-ii-translations-in-urdu"},"modified":"2024-06-28T10:30:13","modified_gmt":"2024-06-28T07:30:13","slug":"world-bibliography-of-translations-of-the-holy-quran-in-manuscript-form-ii-translations-in-urdu","status":"publish","type":"product","link":"https:\/\/www.ircica.org\/fr\/publications\/bibliographies-catalogues\/bibliographie-mondiale-des-traductions-du-saint-coran-sous-forme-manuscrite-ii","title":{"rendered":"Bibliographie mondiale des traductions du Saint Coran sous forme manuscrite II"},"content":{"rendered":"<p>Ce deuxi\u00e8me volume dans la s\u00e9rie de l\u2019IRCICA intitul\u00e9e \u00ab \u00c9tudes sur les copies et traductions du Saint Coran \u00bb est consacr\u00e9 aux traductions manuscrites en ourdou. Il a \u00e9t\u00e9 compil\u00e9 par le Dr Ahmad Khan, un \u00e9minent expert en \u00e9tudes de manuscrits au Pakistan. Le Dr. Khan a collect\u00e9 des donn\u00e9es et des informations provenant de diverses biblioth\u00e8ques et de tous les catalogues disponibles. Le livre comporte l\u2019introduction du Dr. Khan, qui est en elle-m\u00eame une \u00e9tude importante des divers aspects des traductions et des ex\u00e9g\u00e8ses manuscrites du Coran en ourdou.<\/p>\n","protected":false},"excerpt":{"rendered":"<p>(Traductions en Ourdou)<br \/>\nPr\u00e9par\u00e9 par Ahmad Khan<br \/>\nIstanbul, 2009 (en anglais)<\/p>\n","protected":false},"featured_media":24741,"template":"","meta":{"_acf_changed":false,"_mi_skip_tracking":false},"product_cat":[183],"product_tag":[],"class_list":{"0":"post-24743","1":"product","2":"type-product","3":"status-publish","4":"has-post-thumbnail","6":"product_cat-bibliographies-catalogues-3","8":"first","9":"instock","10":"shipping-taxable","11":"product-type-simple"},"acf":[],"aioseo_notices":[],"_links":{"self":[{"href":"https:\/\/www.ircica.org\/fr\/wp-json\/wp\/v2\/product\/24743","targetHints":{"allow":["GET"]}}],"collection":[{"href":"https:\/\/www.ircica.org\/fr\/wp-json\/wp\/v2\/product"}],"about":[{"href":"https:\/\/www.ircica.org\/fr\/wp-json\/wp\/v2\/types\/product"}],"wp:featuredmedia":[{"embeddable":true,"href":"https:\/\/www.ircica.org\/fr\/wp-json\/wp\/v2\/media\/24741"}],"wp:attachment":[{"href":"https:\/\/www.ircica.org\/fr\/wp-json\/wp\/v2\/media?parent=24743"}],"wp:term":[{"taxonomy":"product_cat","embeddable":true,"href":"https:\/\/www.ircica.org\/fr\/wp-json\/wp\/v2\/product_cat?post=24743"},{"taxonomy":"product_tag","embeddable":true,"href":"https:\/\/www.ircica.org\/fr\/wp-json\/wp\/v2\/product_tag?post=24743"}],"curies":[{"name":"wp","href":"https:\/\/api.w.org\/{rel}","templated":true}]}}