{"id":24761,"date":"1996-12-18T00:00:00","date_gmt":"1996-12-17T22:00:00","guid":{"rendered":"https:\/\/www.ircica.org\/publications\/non%20class\u00e9\/a-survey-of-islamic-cultural-monuments-until-the-end-of-the-nineteenth-century-in-bosnia"},"modified":"2024-06-28T10:58:11","modified_gmt":"2024-06-28T07:58:11","slug":"a-survey-of-islamic-cultural-monuments-until-the-end-of-the-nineteenth-century-in-bosnia","status":"publish","type":"product","link":"https:\/\/www.ircica.org\/fr\/publications\/patrimoine-culturel-et-architectural\/une-etude-des-monuments-culturels-islamiques-jusqua-la-fin-du-xixe-siecle-en-bosnie","title":{"rendered":"Une \u00e9tude des monuments culturels islamiques jusqu&rsquo;\u00e0 la fin du XIXe si\u00e8cle en Bosnie"},"content":{"rendered":"<p>Ce livre pr\u00e9par\u00e9 par l&rsquo;expert de l&rsquo;IRCICA, Adem Handzi\u0107, historien s\u2019\u00e9tant joint au Centre pendant les ann\u00e9es de la guerre de 1992 \u00e0 1995 en Bosnie-Herz\u00e9govine, est un travail de recherche complet bas\u00e9 sur des sources historiques de premi\u00e8re main. Il retrace l&rsquo;histoire des institutions islamiques, des waqfs, des mosqu\u00e9es et d&rsquo;autres monuments \u00e9tablis en Bosnie-Herz\u00e9govine pendant la p\u00e9riode ottomane, d\u00e9crit leur signification historique et leur \u00e9tat actuel. Son attention particuli\u00e8re est port\u00e9e sur les waqfs cr\u00e9\u00e9s en Bosnie centrale et du nord pendant la p\u00e9riode ottomane et sur les institutions qui leur sont affili\u00e9es telles que les mosqu\u00e9es, les \u00e9coles et les cimeti\u00e8res. Il contient un avant-propos du ministre de l&rsquo;\u00c9ducation, des Sciences, de la Culture et des Sports de Bosnie-Herz\u00e9govine \u00e0 l\u2019\u00e9poque, le professeur Enes Kari\u0107.<\/p>\n","protected":false},"excerpt":{"rendered":"<p>Par Adem Handzi\u0107<br \/>\nAvant-propos d\u2019Enes Kari\u0107<br \/>\nIstanbul, 1996 (en anglais)<\/p>\n","protected":false},"featured_media":24759,"template":"","meta":{"_acf_changed":false,"_mi_skip_tracking":false},"product_cat":[173],"product_tag":[],"class_list":{"0":"post-24761","1":"product","2":"type-product","3":"status-publish","4":"has-post-thumbnail","6":"product_cat-patrimoine-culturel-et-architectural","8":"first","9":"instock","10":"shipping-taxable","11":"product-type-simple"},"acf":[],"aioseo_notices":[],"_links":{"self":[{"href":"https:\/\/www.ircica.org\/fr\/wp-json\/wp\/v2\/product\/24761","targetHints":{"allow":["GET"]}}],"collection":[{"href":"https:\/\/www.ircica.org\/fr\/wp-json\/wp\/v2\/product"}],"about":[{"href":"https:\/\/www.ircica.org\/fr\/wp-json\/wp\/v2\/types\/product"}],"wp:featuredmedia":[{"embeddable":true,"href":"https:\/\/www.ircica.org\/fr\/wp-json\/wp\/v2\/media\/24759"}],"wp:attachment":[{"href":"https:\/\/www.ircica.org\/fr\/wp-json\/wp\/v2\/media?parent=24761"}],"wp:term":[{"taxonomy":"product_cat","embeddable":true,"href":"https:\/\/www.ircica.org\/fr\/wp-json\/wp\/v2\/product_cat?post=24761"},{"taxonomy":"product_tag","embeddable":true,"href":"https:\/\/www.ircica.org\/fr\/wp-json\/wp\/v2\/product_tag?post=24761"}],"curies":[{"name":"wp","href":"https:\/\/api.w.org\/{rel}","templated":true}]}}