{"id":24774,"date":"1997-06-02T00:00:00","date_gmt":"1997-06-01T21:00:00","guid":{"rendered":"https:\/\/www.ircica.org\/publications\/non%20class\u00e9\/islamic-civilisation-in-the-malay-world"},"modified":"2024-06-28T12:55:01","modified_gmt":"2024-06-28T09:55:01","slug":"islamic-civilisation-in-the-malay-world","status":"publish","type":"product","link":"https:\/\/www.ircica.org\/fr\/publications\/histoire-de-la-civilisation-islamique\/asie\/la-civilisation-islamique-dans-le-monde-malais","title":{"rendered":"La civilisation islamique dans le monde malais"},"content":{"rendered":"<p>Ce livre a r\u00e9sult\u00e9 d&rsquo;un projet de recherche conjoint men\u00e9 par les gouvernements de Brunei Darussalam, d&rsquo;Indon\u00e9sie et de Malaisie, avec l&rsquo;IRCICA comme coordinateur de la recherche. Il s&rsquo;agit d&rsquo;un recueil d&rsquo;articles r\u00e9dig\u00e9s par des specialists en provenance de la r\u00e9gion malaise elle-m\u00eame. La r\u00e9daction des chapitres a \u00e9t\u00e9 effectu\u00e9e au cours d&rsquo;ateliers organis\u00e9s dans ces trois pays de septembre 1985 \u00e0 juin 1994. Prof. Dr. Mohd. Taib Osman de la Malaisie \u00e9tait r\u00e9dacteur en chef du projet. Apr\u00e8s l&rsquo;\u00e9dition originale anglaise publi\u00e9e en 1997, le livre a \u00e9t\u00e9 publi\u00e9 en malais par Dewan Bahasa dan Pustaka (Acad\u00e9mie de langue et de litt\u00e9rature, Kuala Lumpur, 2000), en persan (Organisation de la culture et des relations islamiques, T\u00e9h\u00e9ran, 2001) et en turc (IRCICA, 2000).<\/p>\n","protected":false},"excerpt":{"rendered":"<p>Edit\u00e9 par Mohd. Taib Osman<br \/>\nDewan Bahasa dan Pustaka, IRCICA<br \/>\nKuala Lumpur, 1997 (en anglais)<\/p>\n","protected":false},"featured_media":24772,"template":"","meta":{"_acf_changed":false,"_mi_skip_tracking":false},"product_cat":[181,164],"product_tag":[],"class_list":{"0":"post-24774","1":"product","2":"type-product","3":"status-publish","4":"has-post-thumbnail","6":"product_cat-asie","7":"product_cat-histoire-de-la-civilisation-islamique","9":"first","10":"outofstock","11":"shipping-taxable","12":"purchasable","13":"product-type-simple"},"acf":[],"aioseo_notices":[],"_links":{"self":[{"href":"https:\/\/www.ircica.org\/fr\/wp-json\/wp\/v2\/product\/24774","targetHints":{"allow":["GET"]}}],"collection":[{"href":"https:\/\/www.ircica.org\/fr\/wp-json\/wp\/v2\/product"}],"about":[{"href":"https:\/\/www.ircica.org\/fr\/wp-json\/wp\/v2\/types\/product"}],"wp:featuredmedia":[{"embeddable":true,"href":"https:\/\/www.ircica.org\/fr\/wp-json\/wp\/v2\/media\/24772"}],"wp:attachment":[{"href":"https:\/\/www.ircica.org\/fr\/wp-json\/wp\/v2\/media?parent=24774"}],"wp:term":[{"taxonomy":"product_cat","embeddable":true,"href":"https:\/\/www.ircica.org\/fr\/wp-json\/wp\/v2\/product_cat?post=24774"},{"taxonomy":"product_tag","embeddable":true,"href":"https:\/\/www.ircica.org\/fr\/wp-json\/wp\/v2\/product_tag?post=24774"}],"curies":[{"name":"wp","href":"https:\/\/api.w.org\/{rel}","templated":true}]}}