{"id":24790,"date":"1988-06-28T12:56:24","date_gmt":"1988-06-28T09:56:24","guid":{"rendered":"https:\/\/www.ircica.org\/publications\/non%20class\u00e9\/al-quds-a-historical-document"},"modified":"2025-05-16T15:53:19","modified_gmt":"2025-05-16T12:53:19","slug":"al-quds-a-historical-document","status":"publish","type":"product","link":"https:\/\/www.ircica.org\/fr\/publications\/histoire-de-la-civilisation-islamique\/asie\/moyen-orient-et-mediterranee\/al-qods-un-document-historique","title":{"rendered":"Al-Qods. Un document historique"},"content":{"rendered":"<p>Parmi les quatre Comit\u00e9s permanents de l&rsquo;OCI pr\u00e9sid\u00e9s chacun par le chef d&rsquo;un \u00c9tat membre, le premier cr\u00e9\u00e9 fut le Comit\u00e9 d\u2019Al-Qods, fond\u00e9 en 1975 sous la pr\u00e9sidence de S.M. le Roi Hassan II du Maroc. 15 autres \u00c9tats membres si\u00e8gent au Comit\u00e9 par \u00e9lection pour des termes de trois ans (renouvelables). Le livre intitul\u00e9 Al-Qods : Un document historique (Bait Al Maqdis Press) a \u00e9t\u00e9 publi\u00e9 par le Comit\u00e9 comme une source compl\u00e8te et d\u00e9taill\u00e9e sur l&rsquo;histoire d&rsquo;Al-Qods. Il a \u00e9t\u00e9 traduit dans diff\u00e9rentes langues ; sa traduction turque, par Acar Tanlak, expert \u00e0 l&rsquo;IRCICA, a \u00e9t\u00e9 publi\u00e9e par l&rsquo;IRCICA en 1988.<\/p>\n","protected":false},"excerpt":{"rendered":"<p>Kud\u00fcs (Tarih\u00ee Belge)<br \/>\nIRCICA, 1409H\/1988 apr. J.-C.<br \/>\n(en turc), 105 p.<\/p>\n","protected":false},"featured_media":24788,"template":"","meta":{"_acf_changed":false,"_mi_skip_tracking":false},"product_cat":[164,362],"product_tag":[],"class_list":{"0":"post-24790","1":"product","2":"type-product","3":"status-publish","4":"has-post-thumbnail","6":"product_cat-histoire-de-la-civilisation-islamique","7":"product_cat-moyen-orient-et-mediterranee","9":"first","10":"instock","11":"shipping-taxable","12":"product-type-simple"},"acf":[],"aioseo_notices":[],"_links":{"self":[{"href":"https:\/\/www.ircica.org\/fr\/wp-json\/wp\/v2\/product\/24790","targetHints":{"allow":["GET"]}}],"collection":[{"href":"https:\/\/www.ircica.org\/fr\/wp-json\/wp\/v2\/product"}],"about":[{"href":"https:\/\/www.ircica.org\/fr\/wp-json\/wp\/v2\/types\/product"}],"wp:featuredmedia":[{"embeddable":true,"href":"https:\/\/www.ircica.org\/fr\/wp-json\/wp\/v2\/media\/24788"}],"wp:attachment":[{"href":"https:\/\/www.ircica.org\/fr\/wp-json\/wp\/v2\/media?parent=24790"}],"wp:term":[{"taxonomy":"product_cat","embeddable":true,"href":"https:\/\/www.ircica.org\/fr\/wp-json\/wp\/v2\/product_cat?post=24790"},{"taxonomy":"product_tag","embeddable":true,"href":"https:\/\/www.ircica.org\/fr\/wp-json\/wp\/v2\/product_tag?post=24790"}],"curies":[{"name":"wp","href":"https:\/\/api.w.org\/{rel}","templated":true}]}}