{"id":24861,"date":"2004-12-04T13:26:00","date_gmt":"2004-12-04T11:26:00","guid":{"rendered":"https:\/\/www.ircica.org\/publications\/non%20class\u00e9\/mostar-2004-workshop-report"},"modified":"2024-07-04T13:40:11","modified_gmt":"2024-07-04T10:40:11","slug":"mostar-2004-workshop-report","status":"publish","type":"product","link":"https:\/\/www.ircica.org\/fr\/publications\/patrimoine-culturel-et-architectural\/rapport-de-latelier-mostar-2004","title":{"rendered":"Rapport de l&rsquo;Atelier \u201cMostar 2004\u201d"},"content":{"rendered":"<p>Cette publication contient les documents de l&rsquo;atelier \u201cMostar 2004\u201d organis\u00e9 par la municipalit\u00e9 de Mostar, en Bosnie-Herz\u00e9govine, conjointement avec l&rsquo;IRCICA, en juillet 1997. Le PNUD et le Trust Aga Khan pour la culture ont accord\u00e9 leur parrainage \u00e0 l&rsquo;\u00e9v\u00e9nement ; l&rsquo;UNESCO et le Fonds mondial des monuments y ont particip\u00e9. Le programme, inaugur\u00e9 par le discours du Pr\u00e9sident de la Bosnie-Herz\u00e9govine Alija Izetbegovi\u0107, a \u00e9t\u00e9 l&rsquo;une des \u00e9tapes marquantes du programme d\u00e9cennal d&rsquo;\u00e9tudes et d&rsquo;ateliers d&rsquo;architecture intitul\u00e9 \u00ab Mostar 2004 \u00bb men\u00e9 par l&rsquo;IRCICA de 1994 \u00e0 2004. Le Premier ministre Haris Silajdzi\u0107, et au nom du Fonds mondial, l&rsquo;ancien secr\u00e9taire d&rsquo;\u00c9tat am\u00e9ricain Cyrus Vance ont prononc\u00e9 des discours. Des experts internationaux renomm\u00e9s ont enseign\u00e9 dans le cadre du programme. Des \u00e9tudiants en conservation architecturale provenant de diff\u00e9rents pays y ont particip\u00e9. Gr\u00e2ce aux travaux en studio et de terrain men\u00e9s quotidiennement du 2 au 30 juillet 1997, des plans ont \u00e9t\u00e9 \u00e9labor\u00e9s et des lignes directrices ont \u00e9t\u00e9 formul\u00e9es pour des projets de restauration et de conservation \u00e0 Mostar et dans ses environs. Ces publications constituent un corpus de r\u00e9f\u00e9rences hautement sp\u00e9cialis\u00e9es dans le domaine de la restauration et de la conservation et sur les sites et monuments de Mostar et de Bosnie-Herz\u00e9govine. Les activit\u00e9s ont \u00e9galement contribu\u00e9 \u00e0 sensibiliser l&rsquo;opinion mondiale au patrimoine culturel et urbain de Mostar et du pays tout entier. Cette publication contient les rapports, plans et lignes directrices r\u00e9sultant de l&rsquo;atelier, regroup\u00e9s sous les th\u00e8mes abord\u00e9s et les titres des projets mis en \u0153uvre, comme suit : \u00ab Aper\u00e7u de l&rsquo;atelier Mostar 2004 \u00bb par le professeur Judith Bing ; \u00ab Mostar : l&rsquo;avenir de la zone historique \u00bb par le Dr Amir Pa\u0161i\u0107, coordinateur du programme, IRCICA ; plusieurs articles sous chacun des titres suivants: \u00ab Projet de la rivi\u00e8re Neretva \u00bb\u00a0; \u00ab\u00a0Logement\u00a0\u00bb; \u00ab\u00a0Projets de restauration\u00a0\u00bb\u00a0; et pour terminer, le \u00ab\u00a0R\u00e9sum\u00e9 des projets de Mostar 2004\u00a0\u00bb par le professeur Jerrilyn Dodds, tous les textes \u00e9tant r\u00e9dig\u00e9s en anglais.<\/p>\n","protected":false},"excerpt":{"rendered":"<p>IRCICA, 1997<br \/>\nXlii+72 p. 68 ill., 59 plans. 30 cm.<\/p>\n","protected":false},"featured_media":24858,"template":"","meta":{"_acf_changed":false,"_mi_skip_tracking":false},"product_cat":[173],"product_tag":[],"class_list":{"0":"post-24861","1":"product","2":"type-product","3":"status-publish","4":"has-post-thumbnail","6":"product_cat-patrimoine-culturel-et-architectural","8":"first","9":"outofstock","10":"shipping-taxable","11":"purchasable","12":"product-type-simple"},"acf":[],"aioseo_notices":[],"_links":{"self":[{"href":"https:\/\/www.ircica.org\/fr\/wp-json\/wp\/v2\/product\/24861","targetHints":{"allow":["GET"]}}],"collection":[{"href":"https:\/\/www.ircica.org\/fr\/wp-json\/wp\/v2\/product"}],"about":[{"href":"https:\/\/www.ircica.org\/fr\/wp-json\/wp\/v2\/types\/product"}],"wp:featuredmedia":[{"embeddable":true,"href":"https:\/\/www.ircica.org\/fr\/wp-json\/wp\/v2\/media\/24858"}],"wp:attachment":[{"href":"https:\/\/www.ircica.org\/fr\/wp-json\/wp\/v2\/media?parent=24861"}],"wp:term":[{"taxonomy":"product_cat","embeddable":true,"href":"https:\/\/www.ircica.org\/fr\/wp-json\/wp\/v2\/product_cat?post=24861"},{"taxonomy":"product_tag","embeddable":true,"href":"https:\/\/www.ircica.org\/fr\/wp-json\/wp\/v2\/product_tag?post=24861"}],"curies":[{"name":"wp","href":"https:\/\/api.w.org\/{rel}","templated":true}]}}