{"id":24870,"date":"1995-08-18T00:00:00","date_gmt":"1995-08-17T21:00:00","guid":{"rendered":"https:\/\/www.ircica.org\/publications\/non%20class\u00e9\/the-old-bridge-stari-most-in-mostar"},"modified":"2024-07-04T13:53:19","modified_gmt":"2024-07-04T10:53:19","slug":"the-old-bridge-stari-most-in-mostar","status":"publish","type":"product","link":"https:\/\/www.ircica.org\/fr\/publications\/patrimoine-culturel-et-architectural\/le-vieux-pont-stari-most-a-mostar","title":{"rendered":"Le vieux pont (Stari Most) \u00e0 Mostar"},"content":{"rendered":"<p>Construit en 1556 par l&rsquo;architecte ottoman Hayreddin, le Stari \u2013 Vieux pont de Mostar \u00e9tait admir\u00e9 de tous pour sa beaut\u00e9 et sa perfection technique. Apr\u00e8s avoir surv\u00e9cu \u00e0 de nombreuses guerres pendant des si\u00e8cles, le pont a \u00e9t\u00e9 bombard\u00e9 des milliers de fois par l&rsquo;artillerie serbe \u00e0 partir d&rsquo;avril 1992 et par les croates \u00e0 partir de mai 1993 jusqu&rsquo;\u00e0 sa destruction d\u00e9finitive le 9 novembre 1993. Cet ouvrage du Dr Amir Pasic est une \u00e9tude historique et technique du pont et constitue un document historique. Il est largement illustr\u00e9 de photographies en couleurs et de dessins techniques. Il met en valeur l&rsquo;image du pont dans l&rsquo;esprit et la m\u00e9moire des gens et souligne son importance en tant que symbole de paix, de patrimoine culturel et de coexistence, non seulement pour les habitants de Mostar et de Bosnie-Herz\u00e9govine mais pour le monde entier.<\/p>\n","protected":false},"excerpt":{"rendered":"<p>Par Amir Pasic<br \/>\nIstanbul, 1995 (en anglais)<\/p>\n","protected":false},"featured_media":24867,"template":"","meta":{"_acf_changed":false,"_mi_skip_tracking":false},"product_cat":[173],"product_tag":[],"class_list":{"0":"post-24870","1":"product","2":"type-product","3":"status-publish","4":"has-post-thumbnail","6":"product_cat-patrimoine-culturel-et-architectural","8":"first","9":"instock","10":"shipping-taxable","11":"product-type-simple"},"acf":[],"aioseo_notices":[],"_links":{"self":[{"href":"https:\/\/www.ircica.org\/fr\/wp-json\/wp\/v2\/product\/24870","targetHints":{"allow":["GET"]}}],"collection":[{"href":"https:\/\/www.ircica.org\/fr\/wp-json\/wp\/v2\/product"}],"about":[{"href":"https:\/\/www.ircica.org\/fr\/wp-json\/wp\/v2\/types\/product"}],"wp:featuredmedia":[{"embeddable":true,"href":"https:\/\/www.ircica.org\/fr\/wp-json\/wp\/v2\/media\/24867"}],"wp:attachment":[{"href":"https:\/\/www.ircica.org\/fr\/wp-json\/wp\/v2\/media?parent=24870"}],"wp:term":[{"taxonomy":"product_cat","embeddable":true,"href":"https:\/\/www.ircica.org\/fr\/wp-json\/wp\/v2\/product_cat?post=24870"},{"taxonomy":"product_tag","embeddable":true,"href":"https:\/\/www.ircica.org\/fr\/wp-json\/wp\/v2\/product_tag?post=24870"}],"curies":[{"name":"wp","href":"https:\/\/api.w.org\/{rel}","templated":true}]}}