{"id":24881,"date":"2006-06-15T00:00:00","date_gmt":"2006-06-14T21:00:00","guid":{"rendered":"https:\/\/www.ircica.org\/publications\/non%20class\u00e9\/historic-reconstruction-of-the-neziraga-mosque-complex-in-mostar-bosnia-and-herzegovina"},"modified":"2024-07-04T14:12:13","modified_gmt":"2024-07-04T11:12:13","slug":"historic-reconstruction-of-the-neziraga-mosque-complex-in-mostar-bosnia-and-herzegovina","status":"publish","type":"product","link":"https:\/\/www.ircica.org\/fr\/publications\/patrimoine-culturel-et-architectural\/reconstruction-historique-du-complexe-de-la-mosquee-neziraga-a-mostar-bosnie-herzegovine","title":{"rendered":"Reconstruction historique du complexe de la mosqu\u00e9e Neziraga \u00e0 Mostar, Bosnie-Herz\u00e9govine"},"content":{"rendered":"<p>La mosqu\u00e9e Neziraga de Mostar, en Bosnie-Herz\u00e9govine, avait \u00e9t\u00e9 construite en 1550, puis d\u00e9molie en 1950. La mosqu\u00e9e a \u00e9t\u00e9 reconstruite dans le cadre du programme d\u00e9cennal d\u2019\u00e9tudes et d\u2019ateliers architecturaux \u00ab Mostar 2004 \u00bb de l\u2019IRCICA (1994-2004). La reconstruction a \u00e9t\u00e9 r\u00e9alis\u00e9e gr\u00e2ce \u00e0 un g\u00e9n\u00e9reux don de S.A. Cheikh Dr Sultan bin Mohamed al-Qassimi, membre du Conseil supr\u00eame des \u00c9mirats arabes unis et \u00c9mir de Charjah. La reconstruction, englobant l&rsquo;ensemble du complexe de la mosqu\u00e9e, y compris l&rsquo;\u00e9cole, le lieu d&rsquo;ablution, la cour et le cimeti\u00e8re, a eu lieu \u00e0 partir d\u2019ao\u00fbt 1988 jusqu\u2019\u00e0 ao\u00fbt 1989; la c\u00e9r\u00e9monie de r\u00e9ouverture de la mosqu\u00e9e s\u2019est d\u00e9roul\u00e9e le 10 septembre 1999. Ce livre r\u00e9pertorie le processus, sous les rubriques suivantes\u00a0: L\u2019importance de la reconstruction du complexe, donateur S.A. Cheikh Dr. Sultan bin Mohamed al-Qassimi, Mostar \u00e0 l&rsquo;\u00e9poque de la construction de la mosqu\u00e9e, le processus de reconstruction historique, les fouilles arch\u00e9ologiques, les plans et conceptions, le chantier avant et apr\u00e8s la reconstruction, la c\u00e9r\u00e9monie d&rsquo;ouverture, les donn\u00e9es du projet, r\u00e9sum\u00e9 en bosniaque, bibliographie.<\/p>\n","protected":false},"excerpt":{"rendered":"<p>Amir Pasic<br \/>\nIstanbul 2006<br \/>\n(en anglais avec r\u00e9sum\u00e9 en bosniaque)<br \/>\nISBN 929063160X<\/p>\n","protected":false},"featured_media":24878,"template":"","meta":{"_acf_changed":false,"_mi_skip_tracking":false},"product_cat":[173],"product_tag":[],"class_list":{"0":"post-24881","1":"product","2":"type-product","3":"status-publish","4":"has-post-thumbnail","6":"product_cat-patrimoine-culturel-et-architectural","8":"first","9":"instock","10":"shipping-taxable","11":"product-type-simple"},"acf":[],"aioseo_notices":[],"_links":{"self":[{"href":"https:\/\/www.ircica.org\/fr\/wp-json\/wp\/v2\/product\/24881","targetHints":{"allow":["GET"]}}],"collection":[{"href":"https:\/\/www.ircica.org\/fr\/wp-json\/wp\/v2\/product"}],"about":[{"href":"https:\/\/www.ircica.org\/fr\/wp-json\/wp\/v2\/types\/product"}],"wp:featuredmedia":[{"embeddable":true,"href":"https:\/\/www.ircica.org\/fr\/wp-json\/wp\/v2\/media\/24878"}],"wp:attachment":[{"href":"https:\/\/www.ircica.org\/fr\/wp-json\/wp\/v2\/media?parent=24881"}],"wp:term":[{"taxonomy":"product_cat","embeddable":true,"href":"https:\/\/www.ircica.org\/fr\/wp-json\/wp\/v2\/product_cat?post=24881"},{"taxonomy":"product_tag","embeddable":true,"href":"https:\/\/www.ircica.org\/fr\/wp-json\/wp\/v2\/product_tag?post=24881"}],"curies":[{"name":"wp","href":"https:\/\/api.w.org\/{rel}","templated":true}]}}