{"id":24910,"date":"1994-12-18T00:00:00","date_gmt":"1994-12-17T22:00:00","guid":{"rendered":"https:\/\/www.ircica.org\/publications\/non%20class\u00e9\/islamic-architecture-in-bosnia-and-herzegovina"},"modified":"2024-07-10T12:04:45","modified_gmt":"2024-07-10T09:04:45","slug":"islamic-architecture-in-bosnia-and-herzegovina","status":"publish","type":"product","link":"https:\/\/www.ircica.org\/fr\/publications\/patrimoine-culturel-et-architectural\/architecture-islamique-en-bosnie-herzegovine","title":{"rendered":"Architecture islamique en Bosnie-Herz\u00e9govine"},"content":{"rendered":"<p>Ce livre comporte la premi\u00e8re \u00e9tude compl\u00e8te des arts et de l&rsquo;architecture de Bosnie-Herz\u00e9govine en langue anglaise. Il traite largement de l&rsquo;histoire de l&rsquo;architecture en Bosnie-Herz\u00e9govine, de l&rsquo;\u00e9tat du patrimoine architectural avant et pendant la guerre, des diff\u00e9rents arts qui d\u00e9corent et enrichissent cette architecture. Il contient \u00e9galement une liste des centaines de monuments d\u00e9truits pendant la guerre de 1992-95.<\/p>\n<p><strong>Commentaires:<\/strong><br \/>\n\u00ab\u00a0En utilisant de nombreuses images et des plans de mosqu\u00e9es et d&rsquo;\u00e9glises, Pa\u0161i\u0107 montre comment les th\u00e8mes architecturaux circulaient entre les b\u00e2timents chr\u00e9tiens et musulmans. \u2026\u00a0\u00bb Michael R. Hickok, Bulletin de l&rsquo;Association des \u00e9tudes turques, Vol. 21, nr. 1 (1997).<\/p>\n<p>\u00ab L&rsquo;\u00e9tude de Pa\u0161i\u0107 arrive \u00e0 temps et devrait \u00eatre soigneusement examin\u00e9e par ceux qui sont concern\u00e9s par le processus de reconstruction ou ceux qui pourraient s\u2019y joindre dans un avenir proche. Esp\u00e9rons qu&rsquo;elle facilitera la pr\u00e9servation et la continuit\u00e9 du patrimoine bosniaque-islamique dans l&rsquo;environnement b\u00e2ti de Bosnie Herz\u00e9govine.\u00a0\u00bb Besim S. Hakim, Bulletin MESA, 32 (1998).<\/p>\n","protected":false},"excerpt":{"rendered":"<p>Par Amir Pa\u0161i\u0107, traduit par Midhat Ridjanovic<br \/>\nIstanbul, 1994<br \/>\nillustr\u00e9, en anglais<\/p>\n","protected":false},"featured_media":24907,"template":"","meta":{"_acf_changed":false,"_mi_skip_tracking":false},"product_cat":[173],"product_tag":[],"class_list":{"0":"post-24910","1":"product","2":"type-product","3":"status-publish","4":"has-post-thumbnail","6":"product_cat-patrimoine-culturel-et-architectural","8":"first","9":"instock","10":"shipping-taxable","11":"product-type-simple"},"acf":[],"aioseo_notices":[],"_links":{"self":[{"href":"https:\/\/www.ircica.org\/fr\/wp-json\/wp\/v2\/product\/24910","targetHints":{"allow":["GET"]}}],"collection":[{"href":"https:\/\/www.ircica.org\/fr\/wp-json\/wp\/v2\/product"}],"about":[{"href":"https:\/\/www.ircica.org\/fr\/wp-json\/wp\/v2\/types\/product"}],"wp:featuredmedia":[{"embeddable":true,"href":"https:\/\/www.ircica.org\/fr\/wp-json\/wp\/v2\/media\/24907"}],"wp:attachment":[{"href":"https:\/\/www.ircica.org\/fr\/wp-json\/wp\/v2\/media?parent=24910"}],"wp:term":[{"taxonomy":"product_cat","embeddable":true,"href":"https:\/\/www.ircica.org\/fr\/wp-json\/wp\/v2\/product_cat?post=24910"},{"taxonomy":"product_tag","embeddable":true,"href":"https:\/\/www.ircica.org\/fr\/wp-json\/wp\/v2\/product_tag?post=24910"}],"curies":[{"name":"wp","href":"https:\/\/api.w.org\/{rel}","templated":true}]}}