{"id":24921,"date":"2005-06-15T00:00:00","date_gmt":"2005-06-14T21:00:00","guid":{"rendered":"https:\/\/www.ircica.org\/publications\/non%20class\u00e9\/mostar-2004-program-1994-2004-final-report"},"modified":"2024-07-10T12:18:23","modified_gmt":"2024-07-10T09:18:23","slug":"mostar-2004-program-1994-2004-final-report","status":"publish","type":"product","link":"https:\/\/www.ircica.org\/fr\/publications\/patrimoine-culturel-et-architectural\/mostar-2004-programme-1994-2004-rapport-final","title":{"rendered":"Mostar 2004 Programme 1994-2004 Rapport final"},"content":{"rendered":"<p>Voici un rapport cumulatif sur les activit\u00e9s et les r\u00e9sultats du programme d\u2019ateliers d\u2019architecture annuels de l\u2019IRCICA intitul\u00e9 \u00ab Mostar 2004 \u00bb r\u00e9alis\u00e9 entre 1994 et 2004. Les ateliers ont \u00e9t\u00e9 organis\u00e9s pendant les mois d&rsquo;\u00e9t\u00e9, en Bosnie-Herz\u00e9govine, \u00e0 l&rsquo;exception des deux premiers tenus \u00e0 Istanbul avant la fin de la guerre en Bosnie. Pendant chaque ann\u00e9e acad\u00e9mique entre les ateliers, les facult\u00e9s d&rsquo;architecture partenaires ont organis\u00e9 des studios et dirig\u00e9 des dissertations relatifs aux sujets du programme, avec r\u00e9f\u00e9rence particuli\u00e8re \u00e0 la Bosnie-Herz\u00e9govine, concernant l&rsquo;examen, la restauration et la conservation des villes et des b\u00e2timents. Ces activit\u00e9s ont rassembl\u00e9 un grand nombre de professionnels et d&rsquo;\u00e9tudiants de divers pays, formant ainsi un r\u00e9seau de personnes et d&rsquo;institutions contribuant \u00e0 la pr\u00e9servation du patrimoine et l\u2019\u00e9l\u00e9vation des connaissances et comp\u00e9tences dans ce domaine. Les ateliers ont enregistr\u00e9 823 participants de 31 pays, y compris les enseignants et les \u00e9tudiants venant de 68 universit\u00e9s. Cet ouvrage comportant un rapport et des r\u00e9sum\u00e9s donne l&rsquo;essentiel de la grande quantit\u00e9 de recherches, de donn\u00e9es et de documents r\u00e9sultant du programme.<\/p>\n","protected":false},"excerpt":{"rendered":"<p>Compil\u00e9 par Amir Pa\u0161i\u0107<br \/>\nIstanbul, 2005<br \/>\n(en anglais)<\/p>\n","protected":false},"featured_media":24918,"template":"","meta":{"_acf_changed":false,"_mi_skip_tracking":false},"product_cat":[173],"product_tag":[],"class_list":{"0":"post-24921","1":"product","2":"type-product","3":"status-publish","4":"has-post-thumbnail","6":"product_cat-patrimoine-culturel-et-architectural","8":"first","9":"instock","10":"shipping-taxable","11":"product-type-simple"},"acf":[],"aioseo_notices":[],"_links":{"self":[{"href":"https:\/\/www.ircica.org\/fr\/wp-json\/wp\/v2\/product\/24921","targetHints":{"allow":["GET"]}}],"collection":[{"href":"https:\/\/www.ircica.org\/fr\/wp-json\/wp\/v2\/product"}],"about":[{"href":"https:\/\/www.ircica.org\/fr\/wp-json\/wp\/v2\/types\/product"}],"wp:featuredmedia":[{"embeddable":true,"href":"https:\/\/www.ircica.org\/fr\/wp-json\/wp\/v2\/media\/24918"}],"wp:attachment":[{"href":"https:\/\/www.ircica.org\/fr\/wp-json\/wp\/v2\/media?parent=24921"}],"wp:term":[{"taxonomy":"product_cat","embeddable":true,"href":"https:\/\/www.ircica.org\/fr\/wp-json\/wp\/v2\/product_cat?post=24921"},{"taxonomy":"product_tag","embeddable":true,"href":"https:\/\/www.ircica.org\/fr\/wp-json\/wp\/v2\/product_tag?post=24921"}],"curies":[{"name":"wp","href":"https:\/\/api.w.org\/{rel}","templated":true}]}}