{"id":25014,"date":"2013-12-09T00:00:00","date_gmt":"2013-12-08T22:00:00","guid":{"rendered":"https:\/\/www.ircica.org\/publications\/non%20class\u00e9\/restoration-of-mosques-in-bosnia-and-herzegovina"},"modified":"2024-07-23T11:16:12","modified_gmt":"2024-07-23T08:16:12","slug":"restoration-of-mosques-in-bosnia-and-herzegovina","status":"publish","type":"product","link":"https:\/\/www.ircica.org\/fr\/publications\/patrimoine-culturel-et-architectural\/restauration-des-mosquees-en-bosnie-et-herzegovine","title":{"rendered":"Restauration des mosqu\u00e9es en Bosnie et Herz\u00e9govine"},"content":{"rendered":"<p>Ce livre est un compte rendu complet des travaux de restauration coordonn\u00e9s par l&rsquo;IRCICA sur cinq mosqu\u00e9es monumentales en Bosnie-Herz\u00e9govine, \u00e0 savoir la mosqu\u00e9e Neziraga \u00e0 Mostar, la mosqu\u00e9e Sevri Had\u017ei Hasan \u00e0 Mostar, la mosqu\u00e9e Karadjozbeg \u00e0 Mostar, la mosqu\u00e9e Had\u017ei Alija \u00e0 Po\u010ditelj et la mosqu\u00e9e Alad\u017ea \u00e0 Fo\u010da. La reconstruction de la mosqu\u00e9e Neziraga en 1999, qui \u00e9tait le premier des projets ci-dessus, a constitu\u00e9 un exemple non seulement pour les quatre autres projets, mais aussi pour de nombreux autres efforts similaires. Les cinq projets ont \u00e9t\u00e9 financ\u00e9s par des dons, de la part, soit du Fonds mondial des monuments, de S.A. le Cheikh Sultan bin Mohamed Al Qassimi; le Cheikh Zaki Yamani, ou de la F\u00e9d\u00e9ration de Bosnie-Herz\u00e9govine (2004).<\/p>\n<p>Abondamment illustr\u00e9 de photographies en couleur et compl\u00e9t\u00e9 de cartes et de dessins, le livre peut servir de riche r\u00e9f\u00e9rence pour ceux qui s&rsquo;int\u00e9ressent \u00e0 tous les aspects de ces mosqu\u00e9es et de leur restauration : histoire, caract\u00e9ristiques, reconstruction, restauration des \u00e9l\u00e9ments ext\u00e9rieurs et int\u00e9rieurs, y compris les d\u00e9corations et les inscriptions, entre autres. L&rsquo;introduction \u00e9labor\u00e9e du livre donne un aper\u00e7u complet du patrimoine urbain islamique en Bosnie-Herz\u00e9govine, de l&rsquo;histoire de sa formation, des restaurations subies, un bref historique de chacune des villes o\u00f9 se trouvent ces mosqu\u00e9es, d\u00e9crivant leur contexte et leur environnement.<\/p>\n<p>Dans le contexte urbain islamique, la destruction d\u2019une mosqu\u00e9e signifie la perte du noyau et la perturbation du mod\u00e8le. La restauration du noyau signifie donc la r\u00e9cup\u00e9ration et la r\u00e9habilitation de la zone. La valeur ajout\u00e9e au b\u00e2timent est en soi significative puisqu&rsquo;elle refl\u00e8te la conscience communautaire de l&rsquo;identit\u00e9 culturelle au niveau local et le souci professionnel de la conservation du patrimoine au niveau g\u00e9n\u00e9ral\/mondial. Dans tous ses aspects th\u00e9oriques et pratiques, la restauration est \u00e9troitement li\u00e9e aux environnements historiques, culturels et sociaux attach\u00e9s \u00e0 chaque site et structure. Les projets d\u00e9crits dans le livre sont des \u00e9tudes de cas significatives refl\u00e9tant ces faits et consid\u00e9rations ainsi que d&rsquo;autres qui sont d\u2019ordre dans tout travail de restauration historique.<\/p>\n","protected":false},"excerpt":{"rendered":"<p>Amir Pa\u0161i\u0107, Halit Eren, Aida Idrizbegovi\u0107 Zgoni\u0107<br \/>\nIRCICA, Istanbul, 2013<br \/>\nvii, 207 pp., illustrations couleur, cartes, plans<\/p>\n","protected":false},"featured_media":25011,"template":"","meta":{"_acf_changed":false,"_mi_skip_tracking":false},"product_cat":[173],"product_tag":[],"class_list":{"0":"post-25014","1":"product","2":"type-product","3":"status-publish","4":"has-post-thumbnail","6":"product_cat-patrimoine-culturel-et-architectural","8":"first","9":"instock","10":"shipping-taxable","11":"product-type-simple"},"acf":[],"aioseo_notices":[],"_links":{"self":[{"href":"https:\/\/www.ircica.org\/fr\/wp-json\/wp\/v2\/product\/25014","targetHints":{"allow":["GET"]}}],"collection":[{"href":"https:\/\/www.ircica.org\/fr\/wp-json\/wp\/v2\/product"}],"about":[{"href":"https:\/\/www.ircica.org\/fr\/wp-json\/wp\/v2\/types\/product"}],"wp:featuredmedia":[{"embeddable":true,"href":"https:\/\/www.ircica.org\/fr\/wp-json\/wp\/v2\/media\/25011"}],"wp:attachment":[{"href":"https:\/\/www.ircica.org\/fr\/wp-json\/wp\/v2\/media?parent=25014"}],"wp:term":[{"taxonomy":"product_cat","embeddable":true,"href":"https:\/\/www.ircica.org\/fr\/wp-json\/wp\/v2\/product_cat?post=25014"},{"taxonomy":"product_tag","embeddable":true,"href":"https:\/\/www.ircica.org\/fr\/wp-json\/wp\/v2\/product_tag?post=25014"}],"curies":[{"name":"wp","href":"https:\/\/api.w.org\/{rel}","templated":true}]}}