{"id":25035,"date":"2010-12-17T00:00:00","date_gmt":"2010-12-16T22:00:00","guid":{"rendered":"https:\/\/www.ircica.org\/publications\/non%20class\u00e9\/%d8%b3%d9%84%d9%85-%d8%a7%d9%84%d9%88%d8%b5%d9%88%d9%84-%d8%a5%d9%84%d9%89-%d8%b7%d8%a8%d9%82%d8%a7%d8%aa-%d8%a7%d9%84%d9%81%d8%ad%d9%88%d9%84-sullam-al-wusul-ila-tabaqat-al-fuhul-the-ladder-of-eleva"},"modified":"2024-07-23T12:48:04","modified_gmt":"2024-07-23T09:48:04","slug":"%d8%b3%d9%84%d9%85-%d8%a7%d9%84%d9%88%d8%b5%d9%88%d9%84-%d8%a5%d9%84%d9%89-%d8%b7%d8%a8%d9%82%d8%a7%d8%aa-%d8%a7%d9%84%d9%81%d8%ad%d9%88%d9%84-sullam-al-wusul-ila-tabaqat-al-fuhul-the-ladder-of-eleva","status":"publish","type":"product","link":"https:\/\/www.ircica.org\/fr\/publications\/biographies\/sullam-al-wusul-ila-tabaqat-al-fuhul","title":{"rendered":"Sullam al-Wusul ila Tabaqat al-Fuhul"},"content":{"rendered":"<p>Il s&rsquo;agit d&rsquo;une \u00e9dition critique de l&rsquo;ouvrage biographique Sullam al-Wusul de K\u00e2tib \u00c7elebi \u00a0(mort en 1657), l&rsquo;un des plus importants \u00e9rudits ottomans du XVIIe si\u00e8cle. Le livre est organis\u00e9 en deux \u00e9ditions (arabe-anglais et arabe-turc) de 6 volumes chacune. Le corps principal est en arabe dans les deux \u00e9ditions, l&rsquo;introduction compl\u00e8te du professeur Ekmeleddin \u0130hsano\u011flu \u00e9tant \u00e9galement fournie en anglais dans l&rsquo;une des \u00e9ditions et en turc dans l&rsquo;autre \u00e9dition. Le sixi\u00e8me volume est l&rsquo;Index dans son ensemble.<\/p>\n<p>Dans cet ouvrage, K\u00e2tib \u00c7elebi enregistre la vie et les \u0153uvres d&rsquo;hommes d&rsquo;\u00c9tat et d&rsquo;\u00e9rudits importants de l&rsquo;histoire islamique ainsi que de personnalit\u00e9s renomm\u00e9es de l&rsquo;\u00e9poque pr\u00e9-islamique qui ont une place dans le savoir et la litt\u00e9rature. Dans la deuxi\u00e8me partie du livre, K\u00e2tib \u00c7elebi donne des informations sur les noms des personnalit\u00e9s d\u00e9riv\u00e9s de leurs lieux d&rsquo;origine ou de leur g\u00e9n\u00e9alogie. Dans le prologue, il explique la m\u00e9thode qu&rsquo;il a suivie dans le livre, commente sur la science de l&rsquo;histoire et ajoute des informations sur les noms d\u00e9riv\u00e9s de lieux ou de la g\u00e9n\u00e9alogie. \u00c0 cet \u00e9gard, Sullam al-Wusul est \u00e9galement un livre de g\u00e9n\u00e9alogie.<\/p>\n<p>La section des index a \u00e9t\u00e9 ajout\u00e9e \u00e0 l&rsquo;\u00e9dition. Il est compos\u00e9 de quatre parties : noms de personnes, noms de lieux, titres de publications, noms d&rsquo;institutions.<\/p>\n","protected":false},"excerpt":{"rendered":"<p><strong>(L&rsquo;\u00e9chelle d&rsquo;\u00e9l\u00e9vation vers la vie des grands et c\u00e9l\u00e8bres par g\u00e9n\u00e9ration)<\/strong><br \/>\n<strong>Katib Chalabi<\/strong><\/p>\n<p>Edit\u00e9 et introduction par Ekmeleddin \u0130hsano\u011flu, en collaboration avec Mahmoud Al-Arnaut<br \/>\nIndices de Selahaddin Uygur, 2 \u00e9ditions: arabe-anglais et arabe-turc, 6 vol.<br \/>\nIRCICA, Istanbul, 2010<br \/>\nVol. I : 501 p. Ar. + 50 p. Anglais et turc ; Vol. II : 439 p. ; Vol. III : 473 p. ; Vol. IV : 485 p. ; Vol. V : 489 p. ; Vol. VI : Index, 420p<\/p>\n","protected":false},"featured_media":25020,"template":"","meta":{"_acf_changed":false,"_mi_skip_tracking":false},"product_cat":[359],"product_tag":[],"class_list":{"0":"post-25035","1":"product","2":"type-product","3":"status-publish","4":"has-post-thumbnail","6":"product_cat-biographies-fr","8":"first","9":"outofstock","10":"shipping-taxable","11":"purchasable","12":"product-type-simple"},"acf":[],"aioseo_notices":[],"_links":{"self":[{"href":"https:\/\/www.ircica.org\/fr\/wp-json\/wp\/v2\/product\/25035","targetHints":{"allow":["GET"]}}],"collection":[{"href":"https:\/\/www.ircica.org\/fr\/wp-json\/wp\/v2\/product"}],"about":[{"href":"https:\/\/www.ircica.org\/fr\/wp-json\/wp\/v2\/types\/product"}],"wp:featuredmedia":[{"embeddable":true,"href":"https:\/\/www.ircica.org\/fr\/wp-json\/wp\/v2\/media\/25020"}],"wp:attachment":[{"href":"https:\/\/www.ircica.org\/fr\/wp-json\/wp\/v2\/media?parent=25035"}],"wp:term":[{"taxonomy":"product_cat","embeddable":true,"href":"https:\/\/www.ircica.org\/fr\/wp-json\/wp\/v2\/product_cat?post=25035"},{"taxonomy":"product_tag","embeddable":true,"href":"https:\/\/www.ircica.org\/fr\/wp-json\/wp\/v2\/product_tag?post=25035"}],"curies":[{"name":"wp","href":"https:\/\/api.w.org\/{rel}","templated":true}]}}