{"id":25107,"date":"2001-12-24T11:11:54","date_gmt":"2001-12-24T09:11:54","guid":{"rendered":"https:\/\/www.ircica.org\/publications\/non%20class\u00e9\/history-of-the-ottoman-state-society-and-civilisation"},"modified":"2024-07-24T11:24:18","modified_gmt":"2024-07-24T08:24:18","slug":"history-of-the-ottoman-state-society-and-civilisation","status":"publish","type":"product","link":"https:\/\/www.ircica.org\/fr\/publications\/etat-ottoman-et-sa-civilisation\/histoire-de-letat-de-la-societe-et-de-la-civilisation-ottomans","title":{"rendered":"Histoire de l&rsquo;\u00c9tat, de la soci\u00e9t\u00e9 et de la civilisation ottomans"},"content":{"rendered":"<p>Cet ouvrage collectif r\u00e9alis\u00e9 sous la coordination de l\u2019IRCICA couvre l&rsquo;histoire de six cents ans de l&rsquo;\u00c9tat et de la civilisation ottomans, depuis la formation de la principaut\u00e9 ottomane jusqu&rsquo;\u00e0 la proclamation de la R\u00e9publique de Turquie en 1923. Le premier volume comprend des articles portant sur les sujets suivants: \u00ab De la fondation \u00e0 K\u00fc\u00e7\u00fck Kaynarca \u00bb, \u00ab De K\u00fc\u00e7\u00fck Kaynarca \u00e0 la dissolution\u00bb, \u00ab L&rsquo;organisation de l&rsquo;\u00e9tat ottoman \u00bb, \u00ab L&rsquo;organisation administrative pendant la p\u00e9riode des Tanzimat \u00bb, \u00ab L&rsquo;\u00e9tablissement militaire ottoman \u00bb, \u00ab Le syst\u00e8me juridique ottoman \u00bb, \u00ab La soci\u00e9t\u00e9 ottomane \u00bb, \u00ab La structure de l&rsquo;\u00e9conomie ottomane \u00bb.<\/p>\n<p>Le deuxi\u00e8me volume comprend des articles intitul\u00e9s \u00ab Le turc ottoman \u00bb, \u00ab La litt\u00e9rature turque en Anatolie \u00bb, \u00ab La litt\u00e9rature turque pendant la p\u00e9riode d&rsquo;occidentalisation \u00bb, \u00ab Une exploration de la vie intellectuelle pendant la p\u00e9riode d&rsquo;occidentalisation \u00bb, \u00ab La litt\u00e9rature des peuples musulmans en Europe pendant la p\u00e9riode ottomane \u00bb, \u00ab Aspects de la vie intellectuelle dans les provinces arabes pendant la p\u00e9riode ottomane \u00bb, \u00ab Institutions \u00e9ducationnelles et scientifiques ottomanes \u00bb, \u00ab La litt\u00e9rature savante et scientifique ottomane \u00bb, \u00ab Art et architecture \u00bb, \u00ab L&rsquo;art de la calligraphie dans l\u2019Empire ottoman \u00bb, \u00ab L\u2019art de l\u2019enluminure dans l\u2019Empire ottoman \u00bb.<\/p>\n<p>Le livre a \u00e9t\u00e9 publi\u00e9 dans diverses langues. Les deux volumes de l&rsquo;\u00e9dition en turc ont \u00e9t\u00e9 publi\u00e9s en 1994 et 1997. Les \u00e9ditions arabe et anglaise ont paru entre 1999 et 2002. L&rsquo;\u00e9dition bosniaque a \u00e9t\u00e9 publi\u00e9e dans un seul volume, gr\u00e2ce aux efforts de l&rsquo;Institut oriental de Sarajevo, en 2005. Elle a \u00e9t\u00e9 traduite en russe et publi\u00e9e en 2006 par Vastochnaya Literatura, la maison d&rsquo;\u00e9dition de l&rsquo;Acad\u00e9mie russe des sciences. Le livre a \u00e9galement \u00e9t\u00e9 traduit et publi\u00e9 en persan par la Fondation de l\u2019Encyclop\u00e9die Islamique, Iran, en 2008. En outre, une \u00e9dition albanaise a \u00e9t\u00e9 publi\u00e9e par l&rsquo;Institut albanais de la pens\u00e9e et de la civilisation islamiques avec la coop\u00e9ration de l&rsquo;Agence turque de coop\u00e9ration internationale et de d\u00e9veloppement (T\u0130KA), en 2009.<\/p>\n","protected":false},"excerpt":{"rendered":"<p>2 volumes<br \/>\nIRCICA, 2001, (en anglais)<br \/>\n\u00c9galement publi\u00e9 en turc, arabe, russe, bosniaque, persan, albanais<\/p>\n","protected":false},"featured_media":25100,"template":"","meta":{"_acf_changed":false,"_mi_skip_tracking":false},"product_cat":[367],"product_tag":[],"class_list":{"0":"post-25107","1":"product","2":"type-product","3":"status-publish","4":"has-post-thumbnail","6":"product_cat-etat-ottoman-et-sa-civilisation","8":"first","9":"instock","10":"shipping-taxable","11":"product-type-simple"},"acf":[],"aioseo_notices":[],"_links":{"self":[{"href":"https:\/\/www.ircica.org\/fr\/wp-json\/wp\/v2\/product\/25107","targetHints":{"allow":["GET"]}}],"collection":[{"href":"https:\/\/www.ircica.org\/fr\/wp-json\/wp\/v2\/product"}],"about":[{"href":"https:\/\/www.ircica.org\/fr\/wp-json\/wp\/v2\/types\/product"}],"wp:featuredmedia":[{"embeddable":true,"href":"https:\/\/www.ircica.org\/fr\/wp-json\/wp\/v2\/media\/25100"}],"wp:attachment":[{"href":"https:\/\/www.ircica.org\/fr\/wp-json\/wp\/v2\/media?parent=25107"}],"wp:term":[{"taxonomy":"product_cat","embeddable":true,"href":"https:\/\/www.ircica.org\/fr\/wp-json\/wp\/v2\/product_cat?post=25107"},{"taxonomy":"product_tag","embeddable":true,"href":"https:\/\/www.ircica.org\/fr\/wp-json\/wp\/v2\/product_tag?post=25107"}],"curies":[{"name":"wp","href":"https:\/\/api.w.org\/{rel}","templated":true}]}}