{"id":25141,"date":"2012-09-28T00:00:00","date_gmt":"2012-09-27T21:00:00","guid":{"rendered":"https:\/\/www.ircica.org\/publications\/non%20class\u00e9\/muscat-international-award-for-innovation-and-creativity-in-crafts-album-of-the-winning-entries"},"modified":"2024-07-25T11:40:49","modified_gmt":"2024-07-25T08:40:49","slug":"muscat-international-award-for-innovation-and-creativity-in-crafts-album-of-the-winning-entries","status":"publish","type":"product","link":"https:\/\/www.ircica.org\/fr\/publications\/arts-artisanats\/prix-international-de-mascate-pour-linnovation-et-la-creativite-dans-lartisanat-album-des-oeuvres-gagnantes","title":{"rendered":"Prix international de Mascate pour l&rsquo;innovation et la cr\u00e9ativit\u00e9 dans l&rsquo;artisanat. Album des \u0153uvres gagnantes"},"content":{"rendered":"<p>Cet album contient les images et les informations relatives aux laur\u00e9ats du Prix international de Mascate pour l&rsquo;innovation et la cr\u00e9ativit\u00e9 dans l&rsquo;artisanat, tenu lors du Festival international des arts, du patrimoine et de la cr\u00e9ativit\u00e9 de Mascate organis\u00e9 conjointement par la municipalit\u00e9 de Mascate et l&rsquo;IRCICA en janvier-f\u00e9vrier 2011. 212 artisans ont particip\u00e9 au concours de divers pays dont le pays h\u00f4te, le Sultanat d&rsquo;Oman, et les pays suivants: Afrique du Sud, Alg\u00e9rie, Burkina Faso, Egypte, Inde, Iran, Japon, Kirghizistan, Liban, Mac\u00e9doine, Mauritanie, Mexique, Maroc, Ouzb\u00e9kistan, Pakistan, Qatar, Palestine, Russie, S\u00e9n\u00e9gal, Syrie, Tadjikistan, Tunisie, Turquie. Au cours du processus d&rsquo;\u00e9valuation, le jury a pris en compte les crit\u00e8res d&rsquo;\u00e9valuation suivants : excellence, conception cr\u00e9ative et invention dans la technique traditionnelle. L&rsquo;album donne des renseignements complets sur chaque artisan prim\u00e9 et ses \u0153uvres.<\/p>\n","protected":false},"excerpt":{"rendered":"<p>\u00c9d. Nazeih Taleb Maarouf<br \/>\nIstanbul, 2012<\/p>\n","protected":false},"featured_media":25134,"template":"","meta":{"_acf_changed":false,"_mi_skip_tracking":false},"product_cat":[189],"product_tag":[],"class_list":{"0":"post-25141","1":"product","2":"type-product","3":"status-publish","4":"has-post-thumbnail","6":"product_cat-arts-artisanats","8":"first","9":"instock","10":"shipping-taxable","11":"product-type-simple"},"acf":[],"aioseo_notices":[],"_links":{"self":[{"href":"https:\/\/www.ircica.org\/fr\/wp-json\/wp\/v2\/product\/25141","targetHints":{"allow":["GET"]}}],"collection":[{"href":"https:\/\/www.ircica.org\/fr\/wp-json\/wp\/v2\/product"}],"about":[{"href":"https:\/\/www.ircica.org\/fr\/wp-json\/wp\/v2\/types\/product"}],"wp:featuredmedia":[{"embeddable":true,"href":"https:\/\/www.ircica.org\/fr\/wp-json\/wp\/v2\/media\/25134"}],"wp:attachment":[{"href":"https:\/\/www.ircica.org\/fr\/wp-json\/wp\/v2\/media?parent=25141"}],"wp:term":[{"taxonomy":"product_cat","embeddable":true,"href":"https:\/\/www.ircica.org\/fr\/wp-json\/wp\/v2\/product_cat?post=25141"},{"taxonomy":"product_tag","embeddable":true,"href":"https:\/\/www.ircica.org\/fr\/wp-json\/wp\/v2\/product_tag?post=25141"}],"curies":[{"name":"wp","href":"https:\/\/api.w.org\/{rel}","templated":true}]}}