{"id":25173,"date":"2009-05-28T00:00:00","date_gmt":"2009-05-27T21:00:00","guid":{"rendered":"https:\/\/www.ircica.org\/publications\/non%20class\u00e9\/tourism-and-handicrafts-in-the-muslim-world"},"modified":"2024-07-29T10:46:18","modified_gmt":"2024-07-29T07:46:18","slug":"tourism-and-handicrafts-in-the-muslim-world","status":"publish","type":"product","link":"https:\/\/www.ircica.org\/fr\/publications\/arts-artisanats\/le-tourisme-et-lartisanat-dans-le-monde-musulman","title":{"rendered":"Le Tourisme et l\u2019Artisanat dans le Monde Musulman"},"content":{"rendered":"<p>Le premier congr\u00e8s international sur le tourisme et l&rsquo;artisanat traditionnel a \u00e9t\u00e9 organis\u00e9 par l\u2019IRCICA conjointement avec la Commission saoudienne du tourisme et des antiquit\u00e9s. Il s&rsquo;est tenu \u00e0 Riyad, du 7 au 14 novembre 2006. Le congr\u00e8s a mis en valeur l&rsquo;artisanat du monde musulman dans sa plus grande diversit\u00e9. Il comprenait un d\u00e9fil\u00e9 folklorique, des expositions des artisans au travail, des expositions de produits et un prix de la cr\u00e9ativit\u00e9 artisanale pour les \u0153uvres innovantes des artisans du monde musulman. Ce livre contient trente-deux articles class\u00e9s sous les titres de sections suivants : Mondialisation et r\u00f4le des m\u00e9dias dans la sensibilisation ; Interaction entre tourisme et artisanat ; Villages de l\u2019artisanat et activation du tourisme\u00a0; L&rsquo;artisanat comme n\u00e9cessit\u00e9 touristique, sociale, \u00e9conomique et culturelle\u00a0; Pr\u00e9servation des arts et m\u00e9tiers ; Textiles et qualit\u00e9\u00a0: cr\u00e9ation de nouveaux motifs ornementaux\u00a0; Carrelage, C\u00e9ramique, Ebru et Reliure\u00a0; \u00c9ducation, recherche et documentation\u00a0; Patronage et efforts gouvernementaux\u00a0; Opportunit\u00e9s de marketing\u00a0; Identit\u00e9 patrimoniale et tourisme culturel. Le rapport et les recommandations du congr\u00e8s ainsi que la D\u00e9claration internationale de Riyad qu&rsquo;il a adopt\u00e9e sont \u00e9galement inclus.<\/p>\n","protected":false},"excerpt":{"rendered":"<p>Pr\u00e9par\u00e9 par Nazeih Taleb Maarouf<br \/>\nIstanbul, 2009<br \/>\n(en arabe et anglais)<\/p>\n","protected":false},"featured_media":25166,"template":"","meta":{"_acf_changed":false,"_mi_skip_tracking":false},"product_cat":[189],"product_tag":[],"class_list":{"0":"post-25173","1":"product","2":"type-product","3":"status-publish","4":"has-post-thumbnail","6":"product_cat-arts-artisanats","8":"first","9":"instock","10":"shipping-taxable","11":"product-type-simple"},"acf":[],"aioseo_notices":[],"_links":{"self":[{"href":"https:\/\/www.ircica.org\/fr\/wp-json\/wp\/v2\/product\/25173","targetHints":{"allow":["GET"]}}],"collection":[{"href":"https:\/\/www.ircica.org\/fr\/wp-json\/wp\/v2\/product"}],"about":[{"href":"https:\/\/www.ircica.org\/fr\/wp-json\/wp\/v2\/types\/product"}],"wp:featuredmedia":[{"embeddable":true,"href":"https:\/\/www.ircica.org\/fr\/wp-json\/wp\/v2\/media\/25166"}],"wp:attachment":[{"href":"https:\/\/www.ircica.org\/fr\/wp-json\/wp\/v2\/media?parent=25173"}],"wp:term":[{"taxonomy":"product_cat","embeddable":true,"href":"https:\/\/www.ircica.org\/fr\/wp-json\/wp\/v2\/product_cat?post=25173"},{"taxonomy":"product_tag","embeddable":true,"href":"https:\/\/www.ircica.org\/fr\/wp-json\/wp\/v2\/product_tag?post=25173"}],"curies":[{"name":"wp","href":"https:\/\/api.w.org\/{rel}","templated":true}]}}