{"id":25194,"date":"2004-08-24T00:00:00","date_gmt":"2004-08-23T21:00:00","guid":{"rendered":"https:\/\/www.ircica.org\/publications\/non%20class\u00e9\/creativity-and-crafts-in-the-muslim-world"},"modified":"2024-07-29T12:21:39","modified_gmt":"2024-07-29T09:21:39","slug":"creativity-and-crafts-in-the-muslim-world","status":"publish","type":"product","link":"https:\/\/www.ircica.org\/fr\/publications\/arts-artisanats\/creativite-et-artisanat-dans-le-monde-musulman","title":{"rendered":"Cr\u00e9ativit\u00e9 et artisanat dans le monde musulman"},"content":{"rendered":"<p>Ce volume contient des images et des renseignements explicatifs portant sur des \u0153uvres artisanales innovantes provenant de diverses r\u00e9gions du monde musulman. Ces \u00e9chantillons refl\u00e8tent l&rsquo;authenticit\u00e9 des produits artisanaux et les comp\u00e9tences traditionnelles appliqu\u00e9s dans l&rsquo;architecture, la calligraphie, la dorure, l&rsquo;arabesque, la reliure, la miniature, la poterie, la gravure sur bois et d&rsquo;autres \u0153uvres. Le volume donne \u00e9galement un aper\u00e7u des exp\u00e9riences de certains pays membres de l&rsquo;OCI dans le domaine de l&rsquo;artisanat et pr\u00e9sente certains artisans, afin de faire partager leurs exp\u00e9riences avec d&rsquo;autres, d&rsquo;encourager la coop\u00e9ration et de promouvoir les \u00e9changes de vues sur les diff\u00e9rentes techniques utilis\u00e9es. Le volume vise \u00e9galement \u00e0 fournir une documentation sur les diff\u00e9rents travaux enregistr\u00e9s sur place, gr\u00e2ce \u00e0 un travail de terrain. Cette documentation est compl\u00e9t\u00e9e par des donn\u00e9es et des tableaux explicatifs sur l&rsquo;\u00e9tat actuel du secteur artisanal.<\/p>\n<p>Le lecteur y trouvera \u00e9galement des informations sur les aspects \u00e9conomiques et financiers, le r\u00f4le des gouvernements et du patronage, des donn\u00e9es et de la documentation concernant ce secteur, les march\u00e9s, les canaux de distribution, le d\u00e9veloppement et la promotion de produits, entre autres.<\/p>\n","protected":false},"excerpt":{"rendered":"<p>Pr\u00e9par\u00e9 par Nazeih Taleb Maarouf<br \/>\nIstanbul, 2004<br \/>\n(en anglais et arabe)<\/p>\n","protected":false},"featured_media":25187,"template":"","meta":{"_acf_changed":false,"_mi_skip_tracking":false},"product_cat":[189],"product_tag":[],"class_list":{"0":"post-25194","1":"product","2":"type-product","3":"status-publish","4":"has-post-thumbnail","6":"product_cat-arts-artisanats","8":"first","9":"instock","10":"shipping-taxable","11":"product-type-simple"},"acf":[],"aioseo_notices":[],"_links":{"self":[{"href":"https:\/\/www.ircica.org\/fr\/wp-json\/wp\/v2\/product\/25194","targetHints":{"allow":["GET"]}}],"collection":[{"href":"https:\/\/www.ircica.org\/fr\/wp-json\/wp\/v2\/product"}],"about":[{"href":"https:\/\/www.ircica.org\/fr\/wp-json\/wp\/v2\/types\/product"}],"wp:featuredmedia":[{"embeddable":true,"href":"https:\/\/www.ircica.org\/fr\/wp-json\/wp\/v2\/media\/25187"}],"wp:attachment":[{"href":"https:\/\/www.ircica.org\/fr\/wp-json\/wp\/v2\/media?parent=25194"}],"wp:term":[{"taxonomy":"product_cat","embeddable":true,"href":"https:\/\/www.ircica.org\/fr\/wp-json\/wp\/v2\/product_cat?post=25194"},{"taxonomy":"product_tag","embeddable":true,"href":"https:\/\/www.ircica.org\/fr\/wp-json\/wp\/v2\/product_tag?post=25194"}],"curies":[{"name":"wp","href":"https:\/\/api.w.org\/{rel}","templated":true}]}}