{"id":25204,"date":"2003-11-24T00:00:00","date_gmt":"2003-11-23T22:00:00","guid":{"rendered":"https:\/\/www.ircica.org\/publications\/non%20class\u00e9\/%d8%b2%d8%ae%d8%a7%d8%b1%d9%81-%d8%a7%d9%84%d8%ad%d8%b1%d9%81-%d8%a7%d9%84%d9%8a%d8%af%d9%88%d9%8a%d8%a9-%d9%81%d9%8a-%d8%a7%d9%84%d8%b9%d8%a7%d9%84%d9%85-%d8%a7%d9%84%d8%a5%d8%b3%d9%84%d8%a7%d9%85"},"modified":"2024-07-29T15:08:14","modified_gmt":"2024-07-29T12:08:14","slug":"%d8%b2%d8%ae%d8%a7%d8%b1%d9%81-%d8%a7%d9%84%d8%ad%d8%b1%d9%81-%d8%a7%d9%84%d9%8a%d8%af%d9%88%d9%8a%d8%a9-%d9%81%d9%8a-%d8%a7%d9%84%d8%b9%d8%a7%d9%84%d9%85-%d8%a7%d9%84%d8%a5%d8%b3%d9%84%d8%a7%d9%85","status":"publish","type":"product","link":"https:\/\/www.ircica.org\/fr\/publications\/arts-artisanats\/larabesque-dans-lartisanat-du-monde-musulman","title":{"rendered":"L&rsquo;arabesque dans l&rsquo;artisanat du monde musulman"},"content":{"rendered":"<p>Cet ouvrage donne des \u00e9claircissements sur certains aspects de l&rsquo;art de l&rsquo;arabesque, au regard de ses diff\u00e9rentes d\u00e9finitions et des \u00e9tapes successives de son \u00e9volution historique ; il analyse sa structure, ses aspects esth\u00e9tiques et les d\u00e9veloppements th\u00e9oriques et pratiques qui y sont li\u00e9s, en tenant compte de ses relations avec l&rsquo;architecture islamique, ainsi qu&rsquo;avec la calligraphie et l&rsquo;ebru (papier marbr\u00e9), et ses applications avec des d\u00e9corations florales ou g\u00e9om\u00e9triques sur des mat\u00e9riaux tels que le m\u00e9tal, le bois, la poterie, la broderie ainsi que sur les tapis et les kilims. Le livre passe \u00e9galement en revue les diff\u00e9rents types d&rsquo;arabesques propres \u00e0 diff\u00e9rents pays ; il \u00e9value les conditions \u00e9conomiques qui l&rsquo;entourent, ses perspectives de d\u00e9veloppement et l&rsquo;influence qu&rsquo;elle a exerc\u00e9e sur les arts europ\u00e9ens depuis la chute de Grenade jusqu&rsquo;\u00e0 l&rsquo;av\u00e8nement des arts contemporains.<\/p>\n<p>Compte tenu de l&rsquo;importance de cet art et des \u00e9tudes qui lui sont consacr\u00e9es par les artistes et les orientalistes, le livre a \u00e9t\u00e9 pr\u00e9par\u00e9 de mani\u00e8re \u00e0 passer en revue les diff\u00e9rentes d\u00e9finitions et explications qui ont \u00e9merg\u00e9 au cours des diff\u00e9rentes p\u00e9riodes de l&rsquo;histoire et les diff\u00e9rents noms qui lui ont \u00e9t\u00e9 donn\u00e9s. Ces noms impliquaient souvent des caract\u00e9ristiques vari\u00e9es acquises par cet art \u00e0 diff\u00e9rentes \u00e9poques en plus des significations classiques \u00e9tablies. Ainsi le lecteur y trouvera des informations sur la terminologie utilis\u00e9e dans ce domaine, pr\u00e9sent\u00e9es par ordre alphab\u00e9tique, ainsi que des bibliographies d\u00e9taill\u00e9es des sources utilis\u00e9es par les auteurs. Le volume est enrichi d&rsquo;illustrations en couleurs (270 photographies couleurs) montrant la richesse de cet art et ses applications dans l&rsquo;architecture islamique, la calligraphie, le papier marbr\u00e9, le vitrail, les gravures sur bois, nacre et autres mat\u00e9riaux, les bijoux en argent, les miniatures, c\u00e9ramiques, broderies, batiks, tapis et kilims, peinture sur soie, textiles, maroquinerie, travail du cuivre et autres domaines de l&rsquo;artisanat. Ainsi, cet ouvrage peut \u00eatre consid\u00e9r\u00e9 comme une riche r\u00e9f\u00e9rence sur l\u2019art de l\u2019Arabesque sous ses diff\u00e9rents aspects.<\/p>\n","protected":false},"excerpt":{"rendered":"<p>Pr\u00e9par\u00e9 par Nazeih Taleb Maarouf<br \/>\nIstanbul, 2003<br \/>\n(en arabe)<\/p>\n","protected":false},"featured_media":25201,"template":"","meta":{"_acf_changed":false,"_mi_skip_tracking":false},"product_cat":[189],"product_tag":[],"class_list":{"0":"post-25204","1":"product","2":"type-product","3":"status-publish","4":"has-post-thumbnail","6":"product_cat-arts-artisanats","8":"first","9":"instock","10":"shipping-taxable","11":"product-type-simple"},"acf":[],"aioseo_notices":[],"_links":{"self":[{"href":"https:\/\/www.ircica.org\/fr\/wp-json\/wp\/v2\/product\/25204","targetHints":{"allow":["GET"]}}],"collection":[{"href":"https:\/\/www.ircica.org\/fr\/wp-json\/wp\/v2\/product"}],"about":[{"href":"https:\/\/www.ircica.org\/fr\/wp-json\/wp\/v2\/types\/product"}],"wp:featuredmedia":[{"embeddable":true,"href":"https:\/\/www.ircica.org\/fr\/wp-json\/wp\/v2\/media\/25201"}],"wp:attachment":[{"href":"https:\/\/www.ircica.org\/fr\/wp-json\/wp\/v2\/media?parent=25204"}],"wp:term":[{"taxonomy":"product_cat","embeddable":true,"href":"https:\/\/www.ircica.org\/fr\/wp-json\/wp\/v2\/product_cat?post=25204"},{"taxonomy":"product_tag","embeddable":true,"href":"https:\/\/www.ircica.org\/fr\/wp-json\/wp\/v2\/product_tag?post=25204"}],"curies":[{"name":"wp","href":"https:\/\/api.w.org\/{rel}","templated":true}]}}