{"id":25212,"date":"2002-12-24T00:00:00","date_gmt":"2002-12-23T22:00:00","guid":{"rendered":"https:\/\/www.ircica.org\/publications\/non%20class\u00e9\/%d8%a7%d9%84%d9%85%d8%b4%d8%b1%d8%a8%d9%8a%d8%a7%d8%aa-%d9%88%d8%a7%d9%84%d8%b2%d8%ac%d8%a7%d8%ac-%d8%a7%d9%84%d9%85%d8%b9%d8%b4%d9%82-%d9%81%d9%8a-%d8%a7%d9%84%d8%b9%d8%a7%d9%84%d9%85-%d8%a7%d9%84"},"modified":"2024-07-29T15:27:21","modified_gmt":"2024-07-29T12:27:21","slug":"%d8%a7%d9%84%d9%85%d8%b4%d8%b1%d8%a8%d9%8a%d8%a7%d8%aa-%d9%88%d8%a7%d9%84%d8%b2%d8%ac%d8%a7%d8%ac-%d8%a7%d9%84%d9%85%d8%b9%d8%b4%d9%82-%d9%81%d9%8a-%d8%a7%d9%84%d8%b9%d8%a7%d9%84%d9%85-%d8%a7%d9%84","status":"publish","type":"product","link":"https:\/\/www.ircica.org\/fr\/publications\/arts-artisanats\/le-moucharabieh-et-le-vitrail-dans-le-monde-musulman","title":{"rendered":"Le moucharabieh et le vitrail dans le monde musulman"},"content":{"rendered":"<p>Ce livre a r\u00e9sult\u00e9 du s\u00e9minaire international sur \u00ab L&rsquo;artisanat dans l&rsquo;architecture islamique traditionnelle avec un accent particulier sur le moucharabieh et le vitrail : \u00e9tat actuel et perspectives d&rsquo;avenir \u00bb qui avait \u00e9t\u00e9 organis\u00e9 par l\u2019 l&rsquo;IRCICA en coop\u00e9ration avec le Minist\u00e8re \u00e9gyptien de la Culture et co-sponsoris\u00e9 par le Middle East Broadcasting Centre (Londres), au Caire, du 3 au 9 d\u00e9cembre 1995. Ses actes rassembl\u00e9s dans le livre \u00e9valuent l&rsquo;\u00e9tat et les perspectives du secteur artisanal du moucharabieh et du vitrail sous ses aspects artistiques, architecturaux et \u00e9conomiques. Des \u00e9chantillons et des illustrations d&rsquo;\u0153uvres ont \u00e9t\u00e9 expos\u00e9s en marge du congr\u00e8s. Les sp\u00e9cialistes ont pr\u00e9sent\u00e9 des \u00e9tudes sur les \u0153uvres de moucharabieh, de vitrail et de qamariya provenant de diff\u00e9rentes r\u00e9gions du monde musulman. Ils ont pass\u00e9 en revue les \u00e9volutions de la terminologie, des bois utilis\u00e9s, et des d\u00e9veloppements artistiques et techniques enregistr\u00e9s \u00e0 l\u2019ouest et \u00e0 l\u2019est tout au long de l&rsquo;histoire.<\/p>\n","protected":false},"excerpt":{"rendered":"<p>Compil\u00e9 par Nazeih Taleb Maarouf<br \/>\nIstanbul, 2002<br \/>\n(en arabe)<\/p>\n","protected":false},"featured_media":25209,"template":"","meta":{"_acf_changed":false,"_mi_skip_tracking":false},"product_cat":[189],"product_tag":[],"class_list":{"0":"post-25212","1":"product","2":"type-product","3":"status-publish","4":"has-post-thumbnail","6":"product_cat-arts-artisanats","8":"first","9":"instock","10":"shipping-taxable","11":"product-type-simple"},"acf":[],"aioseo_notices":[],"_links":{"self":[{"href":"https:\/\/www.ircica.org\/fr\/wp-json\/wp\/v2\/product\/25212","targetHints":{"allow":["GET"]}}],"collection":[{"href":"https:\/\/www.ircica.org\/fr\/wp-json\/wp\/v2\/product"}],"about":[{"href":"https:\/\/www.ircica.org\/fr\/wp-json\/wp\/v2\/types\/product"}],"wp:featuredmedia":[{"embeddable":true,"href":"https:\/\/www.ircica.org\/fr\/wp-json\/wp\/v2\/media\/25209"}],"wp:attachment":[{"href":"https:\/\/www.ircica.org\/fr\/wp-json\/wp\/v2\/media?parent=25212"}],"wp:term":[{"taxonomy":"product_cat","embeddable":true,"href":"https:\/\/www.ircica.org\/fr\/wp-json\/wp\/v2\/product_cat?post=25212"},{"taxonomy":"product_tag","embeddable":true,"href":"https:\/\/www.ircica.org\/fr\/wp-json\/wp\/v2\/product_tag?post=25212"}],"curies":[{"name":"wp","href":"https:\/\/api.w.org\/{rel}","templated":true}]}}