{"id":25235,"date":"1996-12-24T00:00:00","date_gmt":"1996-12-23T22:00:00","guid":{"rendered":"https:\/\/www.ircica.org\/publications\/non%20class\u00e9\/%d8%a3%d8%b3%d8%aa%d8%a7%d8%b1-%d8%a7%d9%84%d8%ad%d8%b1%d9%85%d9%8a%d9%86-%d8%a7%d9%84%d8%b4%d8%b1%d9%8a%d9%81%d9%8a%d9%86-curtains-of-the-haramein-sharifein"},"modified":"2024-07-31T11:35:46","modified_gmt":"2024-07-31T08:35:46","slug":"%d8%a3%d8%b3%d8%aa%d8%a7%d8%b1-%d8%a7%d9%84%d8%ad%d8%b1%d9%85%d9%8a%d9%86-%d8%a7%d9%84%d8%b4%d8%b1%d9%8a%d9%81%d9%8a%d9%86-curtains-of-the-haramein-sharifein","status":"publish","type":"product","link":"https:\/\/www.ircica.org\/fr\/publications\/arts-artisanats\/les-couvertures-du-haramein-cherifein","title":{"rendered":"Les couvertures du Haramein Ch\u00e9rifein"},"content":{"rendered":"<p>Cet ouvrage se compose d&rsquo;une \u00e9tude historique sur les couvertures de la Sainte Ka\u2019ba dans sa premi\u00e8re partie et d&rsquo;un catalogue des couvertures conserv\u00e9es au Mus\u00e9e du Palais de Topkapi, Istanbul, dans sa deuxi\u00e8me partie. Les cinq sections de la partie du catalogue concernent les articles suivants\u00a0: les couvertures de la porte de la Sainte Ka&rsquo;ba, les couvertures de sa surface ext\u00e9rieure, les ceintures de ces couvertures, les couvertures de la tombe du Proph\u00e8te dans la Rawda al-Mutahhara, et les ceintures de ces derni\u00e8res. Il y a 67 entr\u00e9es dans la partie du catalogue. Cette collection de couvertures est conserv\u00e9e dans la section des objets rares du mus\u00e9e. La partie introductoire et le catalogue ont \u00e9t\u00e9 pr\u00e9par\u00e9s par le Dr H\u00fclya Tezcan, experte au Mus\u00e9e.<\/p>\n","protected":false},"excerpt":{"rendered":"<p>Pr\u00e9par\u00e9 par H\u00fclya Tezcan<br \/>\n\u00c9d. Ahmad Mohammad Issa<br \/>\nTraduit en arabe par Tahsin Omer Tahaoglu<br \/>\nIstanbul, 1996 (en arabe)<\/p>\n","protected":false},"featured_media":25233,"template":"","meta":{"_acf_changed":false,"_mi_skip_tracking":false},"product_cat":[189],"product_tag":[],"class_list":{"0":"post-25235","1":"product","2":"type-product","3":"status-publish","4":"has-post-thumbnail","6":"product_cat-arts-artisanats","8":"first","9":"outofstock","10":"shipping-taxable","11":"purchasable","12":"product-type-simple"},"acf":[],"aioseo_notices":[],"_links":{"self":[{"href":"https:\/\/www.ircica.org\/fr\/wp-json\/wp\/v2\/product\/25235","targetHints":{"allow":["GET"]}}],"collection":[{"href":"https:\/\/www.ircica.org\/fr\/wp-json\/wp\/v2\/product"}],"about":[{"href":"https:\/\/www.ircica.org\/fr\/wp-json\/wp\/v2\/types\/product"}],"wp:featuredmedia":[{"embeddable":true,"href":"https:\/\/www.ircica.org\/fr\/wp-json\/wp\/v2\/media\/25233"}],"wp:attachment":[{"href":"https:\/\/www.ircica.org\/fr\/wp-json\/wp\/v2\/media?parent=25235"}],"wp:term":[{"taxonomy":"product_cat","embeddable":true,"href":"https:\/\/www.ircica.org\/fr\/wp-json\/wp\/v2\/product_cat?post=25235"},{"taxonomy":"product_tag","embeddable":true,"href":"https:\/\/www.ircica.org\/fr\/wp-json\/wp\/v2\/product_tag?post=25235"}],"curies":[{"name":"wp","href":"https:\/\/api.w.org\/{rel}","templated":true}]}}