{"id":25247,"date":"1993-08-24T00:00:00","date_gmt":"1993-08-23T21:00:00","guid":{"rendered":"https:\/\/www.ircica.org\/publications\/non%20class\u00e9\/%d8%a7%d9%84%d9%83%d8%b9%d8%a8%d8%a9-%d8%a7%d9%84%d9%85%d8%b4%d8%b1%d9%81%d8%a9-%d8%af%d8%b1%d8%a7%d8%b3%d8%a9-%d8%a3%d8%ab%d8%b1%d9%8a%d8%a9-%d9%84%d9%85%d8%ac%d9%85%d9%88%d8%b9%d8%a9-%d8%a7%d9%82"},"modified":"2024-08-01T13:01:40","modified_gmt":"2024-08-01T10:01:40","slug":"%d8%a7%d9%84%d9%83%d8%b9%d8%a8%d8%a9-%d8%a7%d9%84%d9%85%d8%b4%d8%b1%d9%81%d8%a9-%d8%af%d8%b1%d8%a7%d8%b3%d8%a9-%d8%a3%d8%ab%d8%b1%d9%8a%d8%a9-%d9%84%d9%85%d8%ac%d9%85%d9%88%d8%b9%d8%a9-%d8%a7%d9%82","status":"publish","type":"product","link":"https:\/\/www.ircica.org\/fr\/publications\/arts-artisanats\/la-sainte-kaaba-une-etude-de-la-collection-de-serrures-et-de-cles-conservees-au-musee-du-palais-de-topkapi-a-istanbul","title":{"rendered":"La Sainte Kaaba. Une \u00e9tude de la collection de serrures et de cl\u00e9s conserv\u00e9es au Mus\u00e9e du Palais de Topkap\u0131 \u00e0 Istanbul"},"content":{"rendered":"<p>Cette publication de l\u2019IRCICA contient les descriptions d\u00e9taill\u00e9es de la collection de 55 serrures et cl\u00e9s de la Sainte Kaaba conserv\u00e9es au mus\u00e9e de Topkap\u0131 \u00e0 Istanbul. \u00c0 la suite d\u2019un historique des serrures et cl\u00e9s de la Sainte Ka\u2019ba et de la constitution de la collection, chaque pi\u00e8ce est pr\u00e9sent\u00e9e par rapport \u00e0 sa forme et son m\u00e9canisme, ses mat\u00e9riaux, son fabricant s\u2019il est connu, les motifs et inscriptions grav\u00e9s dessus. Les objets sont pr\u00e9sent\u00e9s par ordre chronologique selon les p\u00e9riodes abbasside, mamelouke et ottomane.<\/p>\n","protected":false},"excerpt":{"rendered":"<p>Par Tercan Y\u0131lmaz, traduit par Tahsin \u00d6mer Tahao\u011flu<br \/>\n\u00c9d. par Ahmad Mohammed Issa<br \/>\nIstanbul, 1993 (98 photographies, en arabe)<\/p>\n","protected":false},"featured_media":25245,"template":"","meta":{"_acf_changed":false,"_mi_skip_tracking":false},"product_cat":[189],"product_tag":[],"class_list":{"0":"post-25247","1":"product","2":"type-product","3":"status-publish","4":"has-post-thumbnail","6":"product_cat-arts-artisanats","8":"first","9":"outofstock","10":"shipping-taxable","11":"purchasable","12":"product-type-simple"},"acf":[],"aioseo_notices":[],"_links":{"self":[{"href":"https:\/\/www.ircica.org\/fr\/wp-json\/wp\/v2\/product\/25247","targetHints":{"allow":["GET"]}}],"collection":[{"href":"https:\/\/www.ircica.org\/fr\/wp-json\/wp\/v2\/product"}],"about":[{"href":"https:\/\/www.ircica.org\/fr\/wp-json\/wp\/v2\/types\/product"}],"wp:featuredmedia":[{"embeddable":true,"href":"https:\/\/www.ircica.org\/fr\/wp-json\/wp\/v2\/media\/25245"}],"wp:attachment":[{"href":"https:\/\/www.ircica.org\/fr\/wp-json\/wp\/v2\/media?parent=25247"}],"wp:term":[{"taxonomy":"product_cat","embeddable":true,"href":"https:\/\/www.ircica.org\/fr\/wp-json\/wp\/v2\/product_cat?post=25247"},{"taxonomy":"product_tag","embeddable":true,"href":"https:\/\/www.ircica.org\/fr\/wp-json\/wp\/v2\/product_tag?post=25247"}],"curies":[{"name":"wp","href":"https:\/\/api.w.org\/{rel}","templated":true}]}}