{"id":25260,"date":"1988-12-24T00:00:00","date_gmt":"1988-12-23T22:00:00","guid":{"rendered":"https:\/\/www.ircica.org\/publications\/non%20class\u00e9\/islamic-swords-and-swordsmiths-1988-2000"},"modified":"2024-08-02T13:10:48","modified_gmt":"2024-08-02T10:10:48","slug":"islamic-swords-and-swordsmiths-1988-2000","status":"publish","type":"product","link":"https:\/\/www.ircica.org\/fr\/publications\/arts-artisanats\/sabres-et-fabricants-de-sabres-dans-lhistoire-de-lislam","title":{"rendered":"Sabres et fabricants de sabres [dans l\u2019histoire de l\u2019Islam]"},"content":{"rendered":"<p>Ce catalogue publi\u00e9 par l\u2019IRCICA conjointement avec le Minist\u00e8re de l\u2019information du Kowe\u00eft d\u00e9crit 114 sabres conserv\u00e9s au Mus\u00e9e du palais de Topkap\u0131 et au Mus\u00e9e militaire d&rsquo;Istanbul. Ces sabres ont \u00e9t\u00e9 utilis\u00e9s entre le premier et le dixi\u00e8me si\u00e8cle de l\u2019H\u00e9gire (7e-16e si\u00e8cles apr\u00e8s J.-C.). La premi\u00e8re partie est relative aux sabres du Proph\u00e8te<sup>saw<\/sup>, des quatre califes et des compagnons du Proph\u00e8te<sup>saw<\/sup>. La deuxi\u00e8me partie examine les caract\u00e9ristiques physiques de 92 sabres utilis\u00e9es \u00e0 diff\u00e9rentes p\u00e9riodes. La troisi\u00e8me partie est consacr\u00e9e aux fabricants de sabres dans l\u2019histoire de l\u2019Islam. Le livre contient 186 photographies et un index des sabres.<\/p>\n","protected":false},"excerpt":{"rendered":"<p>Pr\u00e9par\u00e9 par \u00dcnsal Y\u00fccel, traduit par Tahsin \u00d6mer Tahao\u011flu<br \/>\nPubli\u00e9 par l&rsquo;IRCICA et le Minist\u00e8re de l&rsquo;information du Kowe\u00eft<br \/>\nKowe\u00eft, 1988 (illustr\u00e9, en arabe)<br \/>\n\u00c9puis\u00e9 (disponible sur CD-ROM), Prix: 10$ US, ISBN 9290634278<br \/>\n\u00c9dition anglaise: Istanbul, 2000 (illustr\u00e9), Prix : 60 US$, ISBN : 9290631031<\/p>\n","protected":false},"featured_media":25253,"template":"","meta":{"_acf_changed":false,"_mi_skip_tracking":false},"product_cat":[189],"product_tag":[],"class_list":{"0":"post-25260","1":"product","2":"type-product","3":"status-publish","4":"has-post-thumbnail","6":"product_cat-arts-artisanats","8":"first","9":"outofstock","10":"shipping-taxable","11":"purchasable","12":"product-type-simple"},"acf":[],"aioseo_notices":[],"_links":{"self":[{"href":"https:\/\/www.ircica.org\/fr\/wp-json\/wp\/v2\/product\/25260","targetHints":{"allow":["GET"]}}],"collection":[{"href":"https:\/\/www.ircica.org\/fr\/wp-json\/wp\/v2\/product"}],"about":[{"href":"https:\/\/www.ircica.org\/fr\/wp-json\/wp\/v2\/types\/product"}],"wp:featuredmedia":[{"embeddable":true,"href":"https:\/\/www.ircica.org\/fr\/wp-json\/wp\/v2\/media\/25253"}],"wp:attachment":[{"href":"https:\/\/www.ircica.org\/fr\/wp-json\/wp\/v2\/media?parent=25260"}],"wp:term":[{"taxonomy":"product_cat","embeddable":true,"href":"https:\/\/www.ircica.org\/fr\/wp-json\/wp\/v2\/product_cat?post=25260"},{"taxonomy":"product_tag","embeddable":true,"href":"https:\/\/www.ircica.org\/fr\/wp-json\/wp\/v2\/product_tag?post=25260"}],"curies":[{"name":"wp","href":"https:\/\/api.w.org\/{rel}","templated":true}]}}