{"id":25272,"date":"2013-08-05T10:28:47","date_gmt":"2013-08-05T07:28:47","guid":{"rendered":"https:\/\/www.ircica.org\/publications\/non%20class\u00e9\/tripoli-in-the-ottoman-documents"},"modified":"2024-08-05T10:38:29","modified_gmt":"2024-08-05T07:38:29","slug":"tripoli-in-the-ottoman-documents","status":"publish","type":"product","link":"https:\/\/www.ircica.org\/fr\/publications\/histoire-de-la-civilisation-islamique\/asie\/moyen-orient-et-mediterranee\/tripoli-dans-les-documents-ottomans","title":{"rendered":"Tripoli dans les documents ottomans"},"content":{"rendered":"<p>Cette publication documentaire sur l&rsquo;histoire de Tripoli, Libye, a r\u00e9sult\u00e9 d&rsquo;un projet conjoint de l&rsquo;IRCICA et du D\u00e9partement de l\u2019archive ottomane de la Direction g\u00e9n\u00e9rale des archives de l&rsquo;\u00e9tat de la R\u00e9publique de Turquie. Le livre a \u00e9t\u00e9 pr\u00e9par\u00e9 par un groupe d&rsquo;experts du D\u00e9partement de l\u2019archive ottomane, puis pourvu des traductions arabes des rubriques et imprim\u00e9 par l&rsquo;IRCICA. Il comprend les images, les transcriptions en caract\u00e8res latins des textes en turc ottoman et les traductions en arabe de 174 documents officiels datant de la p\u00e9riode comprise entre 1559 et 1916. Jusqu&rsquo;\u00e0 environ la proclamation du Tanzimat \u2013 R\u00e9formes (1839), les documents sont principalement constitu\u00e9s de d\u00e9crets de l&rsquo;\u00e9tat relatifs \u00e0 la d\u00e9fense et \u00e0 la s\u00e9curit\u00e9, aux administrateurs locaux, \u00e0 l\u2019aide alimentaire et d&rsquo;urgence, la justice fiscale, les conflits frontaliers, l\u2019administration fonci\u00e8re et l\u2019organisation institutionnelle, tandis que pour la p\u00e9riode suivante, une plus grande vari\u00e9t\u00e9 de documents deviennent disponibles, \u00e9largissant l\u2019\u00e9ventail pour couvrir \u00e9galement des sujets tels que les programmes de r\u00e9forme et de d\u00e9veloppement appliqu\u00e9s dans la r\u00e9gion, l&rsquo;am\u00e9lioration des installations portuaires de Tripoli apr\u00e8s l&rsquo;ouverture du canal de Suez, les incitations au commerce international, les r\u00e9compenses aux services officiels, et l&rsquo;\u00e9volution de la politique de l&rsquo;\u00c9tat ottoman concernant les perspectives des puissances europ\u00e9ennes \u00e0 l&rsquo;\u00e9gard de Tripoli. Le livre constitue une r\u00e9f\u00e9rence utile pour les historiens s\u2019int\u00e9ressant \u00e0 ces questions.<\/p>\n","protected":false},"excerpt":{"rendered":"<p>Le D\u00e9partement de l\u2019archive ottomane, Direction g\u00e9n\u00e9rale des archives de l&rsquo;\u00c9tat de la R\u00e9publique de Turquie et l\u2019IRCICA<br \/>\n597 p. y compris la bibliographie et l\u2019index (en turc et en arabe)<br \/>\nIstanbul, 2013<\/p>\n","protected":false},"featured_media":25269,"template":"","meta":{"_acf_changed":false,"_mi_skip_tracking":false},"product_cat":[164,362],"product_tag":[],"class_list":{"0":"post-25272","1":"product","2":"type-product","3":"status-publish","4":"has-post-thumbnail","6":"product_cat-histoire-de-la-civilisation-islamique","7":"product_cat-moyen-orient-et-mediterranee","9":"first","10":"outofstock","11":"shipping-taxable","12":"purchasable","13":"product-type-simple"},"acf":[],"aioseo_notices":[],"_links":{"self":[{"href":"https:\/\/www.ircica.org\/fr\/wp-json\/wp\/v2\/product\/25272","targetHints":{"allow":["GET"]}}],"collection":[{"href":"https:\/\/www.ircica.org\/fr\/wp-json\/wp\/v2\/product"}],"about":[{"href":"https:\/\/www.ircica.org\/fr\/wp-json\/wp\/v2\/types\/product"}],"wp:featuredmedia":[{"embeddable":true,"href":"https:\/\/www.ircica.org\/fr\/wp-json\/wp\/v2\/media\/25269"}],"wp:attachment":[{"href":"https:\/\/www.ircica.org\/fr\/wp-json\/wp\/v2\/media?parent=25272"}],"wp:term":[{"taxonomy":"product_cat","embeddable":true,"href":"https:\/\/www.ircica.org\/fr\/wp-json\/wp\/v2\/product_cat?post=25272"},{"taxonomy":"product_tag","embeddable":true,"href":"https:\/\/www.ircica.org\/fr\/wp-json\/wp\/v2\/product_tag?post=25272"}],"curies":[{"name":"wp","href":"https:\/\/api.w.org\/{rel}","templated":true}]}}