{"id":25298,"date":"1998-08-24T00:00:00","date_gmt":"1998-08-23T21:00:00","guid":{"rendered":"https:\/\/www.ircica.org\/publications\/non%20class\u00e9\/the-art-of-calligraphy-in-islamic-heritage-english-edition"},"modified":"2024-08-05T13:23:58","modified_gmt":"2024-08-05T10:23:58","slug":"the-art-of-calligraphy-in-islamic-heritage-english-edition","status":"publish","type":"product","link":"https:\/\/www.ircica.org\/fr\/publications\/arts-artisanats\/lart-de-la-calligraphie-dans-le-patrimoine-islamique","title":{"rendered":"L&rsquo;art de la calligraphie dans le patrimoine islamique"},"content":{"rendered":"<p>Cet ouvrage acad\u00e9mique et artistique de l\u2019IRCICA sur la calligraphie islamique retrace l\u2019histoire de cet art depuis les origines de l\u2019\u00e9criture arabe jusqu\u2019aux derniers grands artistes de l\u2019\u00e9cole de calligraphie ottomane. Il est imprim\u00e9 sur du papier de haute qualit\u00e9 et contient 192 planches de calligraphie en couleur r\u00e9alis\u00e9es par des artistes du monde islamique du premier si\u00e8cle de l&rsquo;H\u00e9gire jusqu&rsquo;\u00e0 nos jours avec des informations sur chaque \u0153uvre et son calligraphe.<\/p>\n<p>Le livre a \u00e9t\u00e9 publi\u00e9 en anglais, arabe, japonais, malais et turc dans les ann\u00e9es 1990. Le texte r\u00e9dig\u00e9 en turc par Nihat Cetin et U\u011fur Derman a \u00e9t\u00e9 traduit en arabe \u00e0 l\u2019IRCICA; l\u2019ouvrage a \u00e9t\u00e9 traduit en japonais par M. Kouichi Honda et publi\u00e9 par Heibonsha Limited, Tokyo, en 1996 ; la traduction anglaise de l\u2019ouvrage, par M. Mohamed Zakariya et M. Mohamed Asfour, a \u00e9t\u00e9 publi\u00e9e en 1998 ; sur la base de cette \u00e9dition, la traduction malaise a \u00e9t\u00e9 pr\u00e9par\u00e9e et publi\u00e9e par Dewan Bahasa dan Pustaka, Kuala Lumpur, en 2000.<\/p>\n","protected":false},"excerpt":{"rendered":"<p>Compil\u00e9 par U\u011fur Derman<br \/>\nAper\u00e7u historique : Nihad M. \u00c7etin<br \/>\nTraduit en anglais par Mohamed Zakariya, Mohamed Asfour<br \/>\nIRCICA, Istanbul, 1998 (\u00e9d. anglaise)<br \/>\nIRCICA, Istanbul, 1990 (\u00e9d. arabe, \u00e9puis\u00e9e)<br \/>\nIRCICA, Istanbul, 1992 (\u00e9d. turque, \u00e9puis\u00e9e)<\/p>\n","protected":false},"featured_media":25287,"template":"","meta":{"_acf_changed":false,"_mi_skip_tracking":false},"product_cat":[189],"product_tag":[],"class_list":{"0":"post-25298","1":"product","2":"type-product","3":"status-publish","4":"has-post-thumbnail","6":"product_cat-arts-artisanats","8":"first","9":"instock","10":"shipping-taxable","11":"product-type-simple"},"acf":[],"aioseo_notices":[],"_links":{"self":[{"href":"https:\/\/www.ircica.org\/fr\/wp-json\/wp\/v2\/product\/25298","targetHints":{"allow":["GET"]}}],"collection":[{"href":"https:\/\/www.ircica.org\/fr\/wp-json\/wp\/v2\/product"}],"about":[{"href":"https:\/\/www.ircica.org\/fr\/wp-json\/wp\/v2\/types\/product"}],"wp:featuredmedia":[{"embeddable":true,"href":"https:\/\/www.ircica.org\/fr\/wp-json\/wp\/v2\/media\/25287"}],"wp:attachment":[{"href":"https:\/\/www.ircica.org\/fr\/wp-json\/wp\/v2\/media?parent=25298"}],"wp:term":[{"taxonomy":"product_cat","embeddable":true,"href":"https:\/\/www.ircica.org\/fr\/wp-json\/wp\/v2\/product_cat?post=25298"},{"taxonomy":"product_tag","embeddable":true,"href":"https:\/\/www.ircica.org\/fr\/wp-json\/wp\/v2\/product_tag?post=25298"}],"curies":[{"name":"wp","href":"https:\/\/api.w.org\/{rel}","templated":true}]}}