{"id":25326,"date":"2008-08-23T00:00:00","date_gmt":"2008-08-22T21:00:00","guid":{"rendered":"https:\/\/www.ircica.org\/publications\/non%20class\u00e9\/arts-and-crafts-in-the-muslim-world-proceedings-of-the-international-congress-on-islamic-arts-and-crafts-isfahan-4-9-october-2002"},"modified":"2024-08-08T12:53:40","modified_gmt":"2024-08-08T09:53:40","slug":"arts-and-crafts-in-the-muslim-world-proceedings-of-the-international-congress-on-islamic-arts-and-crafts-isfahan-4-9-october-2002","status":"publish","type":"product","link":"https:\/\/www.ircica.org\/fr\/publications\/arts-artisanats\/les-arts-et-lartisanat-dans-le-monde-musulman","title":{"rendered":"Les arts et l&rsquo;artisanat dans le monde musulman"},"content":{"rendered":"<p>Ce livre contient les documents pr\u00e9sent\u00e9s lors du congr\u00e8s international sur les arts et l&rsquo;artisanat islamiques organis\u00e9 par l&rsquo;IRCICA et l&rsquo;Organisation de la culture et des relations islamiques du minist\u00e8re de la Culture et de l&rsquo;orientation islamique de la R\u00e9publique islamique d&rsquo;Iran. Le congr\u00e8s s&rsquo;\u00e9tait tenu \u00e0 Ispahan du 4 au 9 octobre 2002. 75 expos\u00e9s de recherche ont \u00e9t\u00e9 pr\u00e9sent\u00e9s par des sp\u00e9cialistes de 33 pays ; 55 d&rsquo;entre eux sont compil\u00e9s dans le livre. Les documents portent sur divers sujets, notamment l&rsquo;architecture islamique, la calligraphie, l&rsquo;enluminure, les miniatures, les textiles traditionnels, la broderie et les costumes, les tuiles et la c\u00e9ramique, la bijouterie, la papeterie, la reliure, le papier marbr\u00e9, le travail du bois et l&rsquo;artisanat du m\u00e9tal. Le congr\u00e8s \u00e9tait accompagn\u00e9 d&rsquo;expositions. Le livre est abondamment illustr\u00e9 d&rsquo;exemples d&rsquo;\u0153uvres artisanales.<\/p>\n","protected":false},"excerpt":{"rendered":"<p><strong>Actes du Congr\u00e8s international sur les arts et l&rsquo;artisanat islamiques, Ispahan, 4-9 octobre 2002<\/strong><br \/>\nCompil\u00e9 par Nazeih Taleb Maarouf et Semiramis \u00c7avu\u015fo\u011flu<br \/>\nIstanbul, 2008 (en anglais)<\/p>\n","protected":false},"featured_media":25323,"template":"","meta":{"_acf_changed":false,"_mi_skip_tracking":false},"product_cat":[189],"product_tag":[],"class_list":{"0":"post-25326","1":"product","2":"type-product","3":"status-publish","4":"has-post-thumbnail","6":"product_cat-arts-artisanats","8":"first","9":"instock","10":"shipping-taxable","11":"product-type-simple"},"acf":[],"aioseo_notices":[],"_links":{"self":[{"href":"https:\/\/www.ircica.org\/fr\/wp-json\/wp\/v2\/product\/25326","targetHints":{"allow":["GET"]}}],"collection":[{"href":"https:\/\/www.ircica.org\/fr\/wp-json\/wp\/v2\/product"}],"about":[{"href":"https:\/\/www.ircica.org\/fr\/wp-json\/wp\/v2\/types\/product"}],"wp:featuredmedia":[{"embeddable":true,"href":"https:\/\/www.ircica.org\/fr\/wp-json\/wp\/v2\/media\/25323"}],"wp:attachment":[{"href":"https:\/\/www.ircica.org\/fr\/wp-json\/wp\/v2\/media?parent=25326"}],"wp:term":[{"taxonomy":"product_cat","embeddable":true,"href":"https:\/\/www.ircica.org\/fr\/wp-json\/wp\/v2\/product_cat?post=25326"},{"taxonomy":"product_tag","embeddable":true,"href":"https:\/\/www.ircica.org\/fr\/wp-json\/wp\/v2\/product_tag?post=25326"}],"curies":[{"name":"wp","href":"https:\/\/api.w.org\/{rel}","templated":true}]}}