{"id":25336,"date":"1987-12-24T00:00:00","date_gmt":"1987-12-23T22:00:00","guid":{"rendered":"https:\/\/www.ircica.org\/publications\/non%20class\u00e9\/turkish-art-and-architecture-1987"},"modified":"2024-08-08T13:19:08","modified_gmt":"2024-08-08T10:19:08","slug":"turkish-art-and-architecture-1987","status":"publish","type":"product","link":"https:\/\/www.ircica.org\/fr\/publications\/arts-artisanats\/lart-et-larchitecture-turcs","title":{"rendered":"L\u2019art et l\u2019architecture turcs"},"content":{"rendered":"<p>Ce livre est un ouvrage encyclop\u00e9dique complet sur l&rsquo;histoire de l&rsquo;art et de l&rsquo;architecture turcs, couvrant diverses branches de l&rsquo;art telles que le tapis, les arts du livre dont la calligraphie, les miniatures et la reliure, entre autres. Le livre original en anglais, qui \u00e9tait disponible chez diff\u00e9rentes maisons d\u2019\u00e9dition dans les ann\u00e9es 1970, a \u00e9t\u00e9 traduit en arabe par l&rsquo;IRCICA. Un glossaire de 600 termes d\u2019art, pr\u00e9par\u00e9 par Dr. Ahmad Issa, l&rsquo;expert qui a traduit l&rsquo;ouvrage, le traducteur a \u00e9t\u00e9 ajout\u00e9 \u00e0 l&rsquo;ouvrage.<\/p>\n","protected":false},"excerpt":{"rendered":"<p>par Oktay Aslanapa, traduit par Ahmad Issa<br \/>\nIstanbul, 1987 (illustr\u00e9, en arabe)<\/p>\n","protected":false},"featured_media":25333,"template":"","meta":{"_acf_changed":false,"_mi_skip_tracking":false},"product_cat":[189],"product_tag":[],"class_list":{"0":"post-25336","1":"product","2":"type-product","3":"status-publish","4":"has-post-thumbnail","6":"product_cat-arts-artisanats","8":"first","9":"instock","10":"shipping-taxable","11":"product-type-simple"},"acf":[],"aioseo_notices":[],"_links":{"self":[{"href":"https:\/\/www.ircica.org\/fr\/wp-json\/wp\/v2\/product\/25336","targetHints":{"allow":["GET"]}}],"collection":[{"href":"https:\/\/www.ircica.org\/fr\/wp-json\/wp\/v2\/product"}],"about":[{"href":"https:\/\/www.ircica.org\/fr\/wp-json\/wp\/v2\/types\/product"}],"wp:featuredmedia":[{"embeddable":true,"href":"https:\/\/www.ircica.org\/fr\/wp-json\/wp\/v2\/media\/25333"}],"wp:attachment":[{"href":"https:\/\/www.ircica.org\/fr\/wp-json\/wp\/v2\/media?parent=25336"}],"wp:term":[{"taxonomy":"product_cat","embeddable":true,"href":"https:\/\/www.ircica.org\/fr\/wp-json\/wp\/v2\/product_cat?post=25336"},{"taxonomy":"product_tag","embeddable":true,"href":"https:\/\/www.ircica.org\/fr\/wp-json\/wp\/v2\/product_tag?post=25336"}],"curies":[{"name":"wp","href":"https:\/\/api.w.org\/{rel}","templated":true}]}}