{"id":25350,"date":"2003-08-24T00:00:00","date_gmt":"2003-08-23T21:00:00","guid":{"rendered":"https:\/\/www.ircica.org\/publications\/non%20class\u00e9\/islamic-monuments-of-cairo-in-the-ottoman-period"},"modified":"2024-08-12T13:01:17","modified_gmt":"2024-08-12T10:01:17","slug":"islamic-monuments-of-cairo-in-the-ottoman-period","status":"publish","type":"product","link":"https:\/\/www.ircica.org\/fr\/publications\/patrimoine-culturel-et-architectural\/monuments-islamiques-du-caire-a-lepoque-ottomane","title":{"rendered":"Monuments islamiques du Caire \u00e0 l&rsquo;\u00e9poque ottomane"},"content":{"rendered":"<p>Cette publication volumineuse de l&rsquo;IRCICA pr\u00e9sente les \u0153uvres architecturales construites au Caire pendant la p\u00e9riode ottomane (1517-1914) en les examinant sous diff\u00e9rents angles.<\/p>\n<p><strong>Tome I : Mosqu\u00e9es, Madrasas et Tekkes, IRCICA, Istanbul, 2003<\/strong><br \/>\nLe premier tome contient des informations sur les mosqu\u00e9es, les madrasas (\u00e9coles), les zawiyas et <em>tekkes <\/em>\u00a0(loges religieuses), couvrant ainsi 141 monuments construits pendant la p\u00e9riode allant de la conqu\u00eate ottomane de l&rsquo;\u00c9gypte (1517) jusqu&rsquo;au d\u00e9but du r\u00e8gne de Mohamad Ali Pacha en 1805. Les rubriques, class\u00e9es par ordre chronologique, donnent le num\u00e9ro d&rsquo;enregistrement officiel, la date de construction, les constructeurs, ainsi que la description de l&#8217;emplacement de chaque monument, et r\u00e9pertorient les publications et documents qui les mentionnent.<\/p>\n<p><strong>Tome II\u00a0:\u00a0Fontaines publiques, \u00e9coles et points d&rsquo;eau, IRCICA, Istanbul, 2011<\/strong><br \/>\nLe deuxi\u00e8me tome se compose de deux volumes et se concentre sur d&rsquo;autres types de structures qui \u00e9taient r\u00e9pandues en \u00c9gypte \u00e0 l&rsquo;\u00e9poque ottomane, soit, les fontaines publiques, les \u00e9coles primaires, et les abreuvoirs pour animaux. Le livre couvre 474 structures datant du d\u00e9but du 16e jusqu\u2019au 20e si\u00e8cle apr\u00e8s JC. Pour chaque structure, le lecteur trouvera sa description d\u00e9taill\u00e9e, une indication de sa place bas\u00e9e sur des cartes g\u00e9ographiques, son propri\u00e9taire\/affiliation, son \u00e9tat de conservation, et les restaurations effectu\u00e9es. La fontaine (<em>sebil<\/em>), \u00e9l\u00e9ment des travaux publics, \u00e9tait souvent accompagn\u00e9e d&rsquo;une \u00e9cole primaire (<em>kuttab<\/em>). L&rsquo;ensemble de cette structure pouvait \u00eatre rattach\u00e9 \u00e0 un grand b\u00e2timent : une mosqu\u00e9e, un khan, etc. ou bien \u00eatre ind\u00e9pendant. Quant aux points d&rsquo;eau, situ\u00e9s g\u00e9n\u00e9ralement entre les immeubles, ils faisaient \u00e9galement partie des travaux publics et approvisionnaient en eau les animaux. L&rsquo;eau \u00e9tait conduite du Nil pour remplir les r\u00e9servoirs souterrains d&rsquo;o\u00f9 elle \u00e9tait puis\u00e9e.<\/p>\n<p>L&rsquo;auteur, M. Mohamed Abul Amayem est un \u00e9minent sp\u00e9cialiste de l&rsquo;histoire de l&rsquo;architecture au Caire. Il a travaill\u00e9 au D\u00e9partement des Antiquit\u00e9s \u00e9gyptiennes et \u00e0 l&rsquo;Institut fran\u00e7ais d&rsquo;arch\u00e9ologie orientale du Caire, puis \u00e0 l&rsquo;IRCICA.<\/p>\n","protected":false},"excerpt":{"rendered":"<p>Set, pr\u00e9par\u00e9 par Mohamed Aboul Amayem<br \/>\nIstanbul, Tome 1\u00a0:\u00a02003, Tome 2\u00a0:\u00a02011<br \/>\nTexte en arabe, introduction en anglais et en turc<\/p>\n","protected":false},"featured_media":25343,"template":"","meta":{"_acf_changed":false,"_mi_skip_tracking":false},"product_cat":[173],"product_tag":[],"class_list":{"0":"post-25350","1":"product","2":"type-product","3":"status-publish","4":"has-post-thumbnail","6":"product_cat-patrimoine-culturel-et-architectural","8":"first","9":"instock","10":"shipping-taxable","11":"product-type-simple"},"acf":[],"aioseo_notices":[],"_links":{"self":[{"href":"https:\/\/www.ircica.org\/fr\/wp-json\/wp\/v2\/product\/25350","targetHints":{"allow":["GET"]}}],"collection":[{"href":"https:\/\/www.ircica.org\/fr\/wp-json\/wp\/v2\/product"}],"about":[{"href":"https:\/\/www.ircica.org\/fr\/wp-json\/wp\/v2\/types\/product"}],"wp:featuredmedia":[{"embeddable":true,"href":"https:\/\/www.ircica.org\/fr\/wp-json\/wp\/v2\/media\/25343"}],"wp:attachment":[{"href":"https:\/\/www.ircica.org\/fr\/wp-json\/wp\/v2\/media?parent=25350"}],"wp:term":[{"taxonomy":"product_cat","embeddable":true,"href":"https:\/\/www.ircica.org\/fr\/wp-json\/wp\/v2\/product_cat?post=25350"},{"taxonomy":"product_tag","embeddable":true,"href":"https:\/\/www.ircica.org\/fr\/wp-json\/wp\/v2\/product_tag?post=25350"}],"curies":[{"name":"wp","href":"https:\/\/api.w.org\/{rel}","templated":true}]}}