{"id":25365,"date":"1989-12-24T00:00:00","date_gmt":"1989-12-23T22:00:00","guid":{"rendered":"https:\/\/www.ircica.org\/publications\/non%20class\u00e9\/islamic-art-common-principles-forms-and-themes-proceedings-of-the-international-symposium-1989"},"modified":"2024-08-12T13:46:18","modified_gmt":"2024-08-12T10:46:18","slug":"islamic-art-common-principles-forms-and-themes-proceedings-of-the-international-symposium-1989","status":"publish","type":"product","link":"https:\/\/www.ircica.org\/fr\/publications\/arts-artisanats\/lart-islamique-principes-formes-et-themes-communs","title":{"rendered":"L\u2019Art islamique. Principes, formes et th\u00e8mes communs"},"content":{"rendered":"<p>Ce livre contient trente-neuf communications scientifiques pr\u00e9sent\u00e9es par d&rsquo;\u00e9minents sp\u00e9cialistes des arts islamiques en provenance de divers pays lors du symposium qui avait \u00e9t\u00e9 organis\u00e9 par l&rsquo;IRCICA \u00e0 Istanbul du 18 au 22 avril 1983. Les communications portent sur divers domaines des arts islamiques, notamment l&rsquo;architecture, la d\u00e9coration, la calligraphie, le tissage de tapis, la miniature, entre autres. Le livre a \u00e9t\u00e9 publi\u00e9 en coop\u00e9ration avec Dar al Fikr, Damas.<\/p>\n","protected":false},"excerpt":{"rendered":"<p><strong>Actes du Symposium international tenu \u00e0 Istanbul en avril 1983<br \/>\n<\/strong>\u00e9dit\u00e9 par Ahmed Mohammed Issa et Tahsin \u00d6mer Tahao\u011flu<strong><br \/>\n<\/strong>Dar al-Fikr, Damas, 1989 (illustr\u00e9, en anglais, fran\u00e7ais, arabe)<\/p>\n","protected":false},"featured_media":25358,"template":"","meta":{"_acf_changed":false,"_mi_skip_tracking":false},"product_cat":[189],"product_tag":[],"class_list":{"0":"post-25365","1":"product","2":"type-product","3":"status-publish","4":"has-post-thumbnail","6":"product_cat-arts-artisanats","8":"first","9":"instock","10":"shipping-taxable","11":"product-type-simple"},"acf":[],"aioseo_notices":[],"_links":{"self":[{"href":"https:\/\/www.ircica.org\/fr\/wp-json\/wp\/v2\/product\/25365","targetHints":{"allow":["GET"]}}],"collection":[{"href":"https:\/\/www.ircica.org\/fr\/wp-json\/wp\/v2\/product"}],"about":[{"href":"https:\/\/www.ircica.org\/fr\/wp-json\/wp\/v2\/types\/product"}],"wp:featuredmedia":[{"embeddable":true,"href":"https:\/\/www.ircica.org\/fr\/wp-json\/wp\/v2\/media\/25358"}],"wp:attachment":[{"href":"https:\/\/www.ircica.org\/fr\/wp-json\/wp\/v2\/media?parent=25365"}],"wp:term":[{"taxonomy":"product_cat","embeddable":true,"href":"https:\/\/www.ircica.org\/fr\/wp-json\/wp\/v2\/product_cat?post=25365"},{"taxonomy":"product_tag","embeddable":true,"href":"https:\/\/www.ircica.org\/fr\/wp-json\/wp\/v2\/product_tag?post=25365"}],"curies":[{"name":"wp","href":"https:\/\/api.w.org\/{rel}","templated":true}]}}