{"id":25373,"date":"1994-08-18T00:00:00","date_gmt":"1994-08-17T21:00:00","guid":{"rendered":"https:\/\/www.ircica.org\/publications\/non%20class\u00e9\/population-of-bosnia-in-the-ottoman-period-a-historical-overview"},"modified":"2024-08-12T13:58:32","modified_gmt":"2024-08-12T10:58:32","slug":"population-of-bosnia-in-the-ottoman-period-a-historical-overview","status":"publish","type":"product","link":"https:\/\/www.ircica.org\/fr\/publications\/patrimoine-culturel-et-architectural\/population-de-la-bosnie-a-lepoque-ottomane-apercu-historique","title":{"rendered":"Population de la Bosnie \u00e0 l&rsquo;\u00e9poque ottomane. Aper\u00e7u historique"},"content":{"rendered":"<p>Cet ouvrage \u00e9crit par l&rsquo;historien bosniaque Dr. Adem Hand\u017ei\u0107 est une histoire d\u00e9mographique objective de la Bosnie-Herz\u00e9govine. En m\u00eame temps, Il d\u00e9crit le processus de formation de l&rsquo;identit\u00e9 multiculturelle bosniaque. Le Dr. Hand\u017ei\u0107 (1916-1998) a travaill\u00e9 comme chercheur \u00e0 l&rsquo;IRCICA pendant la guerre en Bosnie-Herz\u00e9govine (1992-1995), produisant ce livre et d\u2019autres.<\/p>\n<p>Un passage tir\u00e9 de la pr\u00e9sentation de cet ouvrage par H. T. Norris publi\u00e9e dans la revue \u00ab\u00a0Bulletin of the School of Oriental and African Studies\u00a0\u00bb (1996) : \u00ab Le texte est particuli\u00e8rement pr\u00e9cieux pour les faits que l&rsquo;auteur pr\u00e9sente concernant les mouvements d\u00e9mographiques et les all\u00e9geances confessionnelles de la population urbaine pendant la p\u00e9riode ottomane. Cette \u00e9tude historique devrait \u00eatre lue par ceux qui s\u2019int\u00e9ressent aux \u00e9v\u00e9nements contemporains.\u00a0\u00bb<\/p>\n","protected":false},"excerpt":{"rendered":"<p>Par Adem Hand\u017ei\u0107<br \/>\nIRCICA, Istanbul, 1994<br \/>\n(en anglais)<\/p>\n","protected":false},"featured_media":25371,"template":"","meta":{"_acf_changed":false,"_mi_skip_tracking":false},"product_cat":[173],"product_tag":[383,384],"class_list":{"0":"post-25373","1":"product","2":"type-product","3":"status-publish","4":"has-post-thumbnail","6":"product_cat-patrimoine-culturel-et-architectural","7":"product_tag-bosnia-fr","8":"product_tag-ottoman-fr","10":"first","11":"instock","12":"shipping-taxable","13":"product-type-simple"},"acf":[],"aioseo_notices":[],"_links":{"self":[{"href":"https:\/\/www.ircica.org\/fr\/wp-json\/wp\/v2\/product\/25373","targetHints":{"allow":["GET"]}}],"collection":[{"href":"https:\/\/www.ircica.org\/fr\/wp-json\/wp\/v2\/product"}],"about":[{"href":"https:\/\/www.ircica.org\/fr\/wp-json\/wp\/v2\/types\/product"}],"wp:featuredmedia":[{"embeddable":true,"href":"https:\/\/www.ircica.org\/fr\/wp-json\/wp\/v2\/media\/25371"}],"wp:attachment":[{"href":"https:\/\/www.ircica.org\/fr\/wp-json\/wp\/v2\/media?parent=25373"}],"wp:term":[{"taxonomy":"product_cat","embeddable":true,"href":"https:\/\/www.ircica.org\/fr\/wp-json\/wp\/v2\/product_cat?post=25373"},{"taxonomy":"product_tag","embeddable":true,"href":"https:\/\/www.ircica.org\/fr\/wp-json\/wp\/v2\/product_tag?post=25373"}],"curies":[{"name":"wp","href":"https:\/\/api.w.org\/{rel}","templated":true}]}}