{"id":25383,"date":"1996-12-18T00:00:00","date_gmt":"1996-12-17T22:00:00","guid":{"rendered":"https:\/\/www.ircica.org\/publications\/non%20class\u00e9\/architectural-heritage-today-istanbul-suleymaniye-mostar-2004-program-report"},"modified":"2024-08-13T09:57:25","modified_gmt":"2024-08-13T06:57:25","slug":"architectural-heritage-today-istanbul-suleymaniye-mostar-2004-program-report","status":"publish","type":"product","link":"https:\/\/www.ircica.org\/fr\/publications\/patrimoine-culturel-et-architectural\/le-patrimoine-architectural-aujourdhui-istanbul-suleymaniye-mostar-2004-rapport-du-programme","title":{"rendered":"Le patrimoine architectural aujourd\u2019hui, Istanbul-S\u00fcleymaniye &#038; Mostar 2004, Rapport du programme"},"content":{"rendered":"<p>Le premier programme de formation dans la s\u00e9rie d\u2019ateliers architecturaux annuels intitul\u00e9e \u201cMostar 2004\u201d organis\u00e9e par l\u2019IRCICA de 1994 \u00e0 2004 s\u2019\u00e9tait tenue \u00e0 Istanbul (Turquie) et Mostar (Bosnie et Herz\u00e9govine). Cet ouvrage recueille les conf\u00e9rences donn\u00e9es au cours du programme par des experts de la conservation architecturale de diff\u00e9rents pays, pr\u00e9c\u00e9d\u00e9es d&rsquo;articles d&rsquo;introduction sur Istanbul, son histoire architecturale, les activit\u00e9s de planification et de pr\u00e9servation du patrimoine conduits \u00e0 Suleymaniye, ainsi que sur les villes de Mostar, Sarajevo, Banja Luka, Stola\u010d, Po\u010ditelj et Fo\u010da. Chaque section se termine par des rapports de synth\u00e8se d\u00e9taill\u00e9s sur les r\u00e9sultats des travaux techniques accomplis par les \u00e9tudiants provenant de diff\u00e9rents pays.\u00a0 Leurs plans et conceptions architecturaux sont fournis dans l\u2019annexe.<\/p>\n","protected":false},"excerpt":{"rendered":"<p>Istanbul, 1996<br \/>\n(en anglais et turc)<\/p>\n","protected":false},"featured_media":25381,"template":"","meta":{"_acf_changed":false,"_mi_skip_tracking":false},"product_cat":[173],"product_tag":[],"class_list":{"0":"post-25383","1":"product","2":"type-product","3":"status-publish","4":"has-post-thumbnail","6":"product_cat-patrimoine-culturel-et-architectural","8":"first","9":"instock","10":"shipping-taxable","11":"product-type-simple"},"acf":[],"aioseo_notices":[],"_links":{"self":[{"href":"https:\/\/www.ircica.org\/fr\/wp-json\/wp\/v2\/product\/25383","targetHints":{"allow":["GET"]}}],"collection":[{"href":"https:\/\/www.ircica.org\/fr\/wp-json\/wp\/v2\/product"}],"about":[{"href":"https:\/\/www.ircica.org\/fr\/wp-json\/wp\/v2\/types\/product"}],"wp:featuredmedia":[{"embeddable":true,"href":"https:\/\/www.ircica.org\/fr\/wp-json\/wp\/v2\/media\/25381"}],"wp:attachment":[{"href":"https:\/\/www.ircica.org\/fr\/wp-json\/wp\/v2\/media?parent=25383"}],"wp:term":[{"taxonomy":"product_cat","embeddable":true,"href":"https:\/\/www.ircica.org\/fr\/wp-json\/wp\/v2\/product_cat?post=25383"},{"taxonomy":"product_tag","embeddable":true,"href":"https:\/\/www.ircica.org\/fr\/wp-json\/wp\/v2\/product_tag?post=25383"}],"curies":[{"name":"wp","href":"https:\/\/api.w.org\/{rel}","templated":true}]}}