{"id":25410,"date":"2007-12-23T00:00:00","date_gmt":"2007-12-22T22:00:00","guid":{"rendered":"https:\/\/www.ircica.org\/publications\/non%20class\u00e9\/the-influence-of-turkic-culture-on-mamluk-carpets"},"modified":"2024-08-14T11:48:13","modified_gmt":"2024-08-14T08:48:13","slug":"the-influence-of-turkic-culture-on-mamluk-carpets","status":"publish","type":"product","link":"https:\/\/www.ircica.org\/fr\/publications\/arts-artisanats\/linfluence-de-la-culture-turque-sur-les-tapis-mamelouks","title":{"rendered":"L&rsquo;influence de la culture turque sur les tapis mamelouks"},"content":{"rendered":"<p>Les tapis et moquettes repr\u00e9sentent une branche importante des arts et de l&rsquo;artisanat traditionnels du monde musulman.\u00a0 Les tapis utilis\u00e9s par les Turcs nomades d&rsquo;Asie centrale \u00e9taient, au-del\u00e0 de leur usage fonctionnel, un art qu&rsquo;ils emportaient avec eux au cours de leurs voyages vers diff\u00e9rents pays, notamment \u00e0 partir des Xe et XIe si\u00e8cles. Les tapis des peuples turcs ont influenc\u00e9 les tapis mamelouks, qui constituent le th\u00e8me de ce livre. Les exemples les plus renomm\u00e9s et les plus appr\u00e9ci\u00e9s de tapis mamelouks sont pr\u00e9serv\u00e9s dans les mus\u00e9es, datant du XVIe si\u00e8cle. Ce livre du Dr. Sumiyo Okumura, historienne de l&rsquo;art japonaise, est une \u00e9tude approfondie des tapis mamelouks, de leurs caract\u00e9ristiques uniques et de leur \u00e9volution, en tenant d\u00fbment compte des influences interculturelles observables dans ce processus. L&rsquo;auteur a inclus soixante-dix-sept tapis mamelouks dans la section catalogue du livre et en a analys\u00e9 vingt en profondeur dans ses chapitres. Le livre est une belle \u00e9dition largement illustr\u00e9e.<\/p>\n","protected":false},"excerpt":{"rendered":"<p>Par Sumiyo Okumura<br \/>\nIstanbul, 2007<\/p>\n","protected":false},"featured_media":25407,"template":"","meta":{"_acf_changed":false,"_mi_skip_tracking":false},"product_cat":[189],"product_tag":[],"class_list":{"0":"post-25410","1":"product","2":"type-product","3":"status-publish","4":"has-post-thumbnail","6":"product_cat-arts-artisanats","8":"first","9":"instock","10":"shipping-taxable","11":"product-type-simple"},"acf":[],"aioseo_notices":[],"_links":{"self":[{"href":"https:\/\/www.ircica.org\/fr\/wp-json\/wp\/v2\/product\/25410","targetHints":{"allow":["GET"]}}],"collection":[{"href":"https:\/\/www.ircica.org\/fr\/wp-json\/wp\/v2\/product"}],"about":[{"href":"https:\/\/www.ircica.org\/fr\/wp-json\/wp\/v2\/types\/product"}],"wp:featuredmedia":[{"embeddable":true,"href":"https:\/\/www.ircica.org\/fr\/wp-json\/wp\/v2\/media\/25407"}],"wp:attachment":[{"href":"https:\/\/www.ircica.org\/fr\/wp-json\/wp\/v2\/media?parent=25410"}],"wp:term":[{"taxonomy":"product_cat","embeddable":true,"href":"https:\/\/www.ircica.org\/fr\/wp-json\/wp\/v2\/product_cat?post=25410"},{"taxonomy":"product_tag","embeddable":true,"href":"https:\/\/www.ircica.org\/fr\/wp-json\/wp\/v2\/product_tag?post=25410"}],"curies":[{"name":"wp","href":"https:\/\/api.w.org\/{rel}","templated":true}]}}