{"id":25501,"date":"2000-08-18T00:00:00","date_gmt":"2000-08-17T21:00:00","guid":{"rendered":"https:\/\/www.ircica.org\/publications\/non%20class\u00e9\/islamic-civilisation-in-caucasia"},"modified":"2024-08-19T10:59:05","modified_gmt":"2024-08-19T07:59:05","slug":"islamic-civilisation-in-caucasia","status":"publish","type":"product","link":"https:\/\/www.ircica.org\/fr\/publications\/histoire-de-la-civilisation-islamique\/europe-de-lest-et-balkans\/la-civilisation-islamique-au-caucase","title":{"rendered":"La Civilisation islamique au Caucase"},"content":{"rendered":"<p>Le premier s\u00e9minaire international de l&rsquo;IRCICA sur \u201cLa civilisation islamique au Caucase\u201d avait \u00e9t\u00e9 organis\u00e9 conjointement avec l&rsquo;Acad\u00e9mie des sciences d&rsquo;Azerba\u00efdjan, sous le patronage et en pr\u00e9sence du pr\u00e9sident Hayder Aliyev, \u00e0 Bakou, du 9 au 11 d\u00e9cembre 1998. Cet ouvrage contient vingt-huit expos\u00e9s de recherche pr\u00e9sent\u00e9s par des sp\u00e9cialistes de l&rsquo;histoire de la r\u00e9gion. La premi\u00e8re partie du livre contient les articles pr\u00e9sent\u00e9s en turc azerba\u00efdjanais et la deuxi\u00e8me partie, ceux en turc ou en anglais.<\/p>\n","protected":false},"excerpt":{"rendered":"<p>Edit\u00e9 par Rafiq Aliyev et Halil Bal<br \/>\nIstanbul, 2000 (en turc et anglais)<br \/>\nISBN 929063104X<\/p>\n","protected":false},"featured_media":25498,"template":"","meta":{"_acf_changed":false,"_mi_skip_tracking":false},"product_cat":[364,164],"product_tag":[],"class_list":{"0":"post-25501","1":"product","2":"type-product","3":"status-publish","4":"has-post-thumbnail","6":"product_cat-europe-de-lest-et-balkans","7":"product_cat-histoire-de-la-civilisation-islamique","9":"first","10":"instock","11":"shipping-taxable","12":"product-type-simple"},"acf":[],"aioseo_notices":[],"_links":{"self":[{"href":"https:\/\/www.ircica.org\/fr\/wp-json\/wp\/v2\/product\/25501","targetHints":{"allow":["GET"]}}],"collection":[{"href":"https:\/\/www.ircica.org\/fr\/wp-json\/wp\/v2\/product"}],"about":[{"href":"https:\/\/www.ircica.org\/fr\/wp-json\/wp\/v2\/types\/product"}],"wp:featuredmedia":[{"embeddable":true,"href":"https:\/\/www.ircica.org\/fr\/wp-json\/wp\/v2\/media\/25498"}],"wp:attachment":[{"href":"https:\/\/www.ircica.org\/fr\/wp-json\/wp\/v2\/media?parent=25501"}],"wp:term":[{"taxonomy":"product_cat","embeddable":true,"href":"https:\/\/www.ircica.org\/fr\/wp-json\/wp\/v2\/product_cat?post=25501"},{"taxonomy":"product_tag","embeddable":true,"href":"https:\/\/www.ircica.org\/fr\/wp-json\/wp\/v2\/product_tag?post=25501"}],"curies":[{"name":"wp","href":"https:\/\/api.w.org\/{rel}","templated":true}]}}