{"id":25545,"date":"1997-12-18T00:00:00","date_gmt":"1997-12-17T22:00:00","guid":{"rendered":"https:\/\/www.ircica.org\/publications\/non%20class\u00e9\/osmanli-astronomi-literaturu-tarihi-history-of-astronomy-literature-during-the-ottoman-period"},"modified":"2024-08-26T09:51:48","modified_gmt":"2024-08-26T06:51:48","slug":"osmanli-astronomi-literaturu-tarihi-history-of-astronomy-literature-during-the-ottoman-period","status":"publish","type":"product","link":"https:\/\/www.ircica.org\/fr\/publications\/histoire-des-sciences\/histoire-de-la-litterature-dastronomie-pendant-la-periode-ottomane","title":{"rendered":"Histoire de la litt\u00e9rature d\u2019astronomie pendant la p\u00e9riode ottomane"},"content":{"rendered":"<p>Cet ouvrage constitue une r\u00e9f\u00e9rence importante sur l\u2019histoire des sciences de l\u2019astronomie dans le monde islamique apr\u00e8s le XIIIe si\u00e8cle. Un groupe de chercheurs a pr\u00e9par\u00e9 la liste de 582 auteurs qui ont produit des \u0153uvres d&rsquo;astronomie entre 1400 et 1923 sur les terres de l&rsquo;\u00c9tat ottoman et a inventori\u00e9 leurs \u0153uvres conserv\u00e9es dans les biblioth\u00e8ques en Turquie et en dehors de la Turquie,<\/p>\n<p><strong>Commentaires\u00a0:<\/strong><br \/>\n\u00ab L&rsquo;histoire est aussi bonne que ses sources. L&rsquo;histoire des sciences ottomanes a \u00e9t\u00e9 n\u00e9glig\u00e9e parce que nous manquions d&rsquo;un inventaire de la litt\u00e9rature scientifique ottomane. L&rsquo;ensemble des deux volumes sous examen constitue la premi\u00e8re partie. \u2026 La publication des deux volumes constitue un tournant dans l&rsquo;\u00e9tude de l&rsquo;histoire des sciences dans le monde ottoman. C&rsquo;est une cl\u00e9 qui ouvrira la porte \u00e0 de nouvelles et importantes recherches. L\u2019aube tant attendue d\u2019une nouvelle p\u00e9riode de recherche est d\u00e9sormais arriv\u00e9e. \u00bb Professeur William Shea, Acad\u00e9mie internationale d&rsquo;histoire des sciences, France ; dans Archives Internationales d\u2019Histoire des Sciences.<\/p>\n<p>Des extraits d&rsquo;un article intitul\u00e9 \u00ab\u00a0Eclipsed no more\u00a0\u00bb du Dr Ziauddin Sardar publi\u00e9 dans la revue Nature, Vol. 394, du 13 ao\u00fbt 1998 : \u00ab\u00a0Le projet sur la \u00ab\u00a0litt\u00e9rature scientifique \u00e0 l&rsquo;\u00e9poque ottomane\u00a0\u00bb entrepris par le Centre de recherches sur l&rsquo;histoire, l&rsquo;art et la culture islamiques (IRCICA) vise \u00e0 mettre en valeur les r\u00e9alisations de la science ottomane et \u00e0 lui redonner toute sa valeur. Il s\u2019agit d\u2019une entreprise massive\u2026 Le r\u00e9sultat est une r\u00e9alisation monumentale qui non seulement nous donne une image fid\u00e8le de l\u2019\u00e9tendue de l\u2019activit\u00e9 scientifique ottomane, mais qui bouleverse \u00e9galement la vision standard. Ce travail vraiment prestigieux sera c\u00e9l\u00e9br\u00e9 par les historiens de la science islamique du monde entier. \u00bb<\/p>\n<p>Le professeur Abdelhamid Sabra de l\u2019Universit\u00e9 Harvard, aux \u00c9tats-Unis, a estim\u00e9 que les informations compl\u00e8tes compil\u00e9es pour la premi\u00e8re fois dans ce livre aideront les historiens \u00e0 progresser dans ce domaine jusqu\u2019\u00e0 pr\u00e9sent insuffisamment explor\u00e9 ; Le professeur David King de l&rsquo;Universit\u00e9 de Francfort, en Allemagne, a qualifi\u00e9 le livre de \u00ab cl\u00e9 de l&rsquo;astronomie islamique \u00bb, et le professeur Jamil Ragep de l&rsquo;Universit\u00e9 d&rsquo;Oklahoma a d\u00e9clar\u00e9 que \u00ab l&rsquo;introduction \u00bb du livre est une \u00e9tude analytique du processus de transition depuis l&rsquo;\u00e9poque hell\u00e9nistique au contexte islamique de la science ottomane et jusqu&rsquo;\u00e0 la science europ\u00e9enne moderne, et que le livre dans son ensemble constitue une \u00e9tape importante dans l&rsquo;\u00e9tude de l&rsquo;histoire des sciences en Islam.<\/p>\n","protected":false},"excerpt":{"rendered":"<p>2 volumes<br \/>\nPr\u00e9par\u00e9 par Ekmeleddin \u0130hsano\u011flu, Ramazan \u015ee\u015fen, Cevat \u0130zgi, Cemil Akp\u0131nar, \u0130hsan Fazl\u0131o\u011flu,<br \/>\nEdit\u00e9 par Ekmeleddin \u0130hsano\u011flu<br \/>\nIstanbul, 1997 (en turc, introduction en anglais))<\/p>\n","protected":false},"featured_media":25538,"template":"","meta":{"_acf_changed":false,"_mi_skip_tracking":false},"product_cat":[185],"product_tag":[],"class_list":{"0":"post-25545","1":"product","2":"type-product","3":"status-publish","4":"has-post-thumbnail","6":"product_cat-histoire-des-sciences","8":"first","9":"instock","10":"shipping-taxable","11":"product-type-simple"},"acf":[],"aioseo_notices":[],"_links":{"self":[{"href":"https:\/\/www.ircica.org\/fr\/wp-json\/wp\/v2\/product\/25545","targetHints":{"allow":["GET"]}}],"collection":[{"href":"https:\/\/www.ircica.org\/fr\/wp-json\/wp\/v2\/product"}],"about":[{"href":"https:\/\/www.ircica.org\/fr\/wp-json\/wp\/v2\/types\/product"}],"wp:featuredmedia":[{"embeddable":true,"href":"https:\/\/www.ircica.org\/fr\/wp-json\/wp\/v2\/media\/25538"}],"wp:attachment":[{"href":"https:\/\/www.ircica.org\/fr\/wp-json\/wp\/v2\/media?parent=25545"}],"wp:term":[{"taxonomy":"product_cat","embeddable":true,"href":"https:\/\/www.ircica.org\/fr\/wp-json\/wp\/v2\/product_cat?post=25545"},{"taxonomy":"product_tag","embeddable":true,"href":"https:\/\/www.ircica.org\/fr\/wp-json\/wp\/v2\/product_tag?post=25545"}],"curies":[{"name":"wp","href":"https:\/\/api.w.org\/{rel}","templated":true}]}}