{"id":25559,"date":"2011-05-06T00:00:00","date_gmt":"2011-05-05T21:00:00","guid":{"rendered":"https:\/\/www.ircica.org\/publications\/non%20class\u00e9\/osmanli-astroloji-literaturu-tarihi-ve-osmanli-astronomi-literaturu-tarihi-zeyli-history-of-ottoman-astrology-literature-and-supplement-to-the-history-of-ottoman-astronomy-literature"},"modified":"2024-08-26T10:46:28","modified_gmt":"2024-08-26T07:46:28","slug":"osmanli-astroloji-literaturu-tarihi-ve-osmanli-astronomi-literaturu-tarihi-zeyli-history-of-ottoman-astrology-literature-and-supplement-to-the-history-of-ottoman-astronomy-literature","status":"publish","type":"product","link":"https:\/\/www.ircica.org\/fr\/publications\/histoire-des-sciences\/histoire-de-la-litterature-dastrologie-ottomane-et-supplement-a-lhistoire-de-la-litterature-scientifique-ottomane","title":{"rendered":"Histoire de la litt\u00e9rature d\u2019astrologie ottomane et Suppl\u00e9ment \u00e0 l&rsquo;histoire de la litt\u00e9rature scientifique ottomane"},"content":{"rendered":"<p>Cette publication de l&rsquo;IRCICA est une biographie et bibliographie couvrant les ouvrages d&rsquo;astrologie \u00e9crits dans le monde musulman pendant la p\u00e9riode ottomane (15e-d\u00e9but 20e si\u00e8cles). Il s\u2019agit du huiti\u00e8me domaine scientifique trait\u00e9 dans la s\u00e9rie de l\u2019IRCICA sur l\u2019histoire de la litt\u00e9rature scientifique ottomane. Le livre contient \u00e9galement un suppl\u00e9ment au premier volume de la s\u00e9rie se rapportant \u00e0 l&rsquo;astronomie, ainsi que des informations suppl\u00e9mentaires relatives aux autres volumes concernant la litt\u00e9rature des sciences math\u00e9matiques, de la g\u00e9ographie, la musique, les arts militaires, les sciences naturelles et appliqu\u00e9es et les sciences m\u00e9dicales. L&rsquo;introduction d&rsquo;Ekmeleddin \u0130hsano\u011flu r\u00e9capitule les conclusions g\u00e9n\u00e9rales et les exp\u00e9riences des vingt-cinq ann\u00e9es de travail men\u00e9es pour pr\u00e9parer et publier les volumes. Il passe \u00e9galement en revue les principales tendances de l&rsquo;histoire de l&rsquo;astrologie dans le monde musulman en faisant allusion \u00e0 sa perception et \u00e0 sa pratique \u00e0 diff\u00e9rentes \u00e9poques et d\u00e9crit les principaux types d&rsquo;ouvrages qui composent le corpus de la litt\u00e9rature d\u2019astrologie ottomane<strong>. <\/strong><\/p>\n","protected":false},"excerpt":{"rendered":"<p>2 volumes<br \/>\nPr\u00e9par\u00e9 par Ekmeleddin \u0130hsano\u011flu, Ramazan \u015ee\u015fen, M. Serdar Bekar, G\u00fclcan G\u00fcnd\u00fcz, Veysel Bulut<br \/>\nEdit\u00e9 par Ekmeleddin \u0130hsano\u011flu<br \/>\nIstanbul, 2011 (en turc avec avant-propos et pr\u00e9face en anglais)<\/p>\n","protected":false},"featured_media":25552,"template":"","meta":{"_acf_changed":false,"_mi_skip_tracking":false},"product_cat":[185],"product_tag":[],"class_list":{"0":"post-25559","1":"product","2":"type-product","3":"status-publish","4":"has-post-thumbnail","6":"product_cat-histoire-des-sciences","8":"first","9":"instock","10":"shipping-taxable","11":"product-type-simple"},"acf":[],"aioseo_notices":[],"_links":{"self":[{"href":"https:\/\/www.ircica.org\/fr\/wp-json\/wp\/v2\/product\/25559","targetHints":{"allow":["GET"]}}],"collection":[{"href":"https:\/\/www.ircica.org\/fr\/wp-json\/wp\/v2\/product"}],"about":[{"href":"https:\/\/www.ircica.org\/fr\/wp-json\/wp\/v2\/types\/product"}],"wp:featuredmedia":[{"embeddable":true,"href":"https:\/\/www.ircica.org\/fr\/wp-json\/wp\/v2\/media\/25552"}],"wp:attachment":[{"href":"https:\/\/www.ircica.org\/fr\/wp-json\/wp\/v2\/media?parent=25559"}],"wp:term":[{"taxonomy":"product_cat","embeddable":true,"href":"https:\/\/www.ircica.org\/fr\/wp-json\/wp\/v2\/product_cat?post=25559"},{"taxonomy":"product_tag","embeddable":true,"href":"https:\/\/www.ircica.org\/fr\/wp-json\/wp\/v2\/product_tag?post=25559"}],"curies":[{"name":"wp","href":"https:\/\/api.w.org\/{rel}","templated":true}]}}