{"id":25574,"date":"2000-12-18T00:00:00","date_gmt":"2000-12-17T22:00:00","guid":{"rendered":"https:\/\/www.ircica.org\/publications\/non%20class\u00e9\/osmanli-cografya-literaturu-tarihi-history-of-geographical-literature-during-the-ottoman-period"},"modified":"2024-08-26T11:09:29","modified_gmt":"2024-08-26T08:09:29","slug":"osmanli-cografya-literaturu-tarihi-history-of-geographical-literature-during-the-ottoman-period","status":"publish","type":"product","link":"https:\/\/www.ircica.org\/fr\/publications\/histoire-des-sciences\/histoire-de-la-litterature-geographique-pendant-la-periode-ottomane","title":{"rendered":"Histoire de la litt\u00e9rature g\u00e9ographique pendant la p\u00e9riode ottomane"},"content":{"rendered":"<p>Cet ouvrage de deux volumes est la troisi\u00e8me publication dans la s\u00e9rie de l\u2019IRCICA intitul\u00e9e \u201cHistoire de la litt\u00e9rature scientifique ottomane\u201d. Il suit la m\u00eame m\u00e9thodologie. Il contient des rubriques pour 1629 ouvrages imprim\u00e9s et manuscrits produits dans le monde musulman pendant la p\u00e9riode ottomane, sur des sujets scientifiques li\u00e9s \u00e0 la g\u00e9ographie, \u00e0 la cosmographie et \u00e0 la cartographie. Les r\u00e9sultats de cette \u00e9tude approfondie indiquent les progr\u00e8s r\u00e9alis\u00e9s dans le cadre des sciences g\u00e9ographiques de l\u2019Occident et de l\u2019Orient tout au long de la p\u00e9riode ottomane. Cela a continu\u00e9 jusqu&rsquo;\u00e0 ce que les sciences g\u00e9ographiques occidentales deviennent dominantes au 19e si\u00e8cle, suite \u00e0 la cr\u00e9ation d&rsquo;universit\u00e9s dot\u00e9es de d\u00e9partements de g\u00e9ographie. Le principal centre des \u00e9tudes g\u00e9ographiques \u00e9tait Istanbul.<\/p>\n","protected":false},"excerpt":{"rendered":"<p>2 volumes<br \/>\nPr\u00e9par\u00e9 par Ekmeleddin \u0130hsano\u011flu, Ramazan \u015ee\u015fen, M. Serdar Bekar, G\u00fclcan G\u00fcnd\u00fcz, A. Hamdi Furat,<br \/>\nEdit\u00e9 par Ekmeleddin \u0130hsano\u011flu,<br \/>\nIstanbul, 2000 (en turc)<\/p>\n","protected":false},"featured_media":25567,"template":"","meta":{"_acf_changed":false,"_mi_skip_tracking":false},"product_cat":[185],"product_tag":[],"class_list":{"0":"post-25574","1":"product","2":"type-product","3":"status-publish","4":"has-post-thumbnail","6":"product_cat-histoire-des-sciences","8":"first","9":"instock","10":"shipping-taxable","11":"product-type-simple"},"acf":[],"aioseo_notices":[],"_links":{"self":[{"href":"https:\/\/www.ircica.org\/fr\/wp-json\/wp\/v2\/product\/25574","targetHints":{"allow":["GET"]}}],"collection":[{"href":"https:\/\/www.ircica.org\/fr\/wp-json\/wp\/v2\/product"}],"about":[{"href":"https:\/\/www.ircica.org\/fr\/wp-json\/wp\/v2\/types\/product"}],"wp:featuredmedia":[{"embeddable":true,"href":"https:\/\/www.ircica.org\/fr\/wp-json\/wp\/v2\/media\/25567"}],"wp:attachment":[{"href":"https:\/\/www.ircica.org\/fr\/wp-json\/wp\/v2\/media?parent=25574"}],"wp:term":[{"taxonomy":"product_cat","embeddable":true,"href":"https:\/\/www.ircica.org\/fr\/wp-json\/wp\/v2\/product_cat?post=25574"},{"taxonomy":"product_tag","embeddable":true,"href":"https:\/\/www.ircica.org\/fr\/wp-json\/wp\/v2\/product_tag?post=25574"}],"curies":[{"name":"wp","href":"https:\/\/api.w.org\/{rel}","templated":true}]}}