{"id":25589,"date":"2004-12-18T00:00:00","date_gmt":"2004-12-17T22:00:00","guid":{"rendered":"https:\/\/www.ircica.org\/publications\/non%20class\u00e9\/osmanli-askerlik-literaturu-tarihi-history-of-military-art-and-science-literature-during-the-ottoman-period"},"modified":"2024-08-26T11:23:47","modified_gmt":"2024-08-26T08:23:47","slug":"osmanli-askerlik-literaturu-tarihi-history-of-military-art-and-science-literature-during-the-ottoman-period","status":"publish","type":"product","link":"https:\/\/www.ircica.org\/fr\/publications\/histoire-des-sciences\/histoire-de-la-litterature-des-arts-militaires-pendant-la-periode-ottomane","title":{"rendered":"Histoire de la litt\u00e9rature des arts militaires pendant la p\u00e9riode ottomane"},"content":{"rendered":"<p>Cette publication biographique et bibliographique est le cinqui\u00e8me livre de la s\u00e9rie intiul\u00e9e \u201cHistoire de la litt\u00e9rature scientifique ottomane\u201d. Elle couvre la p\u00e9riode allant de 1299 \u00e0 1923 correspondant \u00e0 la p\u00e9riode ottomane. Il contient les auteurs et leurs \u0153uvres, y compris les trait\u00e9s manuscrits, r\u00e9impressions, cartes g\u00e9ographiques, etc., Les \u0153uvres des auteurs connus sont cit\u00e9es en premier, suivies par les \u0153uvres d\u2019auteurs anonymes ou inconnus. Les ouvrages sont regroup\u00e9s selon les sujets suivants : lois et r\u00e8glements militaires ; litt\u00e9rature militaire; g\u00e9ographie militaire; arts et sciences militaires ; g\u00e9nie militaire; sant\u00e9 et hygi\u00e8ne; balistique; aphorismes de commandants c\u00e9l\u00e8bres ; armes \u00e0 feu; mitrailleuses; r\u00e9servoirs; l&rsquo;infanterie, la cavalerie ; le tir ; les cartes et croquis; aviation-avions-ballons, etc. L&rsquo;objectif principal de ce livre est de pr\u00e9senter des informations sur la litt\u00e9rature des arts et des sciences militaires pendant la p\u00e9riode ottomane pour le b\u00e9n\u00e9fice des lecteurs et des chercheurs, ainsi que de fournir des r\u00e9f\u00e9rences \u00e0 ceux qui effectuent des recherches dans ce domaine et les guider dans leurs \u00e9tudes.<\/p>\n","protected":false},"excerpt":{"rendered":"<p>2 volumes<br \/>\nPr\u00e9par\u00e9 par Ramazan \u015ee\u015fen, Serdar Bekar, G\u00fclcan G\u00fcnd\u00fcz<br \/>\nEdit\u00e9 par Ekmeleddin \u0130hsano\u011flu<br \/>\nIstanbul 2004 (en turc avec pr\u00e9face en anglais)<\/p>\n","protected":false},"featured_media":25582,"template":"","meta":{"_acf_changed":false,"_mi_skip_tracking":false},"product_cat":[185],"product_tag":[],"class_list":{"0":"post-25589","1":"product","2":"type-product","3":"status-publish","4":"has-post-thumbnail","6":"product_cat-histoire-des-sciences","8":"first","9":"instock","10":"shipping-taxable","11":"product-type-simple"},"acf":[],"aioseo_notices":[],"_links":{"self":[{"href":"https:\/\/www.ircica.org\/fr\/wp-json\/wp\/v2\/product\/25589","targetHints":{"allow":["GET"]}}],"collection":[{"href":"https:\/\/www.ircica.org\/fr\/wp-json\/wp\/v2\/product"}],"about":[{"href":"https:\/\/www.ircica.org\/fr\/wp-json\/wp\/v2\/types\/product"}],"wp:featuredmedia":[{"embeddable":true,"href":"https:\/\/www.ircica.org\/fr\/wp-json\/wp\/v2\/media\/25582"}],"wp:attachment":[{"href":"https:\/\/www.ircica.org\/fr\/wp-json\/wp\/v2\/media?parent=25589"}],"wp:term":[{"taxonomy":"product_cat","embeddable":true,"href":"https:\/\/www.ircica.org\/fr\/wp-json\/wp\/v2\/product_cat?post=25589"},{"taxonomy":"product_tag","embeddable":true,"href":"https:\/\/www.ircica.org\/fr\/wp-json\/wp\/v2\/product_tag?post=25589"}],"curies":[{"name":"wp","href":"https:\/\/api.w.org\/{rel}","templated":true}]}}