{"id":25603,"date":"1999-12-18T00:00:00","date_gmt":"1999-12-17T22:00:00","guid":{"rendered":"https:\/\/www.ircica.org\/publications\/non%20class\u00e9\/osmanli-matematik-literaturu-tarihi-history-of-mathematical-literature-during-the-ottoman-period"},"modified":"2024-08-26T11:38:19","modified_gmt":"2024-08-26T08:38:19","slug":"osmanli-matematik-literaturu-tarihi-history-of-mathematical-literature-during-the-ottoman-period","status":"publish","type":"product","link":"https:\/\/www.ircica.org\/fr\/publications\/histoire-des-sciences\/histoire-de-la-litterature-mathematique-pendant-la-periode-ottomane","title":{"rendered":"Histoire de la litt\u00e9rature math\u00e9matique pendant la p\u00e9riode ottomane"},"content":{"rendered":"<p>Ce recueil en deux volumes s\u2019inscrit dans le cadre du programme d\u2019activit\u00e9s de l\u2019IRCICA sur l\u2019histoire des sciences dans le monde musulman, dans sa s\u00e9rie sur l\u2019histoire de la litt\u00e9rature scientifique ottomane. Il enregistre et met en exergue les contributions des math\u00e9maticiens musulmans aux progr\u00e8s des math\u00e9matiques au cours des si\u00e8cles pass\u00e9s. Il contient une introduction, la partie bio-bibliographique principale, et des index.<\/p>\n","protected":false},"excerpt":{"rendered":"<p>2 volumes<br \/>\nPr\u00e9par\u00e9 par Ekmeleddin \u0130hsano\u011flu, Ramazan \u015eesen, Cevat \u0130zgi<br \/>\n\u00c9d. par Ekmeleddin \u0130hsano\u011flu<br \/>\nIstanbul 1999 (en turc avec pr\u00e9face en anglais)<\/p>\n","protected":false},"featured_media":25596,"template":"","meta":{"_acf_changed":false,"_mi_skip_tracking":false},"product_cat":[185],"product_tag":[],"class_list":{"0":"post-25603","1":"product","2":"type-product","3":"status-publish","4":"has-post-thumbnail","6":"product_cat-histoire-des-sciences","8":"first","9":"instock","10":"shipping-taxable","11":"product-type-simple"},"acf":[],"aioseo_notices":[],"_links":{"self":[{"href":"https:\/\/www.ircica.org\/fr\/wp-json\/wp\/v2\/product\/25603","targetHints":{"allow":["GET"]}}],"collection":[{"href":"https:\/\/www.ircica.org\/fr\/wp-json\/wp\/v2\/product"}],"about":[{"href":"https:\/\/www.ircica.org\/fr\/wp-json\/wp\/v2\/types\/product"}],"wp:featuredmedia":[{"embeddable":true,"href":"https:\/\/www.ircica.org\/fr\/wp-json\/wp\/v2\/media\/25596"}],"wp:attachment":[{"href":"https:\/\/www.ircica.org\/fr\/wp-json\/wp\/v2\/media?parent=25603"}],"wp:term":[{"taxonomy":"product_cat","embeddable":true,"href":"https:\/\/www.ircica.org\/fr\/wp-json\/wp\/v2\/product_cat?post=25603"},{"taxonomy":"product_tag","embeddable":true,"href":"https:\/\/www.ircica.org\/fr\/wp-json\/wp\/v2\/product_tag?post=25603"}],"curies":[{"name":"wp","href":"https:\/\/api.w.org\/{rel}","templated":true}]}}