{"id":25690,"date":"2008-12-23T00:00:00","date_gmt":"2008-12-22T22:00:00","guid":{"rendered":"https:\/\/www.ircica.org\/publications\/non%20class\u00e9\/osmanli-tibbi-bilimler-literaturu-tarihi-history-of-the-literature-of-medical-sciences-during-the-ottoman-period"},"modified":"2024-09-02T11:44:32","modified_gmt":"2024-09-02T08:44:32","slug":"osmanli-tibbi-bilimler-literaturu-tarihi-history-of-the-literature-of-medical-sciences-during-the-ottoman-period","status":"publish","type":"product","link":"https:\/\/www.ircica.org\/fr\/publications\/histoire-des-sciences\/histoire-de-la-litterature-des-sciences-medicales-a-lepoque-ottomane","title":{"rendered":"Histoire de la litt\u00e9rature des sciences m\u00e9dicales \u00e0 l&rsquo;\u00e9poque ottomane"},"content":{"rendered":"<p>Il s\u2019agit du quinzi\u00e8me livre dans la s\u00e9rie des bio-bibliographies de l\u2019IRCICA sur l\u2019histoire de la litt\u00e9rature scientifique de la p\u00e9riode ottomane. Le corps principal du livre r\u00e9pertorie les ouvrages m\u00e9dicaux par ordre chronologique sous les noms et biographies de leurs auteurs. Les livres dont les auteurs et\/ou traducteurs ne sont pas connus sont r\u00e9pertori\u00e9s dans la derni\u00e8re section. Les trois premiers volumes de cet ensemble comportent \u00e0 la fin des illustrations, telles que des images de manuscrits, des photographies de b\u00e2timents hospitaliers, de laboratoires, etc., et le quatri\u00e8me volume se termine par des index des noms de personnes, de titres de livres, de noms de lieux, d&rsquo;institutions, de copistes, et des lieux mentionn\u00e9s dans les colophons. Le livre couvre 5607 trait\u00e9s et articles sur la m\u00e9decine, la dentisterie, la pharmacologie et les sciences v\u00e9t\u00e9rinaires r\u00e9dig\u00e9s par 1430 auteurs. Cette publication ajoute une quantit\u00e9 consid\u00e9rable d\u2019informations aux donn\u00e9es qui \u00e9taient disponibles sur la litt\u00e9rature m\u00e9dicale dans le monde musulman.<\/p>\n","protected":false},"excerpt":{"rendered":"<p>Ensemble de 4 volumes<br \/>\nPr\u00e9par\u00e9 par Ekmeleddin \u0130hsano\u011flu, Ramazan \u015ee\u015fen, M. Serdar Bekar G\u00fclcan G\u00fcnd\u00fcz, Veysel Bulut<br \/>\nEdit\u00e9 par Ekmeleddin \u0130hsano\u011flu<br \/>\nIstanbul, 2008 (en turc avec introduction en anglais)<\/p>\n","protected":false},"featured_media":25675,"template":"","meta":{"_acf_changed":false,"_mi_skip_tracking":false},"product_cat":[185],"product_tag":[],"class_list":{"0":"post-25690","1":"product","2":"type-product","3":"status-publish","4":"has-post-thumbnail","6":"product_cat-histoire-des-sciences","8":"first","9":"instock","10":"shipping-taxable","11":"product-type-simple"},"acf":[],"aioseo_notices":[],"_links":{"self":[{"href":"https:\/\/www.ircica.org\/fr\/wp-json\/wp\/v2\/product\/25690","targetHints":{"allow":["GET"]}}],"collection":[{"href":"https:\/\/www.ircica.org\/fr\/wp-json\/wp\/v2\/product"}],"about":[{"href":"https:\/\/www.ircica.org\/fr\/wp-json\/wp\/v2\/types\/product"}],"wp:featuredmedia":[{"embeddable":true,"href":"https:\/\/www.ircica.org\/fr\/wp-json\/wp\/v2\/media\/25675"}],"wp:attachment":[{"href":"https:\/\/www.ircica.org\/fr\/wp-json\/wp\/v2\/media?parent=25690"}],"wp:term":[{"taxonomy":"product_cat","embeddable":true,"href":"https:\/\/www.ircica.org\/fr\/wp-json\/wp\/v2\/product_cat?post=25690"},{"taxonomy":"product_tag","embeddable":true,"href":"https:\/\/www.ircica.org\/fr\/wp-json\/wp\/v2\/product_tag?post=25690"}],"curies":[{"name":"wp","href":"https:\/\/api.w.org\/{rel}","templated":true}]}}