{"id":25703,"date":"2003-12-18T00:00:00","date_gmt":"2003-12-17T22:00:00","guid":{"rendered":"https:\/\/www.ircica.org\/publications\/non%20class\u00e9\/osmanli-musiki-literaturu-tarihi-history-of-music-literature-during-the-ottoman-period"},"modified":"2024-09-02T12:11:04","modified_gmt":"2024-09-02T09:11:04","slug":"osmanli-musiki-literaturu-tarihi-history-of-music-literature-during-the-ottoman-period","status":"publish","type":"product","link":"https:\/\/www.ircica.org\/fr\/publications\/histoire-des-sciences\/histoire-de-la-litterature-sur-la-musique-a-lepoque-ottomane","title":{"rendered":"Histoire de la litt\u00e9rature sur la musique \u00e0 l&rsquo;\u00e9poque ottomane"},"content":{"rendered":"<p>Cette publication bio-bibliographique couvre les ouvrages scientifiques relatifs \u00e0 la musique, dans le cadre de la s\u00e9rie \u201cHistoire de la litt\u00e9rature scientifique ottomane\u201d pr\u00e9par\u00e9e et publi\u00e9e par l\u2019IRCICA dans le cadre d&rsquo;un programme de recherche \u00e0 long terme qui s&rsquo;\u00e9tait \u00e9tal\u00e9 du milieu des ann\u00e9es 1990 jusqu&rsquo;en 2011. Elle comprend une introduction, des chapitres sur les auteurs et leurs \u0153uvres, des listes d&rsquo;\u0153uvres d&rsquo;auteurs inconnus, et des index. Environ 1000 ouvrages, trait\u00e9s, et articles manuscrits et imprim\u00e9s, \u00e9crits par 206 auteurs, sont cit\u00e9s par ordre chronologique, avec des explications.<\/p>\n","protected":false},"excerpt":{"rendered":"<p>Pr\u00e9par\u00e9 par Ekmeleddin \u0130hsano\u011flu, Ramazan \u015ee\u015fen, Serdar Bekar et G\u00fclcan G\u00fcnd\u00fcz<br \/>\nIstanbul, 2003 (en turc<br \/>\nISBN 92-9063-118-X<\/p>\n","protected":false},"featured_media":25700,"template":"","meta":{"_acf_changed":false,"_mi_skip_tracking":false},"product_cat":[185],"product_tag":[],"class_list":{"0":"post-25703","1":"product","2":"type-product","3":"status-publish","4":"has-post-thumbnail","6":"product_cat-histoire-des-sciences","8":"first","9":"instock","10":"shipping-taxable","11":"product-type-simple"},"acf":[],"aioseo_notices":[],"_links":{"self":[{"href":"https:\/\/www.ircica.org\/fr\/wp-json\/wp\/v2\/product\/25703","targetHints":{"allow":["GET"]}}],"collection":[{"href":"https:\/\/www.ircica.org\/fr\/wp-json\/wp\/v2\/product"}],"about":[{"href":"https:\/\/www.ircica.org\/fr\/wp-json\/wp\/v2\/types\/product"}],"wp:featuredmedia":[{"embeddable":true,"href":"https:\/\/www.ircica.org\/fr\/wp-json\/wp\/v2\/media\/25700"}],"wp:attachment":[{"href":"https:\/\/www.ircica.org\/fr\/wp-json\/wp\/v2\/media?parent=25703"}],"wp:term":[{"taxonomy":"product_cat","embeddable":true,"href":"https:\/\/www.ircica.org\/fr\/wp-json\/wp\/v2\/product_cat?post=25703"},{"taxonomy":"product_tag","embeddable":true,"href":"https:\/\/www.ircica.org\/fr\/wp-json\/wp\/v2\/product_tag?post=25703"}],"curies":[{"name":"wp","href":"https:\/\/api.w.org\/{rel}","templated":true}]}}