{"id":25715,"date":"2006-06-14T00:00:00","date_gmt":"2006-06-13T21:00:00","guid":{"rendered":"https:\/\/www.ircica.org\/publications\/non%20class\u00e9\/osmanli-tabii-ve-tatbiki-bilimler-literaturu-tarihi-history-of-the-literature-of-natural-and-applied-sciences-during-the-ottoman-period"},"modified":"2024-09-02T12:20:38","modified_gmt":"2024-09-02T09:20:38","slug":"osmanli-tabii-ve-tatbiki-bilimler-literaturu-tarihi-history-of-the-literature-of-natural-and-applied-sciences-during-the-ottoman-period","status":"publish","type":"product","link":"https:\/\/www.ircica.org\/fr\/publications\/histoire-des-sciences\/histoire-de-la-litterature-des-sciences-naturelles-et-appliquees-pendant-la-periode-ottomane","title":{"rendered":"Histoire de la litt\u00e9rature des sciences naturelles et appliqu\u00e9es pendant la p\u00e9riode ottomane"},"content":{"rendered":"<p>Ce sixi\u00e8me ouvrage, consistant en deux volumes patus dans la s\u00e9rie de l\u2019IRCICA intitul\u00e9e \u201cHistoire de la litt\u00e9rature scientifique ottomane\u201d, donne des informations bibliographiques sur les ouvrages\u2013 livres, trait\u00e9s, articles, rapports, documents juridiques, etc. \u2013 qui avaient \u00e9t\u00e9 produits dans les domaines des sciences naturelles et appliqu\u00e9es pendant la p\u00e9riode ottomane. (1299-1923) sur la zone g\u00e9ographique couverte par l&rsquo;\u00c9tat ottoman, ainsi que des informations biographiques sur leur auteur. Les sciences couvertes dans le livre sont : la physique, la chimie, la m\u00e9t\u00e9orologie, la botanique, la zoologie, la g\u00e9ologie, l&rsquo;ing\u00e9nierie, l&rsquo;agriculture, l&rsquo;\u00e9levage, la foresterie, la construction, la gastronomie, les pierres pr\u00e9cieuses.<\/p>\n","protected":false},"excerpt":{"rendered":"<p>2 volumes<br \/>\nPr\u00e9par\u00e9 par Ekmeleddin \u0130hsano\u011flu, Ramazan \u015ee\u015fen, M. Serdar Bek\u00e2r, G\u00fclcan G\u00fcnd\u00fcz, Veysel Bulut<br \/>\nIstanbul, 2006 (en turc avec pr\u00e9face en anglais)<br \/>\nISBN 929063149x (ensemble)<\/p>\n","protected":false},"featured_media":25708,"template":"","meta":{"_acf_changed":false,"_mi_skip_tracking":false},"product_cat":[185],"product_tag":[],"class_list":{"0":"post-25715","1":"product","2":"type-product","3":"status-publish","4":"has-post-thumbnail","6":"product_cat-histoire-des-sciences","8":"first","9":"instock","10":"shipping-taxable","11":"product-type-simple"},"acf":[],"aioseo_notices":[],"_links":{"self":[{"href":"https:\/\/www.ircica.org\/fr\/wp-json\/wp\/v2\/product\/25715","targetHints":{"allow":["GET"]}}],"collection":[{"href":"https:\/\/www.ircica.org\/fr\/wp-json\/wp\/v2\/product"}],"about":[{"href":"https:\/\/www.ircica.org\/fr\/wp-json\/wp\/v2\/types\/product"}],"wp:featuredmedia":[{"embeddable":true,"href":"https:\/\/www.ircica.org\/fr\/wp-json\/wp\/v2\/media\/25708"}],"wp:attachment":[{"href":"https:\/\/www.ircica.org\/fr\/wp-json\/wp\/v2\/media?parent=25715"}],"wp:term":[{"taxonomy":"product_cat","embeddable":true,"href":"https:\/\/www.ircica.org\/fr\/wp-json\/wp\/v2\/product_cat?post=25715"},{"taxonomy":"product_tag","embeddable":true,"href":"https:\/\/www.ircica.org\/fr\/wp-json\/wp\/v2\/product_tag?post=25715"}],"curies":[{"name":"wp","href":"https:\/\/api.w.org\/{rel}","templated":true}]}}