{"id":25724,"date":"2011-12-30T00:00:00","date_gmt":"2011-12-29T22:00:00","guid":{"rendered":"https:\/\/www.ircica.org\/publications\/non%20class\u00e9\/osmanli-bilim-literaturu-tarihi-genel-indeksi-history-of-ottoman-scientific-literature-cumulative-index"},"modified":"2024-09-02T12:30:42","modified_gmt":"2024-09-02T09:30:42","slug":"osmanli-bilim-literaturu-tarihi-genel-indeksi-history-of-ottoman-scientific-literature-cumulative-index","status":"publish","type":"product","link":"https:\/\/www.ircica.org\/fr\/publications\/histoire-des-sciences\/index-cumulatif-de-la-litterature-scientifique-ottomane","title":{"rendered":"Index cumulatif de la litt\u00e9rature scientifique ottomane"},"content":{"rendered":"<p>La s\u00e9rie sur l\u2019Histoire de la litt\u00e9rature scientifique ottomane de l\u2019IRCICA s\u2019est achev\u00e9e par l\u2019Index g\u00e9n\u00e9ral. Ce dernier volume contient les index des auteurs et des ouvrages mentionn\u00e9s dans les volumes pr\u00e9c\u00e9dents de biobibliographies consacr\u00e9s \u00e0 la litt\u00e9rature scientifique publi\u00e9e dans diverses branches des sciences tout au long de la p\u00e9riode ottomane et dans toute la g\u00e9ographie ottomane. L&rsquo;index est compos\u00e9 de trois parties : les noms des auteurs\/traducteurs, les noms des livres en \u00e9criture latine et les noms des livres en \u00e9criture arabe. Le projet a \u00e9t\u00e9 r\u00e9alis\u00e9 sous la direction \u00e9ditoriale et la supervision du professeur Ekmeleddin \u0130hsano\u011flu, par le D\u00e9partement des bibliographies et des manuscrits de l&rsquo;IRCICA.<\/p>\n","protected":false},"excerpt":{"rendered":"<p>Pr\u00e9par\u00e9 par Ekmeleddin \u0130hsano\u011flu, Ramazan \u015ee\u015fen, M. Serdar Bekar, G\u00fclcan G\u00fcnd\u00fcz, Veysel Bulut<br \/>\nEdit\u00e9 par Ekmeleddin \u0130hsano\u011flu<br \/>\nIstanbul, 2011 (en turc avec introduction en anglais)<\/p>\n","protected":false},"featured_media":25721,"template":"","meta":{"_acf_changed":false,"_mi_skip_tracking":false},"product_cat":[185],"product_tag":[],"class_list":{"0":"post-25724","1":"product","2":"type-product","3":"status-publish","4":"has-post-thumbnail","6":"product_cat-histoire-des-sciences","8":"first","9":"instock","10":"shipping-taxable","11":"product-type-simple"},"acf":[],"aioseo_notices":[],"_links":{"self":[{"href":"https:\/\/www.ircica.org\/fr\/wp-json\/wp\/v2\/product\/25724","targetHints":{"allow":["GET"]}}],"collection":[{"href":"https:\/\/www.ircica.org\/fr\/wp-json\/wp\/v2\/product"}],"about":[{"href":"https:\/\/www.ircica.org\/fr\/wp-json\/wp\/v2\/types\/product"}],"wp:featuredmedia":[{"embeddable":true,"href":"https:\/\/www.ircica.org\/fr\/wp-json\/wp\/v2\/media\/25721"}],"wp:attachment":[{"href":"https:\/\/www.ircica.org\/fr\/wp-json\/wp\/v2\/media?parent=25724"}],"wp:term":[{"taxonomy":"product_cat","embeddable":true,"href":"https:\/\/www.ircica.org\/fr\/wp-json\/wp\/v2\/product_cat?post=25724"},{"taxonomy":"product_tag","embeddable":true,"href":"https:\/\/www.ircica.org\/fr\/wp-json\/wp\/v2\/product_tag?post=25724"}],"curies":[{"name":"wp","href":"https:\/\/api.w.org\/{rel}","templated":true}]}}