{"id":25758,"date":"2003-08-18T00:00:00","date_gmt":"2003-08-17T21:00:00","guid":{"rendered":"https:\/\/www.ircica.org\/publications\/non%20class\u00e9\/mathematicians-astronomers-and-other-scholars-of-islamic-civilization-and-their-works-7th-19th-c"},"modified":"2024-09-04T12:42:53","modified_gmt":"2024-09-04T09:42:53","slug":"mathematicians-astronomers-and-other-scholars-of-islamic-civilization-and-their-works-7th-19th-c","status":"publish","type":"product","link":"https:\/\/www.ircica.org\/fr\/publications\/histoire-des-sciences\/les-mathematiciens-astronomes-et-autres-scientifiques-dans-la-civilisation-islamique-et-leurs-travaux-viie-xixe-s","title":{"rendered":"Les math\u00e9maticiens, astronomes et autres scientifiques dans la civilisation islamique et leurs travaux (VIIe-XIXe s.)"},"content":{"rendered":"<p>Le livre contient les noms de 1423 auteurs dont les p\u00e9riodes de vie sont connues et de 288 chercheurs dont les siennes sont inconnues. Le livre vise \u00e0 fournir des informations biobibliographiques sur les math\u00e9maticiens, astronomes, g\u00e9ographes et autres chercheurs qui ont travaill\u00e9 en Asie, en Afrique et en Europe du 7\u00e8me si\u00e8cle au 19\u00e8me si\u00e8cle. Chaque document comprend une succincte biographie de l&rsquo;auteur, une liste de ses \u0153uvres et manuscrits, les cotes de la biblioth\u00e8que, des traductions, des commentaires et diff\u00e9rentes \u00e9ditions de chaque ouvrage. En ce qui concerne les manuscrits disparus, le lecteur est renvoy\u00e9 \u00e0 la source qui contient des informations sur eux. Les rubriques contiennent les descriptions des ouvrages de math\u00e9matiques, d&rsquo;astronomie, de m\u00e9canique, de physique, sur la musique, de g\u00e9ographie math\u00e9matique, de m\u00e9t\u00e9orologie, les encyclop\u00e9dies et les ouvrages sur l&rsquo;histoire des sciences. \u00c0 la fin du livre se trouvent deux suppl\u00e9ments class\u00e9s par ordre alphab\u00e9tique. La premi\u00e8re comprend la liste et les informations sur les chercheurs dont les p\u00e9riodes de vie sont inconnues. Le deuxi\u00e8me suppl\u00e9ment contient la liste des manuscrits anonymes situ\u00e9s dans diverses biblioth\u00e8ques du monde entier. Il comporte deux index : le premier contient les noms des auteurs et le second, les titres des ouvrages.<\/p>\n","protected":false},"excerpt":{"rendered":"<p>Pr\u00e9par\u00e9 par Boris A. Rosenfeld, Ekmeleddin \u0130hsano\u011flu<br \/>\n\u00c9d. par Ekmeleddin \u0130hsano\u011flu<br \/>\nIstanbul 2003 (en anglais)<\/p>\n","protected":false},"featured_media":25751,"template":"","meta":{"_acf_changed":false,"_mi_skip_tracking":false},"product_cat":[185],"product_tag":[],"class_list":{"0":"post-25758","1":"product","2":"type-product","3":"status-publish","4":"has-post-thumbnail","6":"product_cat-histoire-des-sciences","8":"first","9":"instock","10":"shipping-taxable","11":"product-type-simple"},"acf":[],"aioseo_notices":[],"_links":{"self":[{"href":"https:\/\/www.ircica.org\/fr\/wp-json\/wp\/v2\/product\/25758","targetHints":{"allow":["GET"]}}],"collection":[{"href":"https:\/\/www.ircica.org\/fr\/wp-json\/wp\/v2\/product"}],"about":[{"href":"https:\/\/www.ircica.org\/fr\/wp-json\/wp\/v2\/types\/product"}],"wp:featuredmedia":[{"embeddable":true,"href":"https:\/\/www.ircica.org\/fr\/wp-json\/wp\/v2\/media\/25751"}],"wp:attachment":[{"href":"https:\/\/www.ircica.org\/fr\/wp-json\/wp\/v2\/media?parent=25758"}],"wp:term":[{"taxonomy":"product_cat","embeddable":true,"href":"https:\/\/www.ircica.org\/fr\/wp-json\/wp\/v2\/product_cat?post=25758"},{"taxonomy":"product_tag","embeddable":true,"href":"https:\/\/www.ircica.org\/fr\/wp-json\/wp\/v2\/product_tag?post=25758"}],"curies":[{"name":"wp","href":"https:\/\/api.w.org\/{rel}","templated":true}]}}