{"id":25769,"date":"2023-12-31T13:10:17","date_gmt":"2023-12-31T10:10:17","guid":{"rendered":"https:\/\/www.ircica.org\/publications\/non%20class\u00e9\/golden-necklaces-on-the-turkic-language"},"modified":"2024-09-04T14:15:24","modified_gmt":"2024-09-04T11:15:24","slug":"golden-necklaces-on-the-turkic-language","status":"publish","type":"product","link":"https:\/\/www.ircica.org\/fr\/publications\/histoire-de-la-civilisation-islamique\/asie\/asie-centrale-et-caucase\/colliers-dor-sur-la-langue-turque","title":{"rendered":"Colliers d&rsquo;or sur la langue turque"},"content":{"rendered":"<p>Ce livre est une \u00e9tude approfondie de l&rsquo;\u0153uvre d&rsquo;Ibn Muhammad Salih intitul\u00e9e al-Shudhur al-Dhahabiya fi-l-Lugha al-Turkiya (Colliers d&rsquo;or sur la langue turque), un manuel en arabe sur la langue turque. Il a \u00e9t\u00e9 compil\u00e9 en \u00c9gypte au d\u00e9but du XVIIe si\u00e8cle (vers 1619). L&rsquo;auteur, Ibn Muhammad Salih, \u00e9tait le professeur du fils du cadi \u00e9gyptien Muhammad al-Husayni al-Jamazi. Il a compil\u00e9 ce manuel pour enseigner \u00e0 son \u00e9l\u00e8ve les bases de la langue turque. Le manuel a \u00e9t\u00e9 largement utilis\u00e9 pendant la p\u00e9riode ottomane, comme en t\u00e9moignent ses exemplaires se trouvant dans les biblioth\u00e8ques du monde. Les auteurs de la pr\u00e9sente \u00e9tude ont utilis\u00e9 cinq de ses exemplaires conserv\u00e9s dans des collections aux \u00c9tats-Unis, en France et en Arabie Saoudite. L&rsquo;\u00e9tude contient le fac-simil\u00e9 de l&rsquo;ouvrage, ses textes originaux, la transcription, la traduction en kazakh et les parties de recherche, compl\u00e9t\u00e9s par une liste des sources primaires et de la litt\u00e9rature secondaire utilis\u00e9es. C&rsquo;est une source d&rsquo;information indispensable pour quiconque s&rsquo;int\u00e9resse \u00e0 l&rsquo;histoire du kazakh, du tatar, du bachkir, du nogay, du karakalpak, du qumiq et d&rsquo;autres langues appartenant au groupe des langues turques Qipchaq. Il est important de faire d\u00e9couvrir ce monument linguistique et culturel aux chercheurs ; cette \u00e9tude analytique instructive le fait d\u2019une mani\u00e8re excellente.<\/p>\n","protected":false},"excerpt":{"rendered":"<p>Dyussenov, B.D., Nazir, H.<br \/>\n\u00e9dit\u00e9 par A.K. Muminov<br \/>\nAstana : Complexe scientifique international \u00ab Astana \u00bb, 2023, 312 p.<br \/>\nen arabe [R\u00e9sum\u00e9 en anglais \u00e0 la fin du livre]<\/p>\n","protected":false},"featured_media":25766,"template":"","meta":{"_acf_changed":false,"_mi_skip_tracking":false},"product_cat":[200],"product_tag":[],"class_list":{"0":"post-25769","1":"product","2":"type-product","3":"status-publish","4":"has-post-thumbnail","6":"product_cat-asie-centrale-et-caucase","8":"first","9":"instock","10":"shipping-taxable","11":"product-type-simple"},"acf":[],"aioseo_notices":[],"_links":{"self":[{"href":"https:\/\/www.ircica.org\/fr\/wp-json\/wp\/v2\/product\/25769","targetHints":{"allow":["GET"]}}],"collection":[{"href":"https:\/\/www.ircica.org\/fr\/wp-json\/wp\/v2\/product"}],"about":[{"href":"https:\/\/www.ircica.org\/fr\/wp-json\/wp\/v2\/types\/product"}],"wp:featuredmedia":[{"embeddable":true,"href":"https:\/\/www.ircica.org\/fr\/wp-json\/wp\/v2\/media\/25766"}],"wp:attachment":[{"href":"https:\/\/www.ircica.org\/fr\/wp-json\/wp\/v2\/media?parent=25769"}],"wp:term":[{"taxonomy":"product_cat","embeddable":true,"href":"https:\/\/www.ircica.org\/fr\/wp-json\/wp\/v2\/product_cat?post=25769"},{"taxonomy":"product_tag","embeddable":true,"href":"https:\/\/www.ircica.org\/fr\/wp-json\/wp\/v2\/product_tag?post=25769"}],"curies":[{"name":"wp","href":"https:\/\/api.w.org\/{rel}","templated":true}]}}