{"id":25784,"date":"2011-03-31T00:00:00","date_gmt":"2011-03-30T21:00:00","guid":{"rendered":"https:\/\/www.ircica.org\/publications\/non%20class\u00e9\/islam-medeniyetinde-bagdat-medinetus-selam-uluslararasi-sempozyum-tebligleri"},"modified":"2024-09-04T16:04:23","modified_gmt":"2024-09-04T13:04:23","slug":"islam-medeniyetinde-bagdat-medinetus-selam-uluslararasi-sempozyum-tebligleri","status":"publish","type":"product","link":"https:\/\/www.ircica.org\/fr\/publications\/histoire-de-la-civilisation-islamique\/asie\/moyen-orient-et-mediterranee\/bagdad-medinat-al-salam-dans-la-civilisation-islamique","title":{"rendered":"Bagdad (Medinat al-Salam) dans la civilisation islamique"},"content":{"rendered":"<p>La Facult\u00e9 de Th\u00e9ologie de l&rsquo;Universit\u00e9 de Marmara et l&rsquo;IRCICA ont collabor\u00e9 pour organiser le symposium international sur \u00ab Bagdad (Medinat al-Salam) dans la civilisation islamique \u00bb, avec la municipalit\u00e9 d&rsquo;\u00dcmraniye (Istanbul) comme sponsor, les 7 et 9 novembre 2008 dans les salles de l&rsquo;Universit\u00e9 de Marmara. Il s&rsquo;agissait d&rsquo;un \u00e9v\u00e9nement acad\u00e9mique de grande \u00e9chelle non limit\u00e9 \u00e0 des p\u00e9riodes ou \u00e0 des sujets sp\u00e9cifiques, couvrant ainsi tous les aspects de Bagdad pendant la p\u00e9riode islamique. Les 74 communications pr\u00e9sent\u00e9es lors du symposium ont \u00e9t\u00e9 publi\u00e9es par le Waqf de la Facult\u00e9 de th\u00e9ologie de l&rsquo;Universit\u00e9 de Marmara. Les articles sont dans leur langue de pr\u00e9sentation (arabe ou turc). Les deux volumes d&rsquo;articles constituent un riche corpus litt\u00e9raire sur l&rsquo;histoire de Bagdad.<\/p>\n<p>Le livre est organis\u00e9 selon les titres de sections suivants: La fondation de Bagdad, Formations politiques et sociales \u00e0 Bagdad, Formations culturelles \u00e0 Bagdad, Invasion mongole et Bagdad, Les non-musulmans \u00e0 Bagdad, La structure \u00e9conomique de Bagdad, Le soufisme \u00e0 Bagdad, Les relations irano-ottomanes et Bagdad, Le Fiqh et la langue arabe \u00e0 Bagdad, L\u2019administration ottomane \u00e0 Bagdad, Les beaux-arts \u00e0 Bagdad, L\u2019architecture \u00e0 Bagdad, Les voyageurs \u00e0 Bagdad, Bagdad \u00e0 l&rsquo;\u00e9poque moderne, La musique \u00e0 Bagdad, Les institutions de Bagdad.<\/p>\n","protected":false},"excerpt":{"rendered":"<p>Symposium international, 7-8-9-novembre 2008<br \/>\npubli\u00e9 par le Waqf de la Facult\u00e9 de l&rsquo;Universit\u00e9 de Marmara de Th\u00e9ologie<br \/>\nIstanbul, mars 2011<br \/>\n2 volumes<\/p>\n","protected":false},"featured_media":25777,"template":"","meta":{"_acf_changed":false,"_mi_skip_tracking":false},"product_cat":[164,362],"product_tag":[],"class_list":{"0":"post-25784","1":"product","2":"type-product","3":"status-publish","4":"has-post-thumbnail","6":"product_cat-histoire-de-la-civilisation-islamique","7":"product_cat-moyen-orient-et-mediterranee","9":"first","10":"outofstock","11":"shipping-taxable","12":"purchasable","13":"product-type-simple"},"acf":[],"aioseo_notices":[],"_links":{"self":[{"href":"https:\/\/www.ircica.org\/fr\/wp-json\/wp\/v2\/product\/25784","targetHints":{"allow":["GET"]}}],"collection":[{"href":"https:\/\/www.ircica.org\/fr\/wp-json\/wp\/v2\/product"}],"about":[{"href":"https:\/\/www.ircica.org\/fr\/wp-json\/wp\/v2\/types\/product"}],"wp:featuredmedia":[{"embeddable":true,"href":"https:\/\/www.ircica.org\/fr\/wp-json\/wp\/v2\/media\/25777"}],"wp:attachment":[{"href":"https:\/\/www.ircica.org\/fr\/wp-json\/wp\/v2\/media?parent=25784"}],"wp:term":[{"taxonomy":"product_cat","embeddable":true,"href":"https:\/\/www.ircica.org\/fr\/wp-json\/wp\/v2\/product_cat?post=25784"},{"taxonomy":"product_tag","embeddable":true,"href":"https:\/\/www.ircica.org\/fr\/wp-json\/wp\/v2\/product_tag?post=25784"}],"curies":[{"name":"wp","href":"https:\/\/api.w.org\/{rel}","templated":true}]}}