{"id":25797,"date":"2005-12-26T00:00:00","date_gmt":"2005-12-25T22:00:00","guid":{"rendered":"https:\/\/www.ircica.org\/publications\/non%20class\u00e9\/%d8%a7%d9%84%d8%a8%d9%86%d9%8a%d8%a9-%d8%a7%d9%84%d8%a7%d9%82%d8%aa%d8%b5%d8%a7%d8%af%d9%8a%d8%a9-%d9%88%d8%a7%d9%84%d8%a7%d8%ac%d8%aa%d9%85%d8%a7%d8%b9%d9%8a%d8%a9-%d9%84%d9%85%d8%af%d9%8a%d9%86"},"modified":"2024-09-04T16:26:44","modified_gmt":"2024-09-04T13:26:44","slug":"%d8%a7%d9%84%d8%a8%d9%86%d9%8a%d8%a9-%d8%a7%d9%84%d8%a7%d9%82%d8%aa%d8%b5%d8%a7%d8%af%d9%8a%d8%a9-%d9%88%d8%a7%d9%84%d8%a7%d8%ac%d8%aa%d9%85%d8%a7%d8%b9%d9%8a%d8%a9-%d9%84%d9%85%d8%af%d9%8a%d9%86","status":"publish","type":"product","link":"https:\/\/www.ircica.org\/fr\/publications\/histoire-de-la-civilisation-islamique\/asie\/moyen-orient-et-mediterranee\/la-structure-economique-et-sociale-de-la-ville-de-damas-au-xviie-siecle","title":{"rendered":"La structure \u00e9conomique et sociale de la ville de Damas au XVIIe si\u00e8cle"},"content":{"rendered":"<p>Les registres fiscaux de l\u2019\u00c9tat ottoman sont de pr\u00e9cieuses sources d\u2019informations sur les structures d\u00e9mographiques des r\u00e9gions et sur la situation financi\u00e8re, sociale et professionnelle de leurs habitants. Dans cet ouvrage publi\u00e9 par l&rsquo;IRCICA, le c\u00e9l\u00e8bre historien de l&rsquo;\u00e9conomie et des finances ottomanes, le professeur Halil Sahillio\u011flu (m. 2012), examine et interpr\u00e8te les donn\u00e9es contenues dans le registre fiscal d&rsquo;\u00e2v\u00e2r\u0131z n\u00b0. 1977 de Damas datant du XVIIe si\u00e8cle, d\u00e9crivant les profils \u00e9conomiques et sociaux de sa population \u00e0 l\u2019\u00e9poque. L&rsquo;imp\u00f4t \u00c2v\u00e2r\u0131z \u00e9tait per\u00e7u sur la base des m\u00e9nages, g\u00e9n\u00e9ralement dans des situations extraordinaires comme en temps de guerre.<\/p>\n<p>Le professeur Halil Sahillio\u011flu a apport\u00e9 d&rsquo;importantes contributions aux connaissances acad\u00e9miques sur l&rsquo;histoire de l&rsquo;administration financi\u00e8re et des politiques mon\u00e9taires de la p\u00e9riode ottomane ; historien perspicace poss\u00e9dant une excellente connaissance de l&rsquo;arabe et du turc ottoman, il \u00e9tait \u00e0 la fois un \u00e9rudit modeste et un enseignant g\u00e9n\u00e9reux. Il a aussi contribu\u00e9 des \u00e9tudes importantes aux divers symposiums de l\u2019IRCICA.<\/p>\n","protected":false},"excerpt":{"rendered":"<p><strong>(d&rsquo;apr\u00e8s le registre d\u2019Av\u00e2r\u0131z nr. 1977)]<br \/>\n<\/strong>Par Halil Sahillio\u011flu<br \/>\nIstanbul, 2005 (en arabe, introduction \u00e9galement en turc)<\/p>\n","protected":false},"featured_media":25790,"template":"","meta":{"_acf_changed":false,"_mi_skip_tracking":false},"product_cat":[164,362],"product_tag":[],"class_list":{"0":"post-25797","1":"product","2":"type-product","3":"status-publish","4":"has-post-thumbnail","6":"product_cat-histoire-de-la-civilisation-islamique","7":"product_cat-moyen-orient-et-mediterranee","9":"first","10":"instock","11":"shipping-taxable","12":"product-type-simple"},"acf":[],"aioseo_notices":[],"_links":{"self":[{"href":"https:\/\/www.ircica.org\/fr\/wp-json\/wp\/v2\/product\/25797","targetHints":{"allow":["GET"]}}],"collection":[{"href":"https:\/\/www.ircica.org\/fr\/wp-json\/wp\/v2\/product"}],"about":[{"href":"https:\/\/www.ircica.org\/fr\/wp-json\/wp\/v2\/types\/product"}],"wp:featuredmedia":[{"embeddable":true,"href":"https:\/\/www.ircica.org\/fr\/wp-json\/wp\/v2\/media\/25790"}],"wp:attachment":[{"href":"https:\/\/www.ircica.org\/fr\/wp-json\/wp\/v2\/media?parent=25797"}],"wp:term":[{"taxonomy":"product_cat","embeddable":true,"href":"https:\/\/www.ircica.org\/fr\/wp-json\/wp\/v2\/product_cat?post=25797"},{"taxonomy":"product_tag","embeddable":true,"href":"https:\/\/www.ircica.org\/fr\/wp-json\/wp\/v2\/product_tag?post=25797"}],"curies":[{"name":"wp","href":"https:\/\/api.w.org\/{rel}","templated":true}]}}