{"id":25813,"date":"2010-12-30T00:00:00","date_gmt":"2010-12-29T22:00:00","guid":{"rendered":"https:\/\/www.ircica.org\/publications\/non%20class\u00e9\/proceedings-of-the-international-conference-islamic-civilization-in-central-asia-astana-4-7-september-2007"},"modified":"2024-09-04T16:54:01","modified_gmt":"2024-09-04T13:54:01","slug":"proceedings-of-the-international-conference-islamic-civilization-in-central-asia-astana-4-7-september-2007","status":"publish","type":"product","link":"https:\/\/www.ircica.org\/fr\/publications\/histoire-de-la-civilisation-islamique\/asie\/asie-centrale-et-caucase\/actes-de-la-conference-internationale-civilisation-islamique-en-asie-centrale","title":{"rendered":"Actes de la Conf\u00e9rence internationale : Civilisation islamique en Asie centrale"},"content":{"rendered":"<p>Cet ouvrage a r\u00e9sult\u00e9 de la conf\u00e9rence organis\u00e9e par l\u2019Institut R.B. Suleimenov d\u2019\u00e9tudes orientales du minist\u00e8re de l\u2019\u00c9ducation et des sciences du Kazakhstan et l\u2019IRCICA. L\u2019Asie centrale est l\u2019une des r\u00e9gions o\u00f9 l\u2019Islam s\u2019est r\u00e9pandu le plus t\u00f4t, \u00e0 partir du milieu du VIIe si\u00e8cle, et o\u00f9 il a interagi de mani\u00e8re productive avec les cultures locales. En cons\u00e9quence, la r\u00e9gion est marqu\u00e9e par une structure multiconfessionnelle qui a produit des intellectuels, des philosophes et des artistes d&rsquo;horizons culturels vari\u00e9s. Dans ce cadre, la culture islamique qui s&rsquo;est \u00e9panouie ici a donn\u00e9 naissance \u00e0 d&rsquo;\u00e9minents th\u00e9ologiens et juristes, philosophes, astronomes et math\u00e9maticiens. Certains des principaux centres de civilisation se sont d\u00e9velopp\u00e9s dans les villes d\u2019Asie centrale. Ces aspects, ainsi que d&rsquo;autres aspects multiples de l&rsquo;histoire culturelle islamique d&rsquo;Asie centrale, ont \u00e9t\u00e9 abord\u00e9s par les participants \u00e0 la conf\u00e9rence sur la civilisation islamique en Asie centrale qui s&rsquo;est tenue \u00e0 Astana, au Kazakhstan, en septembre 2010. Le pr\u00e9sent livre en deux volumes enregistre cette contribution au profit de la communaut\u00e9 acad\u00e9mique mondiale. Le premier volume contient 31 articles pr\u00e9sent\u00e9s en anglais et le second, 38 articles en russe ou en kazakh.<\/p>\n","protected":false},"excerpt":{"rendered":"<p>Astana, 4-7 septembre 2007<br \/>\n2 volumes<br \/>\nIstanbul, 2010 (en anglais, russe et kazakh)<\/p>\n","protected":false},"featured_media":25810,"template":"","meta":{"_acf_changed":false,"_mi_skip_tracking":false},"product_cat":[200],"product_tag":[],"class_list":{"0":"post-25813","1":"product","2":"type-product","3":"status-publish","4":"has-post-thumbnail","6":"product_cat-asie-centrale-et-caucase","8":"first","9":"instock","10":"shipping-taxable","11":"product-type-simple"},"acf":[],"aioseo_notices":[],"_links":{"self":[{"href":"https:\/\/www.ircica.org\/fr\/wp-json\/wp\/v2\/product\/25813","targetHints":{"allow":["GET"]}}],"collection":[{"href":"https:\/\/www.ircica.org\/fr\/wp-json\/wp\/v2\/product"}],"about":[{"href":"https:\/\/www.ircica.org\/fr\/wp-json\/wp\/v2\/types\/product"}],"wp:featuredmedia":[{"embeddable":true,"href":"https:\/\/www.ircica.org\/fr\/wp-json\/wp\/v2\/media\/25810"}],"wp:attachment":[{"href":"https:\/\/www.ircica.org\/fr\/wp-json\/wp\/v2\/media?parent=25813"}],"wp:term":[{"taxonomy":"product_cat","embeddable":true,"href":"https:\/\/www.ircica.org\/fr\/wp-json\/wp\/v2\/product_cat?post=25813"},{"taxonomy":"product_tag","embeddable":true,"href":"https:\/\/www.ircica.org\/fr\/wp-json\/wp\/v2\/product_tag?post=25813"}],"curies":[{"name":"wp","href":"https:\/\/api.w.org\/{rel}","templated":true}]}}