{"id":25869,"date":"2003-12-31T00:00:00","date_gmt":"2003-12-30T22:00:00","guid":{"rendered":"https:\/\/www.ircica.org\/publications\/non%20class\u00e9\/lenseignement-islamique-en-afrique-francophone-les-medersas-de-la-republique-du-mali"},"modified":"2024-09-10T12:17:40","modified_gmt":"2024-09-10T09:17:40","slug":"lenseignement-islamique-en-afrique-francophone-les-medersas-de-la-republique-du-mali","status":"publish","type":"product","link":"https:\/\/www.ircica.org\/fr\/publications\/histoire-de-la-civilisation-islamique\/afrique\/lenseignement-islamique-en-afrique-francophone-les-medersas-de-la-republique-du-mali","title":{"rendered":"L\u2019Enseignement islamique en Afrique francophone : Les m\u00e9dersas de la R\u00e9publique du Mali"},"content":{"rendered":"<p>Cette publication met en lumi\u00e8re l&rsquo;\u00e9volution de l&rsquo;\u00e9ducation moderne arabo-islamique en Afrique francophone, les medreses de la R\u00e9publique du Mali, leur r\u00f4le scientifique, leur mode de fonctionnement et leurs programmes. Le Mali fait partie des pays qui ont jou\u00e9 un r\u00f4le majeur dans la transmission et la diffusion du savoir et de la culture islamique en Afrique. Cet ouvrage du Dr Ahmet Kavas, sp\u00e9cialiste de l&rsquo;histoire de la culture en Afrique, notamment en Afrique de l&rsquo;Ouest, \u00e9tait \u00e0 l&rsquo;origine la th\u00e8se de doctorat de l&rsquo;auteur approuv\u00e9e \u00e0 l&rsquo;Universit\u00e9 Paris 7. Le Dr Kavas a men\u00e9 des recherches dans les archives du Mali et de ses environs pour r\u00e9aliser cet ouvrage. C\u2019est une source sur l&rsquo;\u00e9volution des modes d&rsquo;\u00e9ducation au Mali au cours du 19<sup>e<\/sup> si\u00e8cle, o\u00f9 la rencontre de la tradition et de la modernit\u00e9 est souvent \u00e9voqu\u00e9e.<\/p>\n","protected":false},"excerpt":{"rendered":"<p>Par Ahmet Kavas<br \/>\nIstanbul, 2003 (en fran\u00e7ais)<\/p>\n","protected":false},"featured_media":25866,"template":"","meta":{"_acf_changed":false,"_mi_skip_tracking":false},"product_cat":[180],"product_tag":[],"class_list":{"0":"post-25869","1":"product","2":"type-product","3":"status-publish","4":"has-post-thumbnail","6":"product_cat-afrique","8":"first","9":"instock","10":"shipping-taxable","11":"product-type-simple"},"acf":[],"aioseo_notices":[],"_links":{"self":[{"href":"https:\/\/www.ircica.org\/fr\/wp-json\/wp\/v2\/product\/25869","targetHints":{"allow":["GET"]}}],"collection":[{"href":"https:\/\/www.ircica.org\/fr\/wp-json\/wp\/v2\/product"}],"about":[{"href":"https:\/\/www.ircica.org\/fr\/wp-json\/wp\/v2\/types\/product"}],"wp:featuredmedia":[{"embeddable":true,"href":"https:\/\/www.ircica.org\/fr\/wp-json\/wp\/v2\/media\/25866"}],"wp:attachment":[{"href":"https:\/\/www.ircica.org\/fr\/wp-json\/wp\/v2\/media?parent=25869"}],"wp:term":[{"taxonomy":"product_cat","embeddable":true,"href":"https:\/\/www.ircica.org\/fr\/wp-json\/wp\/v2\/product_cat?post=25869"},{"taxonomy":"product_tag","embeddable":true,"href":"https:\/\/www.ircica.org\/fr\/wp-json\/wp\/v2\/product_tag?post=25869"}],"curies":[{"name":"wp","href":"https:\/\/api.w.org\/{rel}","templated":true}]}}