{"id":25919,"date":"2005-11-18T00:00:00","date_gmt":"2005-11-17T22:00:00","guid":{"rendered":"https:\/\/www.ircica.org\/publications\/non%20class\u00e9\/religious-values-and-the-rise-of-science-in-europe"},"modified":"2024-09-12T10:06:10","modified_gmt":"2024-09-12T07:06:10","slug":"religious-values-and-the-rise-of-science-in-europe","status":"publish","type":"product","link":"https:\/\/www.ircica.org\/fr\/publications\/histoire-des-sciences\/valeurs-religieuses-et-essor-de-la-science-en-europe","title":{"rendered":"Valeurs religieuses et essor de la science en Europe"},"content":{"rendered":"<p>Un recueil d&rsquo;articles sur l&rsquo;environnement social et culturel entourant l&rsquo;activit\u00e9 scientifique dans les contextes europ\u00e9ens et islamiques aux XVIe et XVIIe si\u00e8cles et ses effets sur le d\u00e9veloppement de la science moderne. Une attention particuli\u00e8re est port\u00e9e aux effets des valeurs religieuses, analys\u00e9s \u00e0 partir d&rsquo;exemples. Certains articles se concentrent sur les perspectives et la m\u00e9thodologie \u00e0 adopter pour \u00e9valuer la relation entre science et religion dans diff\u00e9rents contextes. La plupart des articles ont \u00e9t\u00e9 pr\u00e9sent\u00e9s lors de l&rsquo;atelier sur le th\u00e8me \u00ab Science et valeurs humaines \u00bb organis\u00e9 par la Fondation europ\u00e9enne de la science en coop\u00e9ration avec l&rsquo;IRCICA et la Soci\u00e9t\u00e9 turque d&rsquo;histoire des sciences, tenu \u00e0 l&rsquo;IRCICA les 6 et 7 octobre 2001. L&rsquo;atelier a \u00e9t\u00e9 co-pr\u00e9sid\u00e9 par le professeur Ekmeleddin \u0130hsano\u011flu et le professeur John Hedley Brooke, qui ont par la suite \u00e9galement coop\u00e9r\u00e9 \u00e0 la pr\u00e9paration de l&rsquo;\u00e9dition pour IRCICA.<\/p>\n","protected":false},"excerpt":{"rendered":"<p>Edit\u00e9 par John Brooke et Ekmeleddin \u0130hsano\u011flu<br \/>\nIRCICA, Istanbul, 2005 (en anglais)<\/p>\n","protected":false},"featured_media":25916,"template":"","meta":{"_acf_changed":false,"_mi_skip_tracking":false},"product_cat":[185],"product_tag":[],"class_list":{"0":"post-25919","1":"product","2":"type-product","3":"status-publish","4":"has-post-thumbnail","6":"product_cat-histoire-des-sciences","8":"first","9":"instock","10":"shipping-taxable","11":"product-type-simple"},"acf":[],"aioseo_notices":[],"_links":{"self":[{"href":"https:\/\/www.ircica.org\/fr\/wp-json\/wp\/v2\/product\/25919","targetHints":{"allow":["GET"]}}],"collection":[{"href":"https:\/\/www.ircica.org\/fr\/wp-json\/wp\/v2\/product"}],"about":[{"href":"https:\/\/www.ircica.org\/fr\/wp-json\/wp\/v2\/types\/product"}],"wp:featuredmedia":[{"embeddable":true,"href":"https:\/\/www.ircica.org\/fr\/wp-json\/wp\/v2\/media\/25916"}],"wp:attachment":[{"href":"https:\/\/www.ircica.org\/fr\/wp-json\/wp\/v2\/media?parent=25919"}],"wp:term":[{"taxonomy":"product_cat","embeddable":true,"href":"https:\/\/www.ircica.org\/fr\/wp-json\/wp\/v2\/product_cat?post=25919"},{"taxonomy":"product_tag","embeddable":true,"href":"https:\/\/www.ircica.org\/fr\/wp-json\/wp\/v2\/product_tag?post=25919"}],"curies":[{"name":"wp","href":"https:\/\/api.w.org\/{rel}","templated":true}]}}