{"id":25928,"date":"2000-12-18T00:00:00","date_gmt":"2000-12-17T22:00:00","guid":{"rendered":"https:\/\/www.ircica.org\/publications\/non%20class\u00e9\/science-in-islamic-civilisation"},"modified":"2024-09-12T10:18:33","modified_gmt":"2024-09-12T07:18:33","slug":"science-in-islamic-civilisation","status":"publish","type":"product","link":"https:\/\/www.ircica.org\/fr\/publications\/histoire-des-sciences\/la-science-dans-la-civilisation-islamique","title":{"rendered":"La science dans la civilisation islamique"},"content":{"rendered":"<p>Le symposium sur \u00ab Les institutions scientifiques dans la civilisation islamique \u00bb avait \u00e9t\u00e9 organis\u00e9 par l&rsquo;IRCICA avec la coop\u00e9ration de la Soci\u00e9t\u00e9 turque d&rsquo;histoire des sciences (TBTK), de l&rsquo;UNESCO et de l&rsquo;Acad\u00e9mie des sciences du tiers monde (TWAS), en 1991. Quant au symposium sur \u00ab La science et la technologie dans le monde turc et islamique \u00bb, il avait \u00e9t\u00e9 organis\u00e9 en 1994 avec la collaboration de la Soci\u00e9t\u00e9 turque d&rsquo;histoire des sciences (TBTK), des universit\u00e9s du Bosphore et de Marmara (Istanbul), d\u2019UNESCO et de l&rsquo;Acad\u00e9mie des sciences d&rsquo;Ouzb\u00e9kistan, \u00e0 l&rsquo;occasion du 600e anniversaire de la naissance d&rsquo;Ulugh Bey et 125e anniversaire de la fondation de l&rsquo;Observatoire de Kandilli (Istanbul). Le livre contient vingt-trois articles de recherche pr\u00e9sent\u00e9s lors de ces symposiums.<\/p>\n","protected":false},"excerpt":{"rendered":"<p><strong>Actes des colloques internationaux \u00ab\u00a0Les institutions scientifiques dans la civilisation islamique\u00a0\u00bb et \u00ab\u00a0La science et la technologie dans le monde turc et islamique\u00a0\u00bb<\/strong><\/p>\n<p>Edit\u00e9 par Ekmeleddin \u0130hsano\u011flu et Feza G\u00fcnergun<br \/>\nIstanbul, 2000 (en anglais)<\/p>\n","protected":false},"featured_media":25925,"template":"","meta":{"_acf_changed":false,"_mi_skip_tracking":false},"product_cat":[185],"product_tag":[],"class_list":{"0":"post-25928","1":"product","2":"type-product","3":"status-publish","4":"has-post-thumbnail","6":"product_cat-histoire-des-sciences","8":"first","9":"instock","10":"shipping-taxable","11":"product-type-simple"},"acf":[],"aioseo_notices":[],"_links":{"self":[{"href":"https:\/\/www.ircica.org\/fr\/wp-json\/wp\/v2\/product\/25928","targetHints":{"allow":["GET"]}}],"collection":[{"href":"https:\/\/www.ircica.org\/fr\/wp-json\/wp\/v2\/product"}],"about":[{"href":"https:\/\/www.ircica.org\/fr\/wp-json\/wp\/v2\/types\/product"}],"wp:featuredmedia":[{"embeddable":true,"href":"https:\/\/www.ircica.org\/fr\/wp-json\/wp\/v2\/media\/25925"}],"wp:attachment":[{"href":"https:\/\/www.ircica.org\/fr\/wp-json\/wp\/v2\/media?parent=25928"}],"wp:term":[{"taxonomy":"product_cat","embeddable":true,"href":"https:\/\/www.ircica.org\/fr\/wp-json\/wp\/v2\/product_cat?post=25928"},{"taxonomy":"product_tag","embeddable":true,"href":"https:\/\/www.ircica.org\/fr\/wp-json\/wp\/v2\/product_tag?post=25928"}],"curies":[{"name":"wp","href":"https:\/\/api.w.org\/{rel}","templated":true}]}}