{"id":25937,"date":"1992-06-15T00:00:00","date_gmt":"1992-06-14T21:00:00","guid":{"rendered":"https:\/\/www.ircica.org\/publications\/non%20class\u00e9\/research-in-islamic-civilisation-outlook-for-the-coming-decade"},"modified":"2024-09-12T10:30:25","modified_gmt":"2024-09-12T07:30:25","slug":"research-in-islamic-civilisation-outlook-for-the-coming-decade","status":"publish","type":"product","link":"https:\/\/www.ircica.org\/fr\/publications\/etudes-sur-le-developpement-culturel\/recherche-sur-la-civilisation-islamique-perspectives-pour-la-decennie-a-venir","title":{"rendered":"Recherche sur la civilisation islamique : perspectives pour la d\u00e9cennie \u00e0 venir"},"content":{"rendered":"<p>Cet ouvrage contient treize \u00e9tudes pr\u00e9sent\u00e9es lors du s\u00e9minaire international sur la \u00ab Recherche sur la civilisation islamique : perspectives pour la d\u00e9cennie \u00e0 venir \u00bb qui s&rsquo;est tenu \u00e0 l&rsquo;IRCICA le 26 -29 septembre 1988. Les \u00e9tudes sont\u00a0 publi\u00e9es dans leur langue originale, \u00e0 savoir l&rsquo;anglais ou l&rsquo;arabe. Un groupe d&rsquo;universitaires et de sp\u00e9cialistes \u00e9minents de divers pays ont particip\u00e9 au s\u00e9minaire. Apr\u00e8s plus de trois d\u00e9cennies, leurs \u00e9valuations sur les probl\u00e8mes et les perspectives de la recherche dans divers domaines de la culture, de l&rsquo;histoire et de la civilisation islamiques ont une grande valeur du point de vue de l\u2019histoire de d\u00e9veloppement des \u00e9tudes dans ces domaines.<\/p>\n","protected":false},"excerpt":{"rendered":"<p>Ed. Ekmeleddin \u0130hsano\u011flu, Ahmed Lajimi, et Zeynep Durukal<br \/>\nIstanbul, 1992<br \/>\n(in anglais et arabe)<\/p>\n","protected":false},"featured_media":25934,"template":"","meta":{"_acf_changed":false,"_mi_skip_tracking":false},"product_cat":[370],"product_tag":[],"class_list":{"0":"post-25937","1":"product","2":"type-product","3":"status-publish","4":"has-post-thumbnail","6":"product_cat-etudes-sur-le-developpement-culturel","8":"first","9":"instock","10":"shipping-taxable","11":"product-type-simple"},"acf":[],"aioseo_notices":[],"_links":{"self":[{"href":"https:\/\/www.ircica.org\/fr\/wp-json\/wp\/v2\/product\/25937","targetHints":{"allow":["GET"]}}],"collection":[{"href":"https:\/\/www.ircica.org\/fr\/wp-json\/wp\/v2\/product"}],"about":[{"href":"https:\/\/www.ircica.org\/fr\/wp-json\/wp\/v2\/types\/product"}],"wp:featuredmedia":[{"embeddable":true,"href":"https:\/\/www.ircica.org\/fr\/wp-json\/wp\/v2\/media\/25934"}],"wp:attachment":[{"href":"https:\/\/www.ircica.org\/fr\/wp-json\/wp\/v2\/media?parent=25937"}],"wp:term":[{"taxonomy":"product_cat","embeddable":true,"href":"https:\/\/www.ircica.org\/fr\/wp-json\/wp\/v2\/product_cat?post=25937"},{"taxonomy":"product_tag","embeddable":true,"href":"https:\/\/www.ircica.org\/fr\/wp-json\/wp\/v2\/product_tag?post=25937"}],"curies":[{"name":"wp","href":"https:\/\/api.w.org\/{rel}","templated":true}]}}