{"id":25944,"date":"2009-01-27T00:00:00","date_gmt":"2009-01-26T22:00:00","guid":{"rendered":"https:\/\/www.ircica.org\/publications\/non%20class\u00e9\/globalisation-and-images-of-the-other-challenges-and-new-perspectives-for-history-teaching-in-europe"},"modified":"2024-09-12T10:39:03","modified_gmt":"2024-09-12T07:39:03","slug":"globalisation-and-images-of-the-other-challenges-and-new-perspectives-for-history-teaching-in-europe","status":"publish","type":"product","link":"https:\/\/www.ircica.org\/fr\/publications\/relations-interculturelles\/mondialisation-et-images-de-lautre-defis-et-nouvelles-perspectives-pour-lenseignement-de-lhistoire-en-europe","title":{"rendered":"Mondialisation et images de l\u2019autre : d\u00e9fis et nouvelles perspectives pour l\u2019enseignement de l\u2019histoire en Europe"},"content":{"rendered":"<p>Dans le cadre du projet du Conseil de l&rsquo;Europe intitul\u00e9 \u00ab L&rsquo;image de l&rsquo;autre dans l&rsquo;enseignement de l&rsquo;histoire \u00bb, le colloque sur la \u00ab Mondialisation et images de l&rsquo;autre : d\u00e9fis et nouvelles perspectives pour l&rsquo;enseignement de l&rsquo;histoire en Europe \u00bb a \u00e9t\u00e9 organis\u00e9 par la Division de l\u2019enseignement de l\u2019histoire du Conseil de l&rsquo;Europe et IRCICA du 30 novembre au 1er d\u00e9cembre 2008 et tenu au Palais Y\u0131ld\u0131z, Istanbul. Avec pr\u00e8s d&rsquo;une centaine de participants, la rencontre s&rsquo;est d\u00e9roul\u00e9e en trois s\u00e9ances parall\u00e8les de groupes de travail et de tables rondes. Les th\u00e8mes des tables rondes, qui ont entendu des communicationsde pays, \u00e9taient \u00ab La mondialisation et le r\u00f4le de l&rsquo;enseignement de l&rsquo;histoire dans un nouveau contexte \u00bb et \u00ab Les innovations p\u00e9dagogiques et strat\u00e9gies de r\u00e9formes en vue de prendre en compte la mondialisation dans l&rsquo;enseignement de l&rsquo;histoire \u00bb. La s\u00e9ance pl\u00e9ni\u00e8re s&rsquo;est pench\u00e9e sur la question de la \u00ab Formation des acteurs de l&rsquo;apprentissage de l&rsquo;histoire \u00bb. Le livre contient quatorze des \u00e9tudes pr\u00e9sent\u00e9es.<\/p>\n","protected":false},"excerpt":{"rendered":"<p><strong>Rapport et pr\u00e9sentations du colloque international organis\u00e9 conjointement par le Conseil de l&rsquo;Europe et l&rsquo;IRCICA, Istanbul, 30 novembre \u2013 1er d\u00e9cembre 2008<br \/>\n<\/strong>Istanbul, 2009<br \/>\n(en anglais et fran\u00e7ais)<\/p>\n","protected":false},"featured_media":25942,"template":"","meta":{"_acf_changed":false,"_mi_skip_tracking":false},"product_cat":[170],"product_tag":[],"class_list":{"0":"post-25944","1":"product","2":"type-product","3":"status-publish","4":"has-post-thumbnail","6":"product_cat-relations-interculturelles","8":"first","9":"instock","10":"shipping-taxable","11":"product-type-simple"},"acf":[],"aioseo_notices":[],"_links":{"self":[{"href":"https:\/\/www.ircica.org\/fr\/wp-json\/wp\/v2\/product\/25944","targetHints":{"allow":["GET"]}}],"collection":[{"href":"https:\/\/www.ircica.org\/fr\/wp-json\/wp\/v2\/product"}],"about":[{"href":"https:\/\/www.ircica.org\/fr\/wp-json\/wp\/v2\/types\/product"}],"wp:featuredmedia":[{"embeddable":true,"href":"https:\/\/www.ircica.org\/fr\/wp-json\/wp\/v2\/media\/25942"}],"wp:attachment":[{"href":"https:\/\/www.ircica.org\/fr\/wp-json\/wp\/v2\/media?parent=25944"}],"wp:term":[{"taxonomy":"product_cat","embeddable":true,"href":"https:\/\/www.ircica.org\/fr\/wp-json\/wp\/v2\/product_cat?post=25944"},{"taxonomy":"product_tag","embeddable":true,"href":"https:\/\/www.ircica.org\/fr\/wp-json\/wp\/v2\/product_tag?post=25944"}],"curies":[{"name":"wp","href":"https:\/\/api.w.org\/{rel}","templated":true}]}}